{"id":946,"date":"2022-12-12T13:36:18","date_gmt":"2022-12-12T13:36:18","guid":{"rendered":"https:\/\/help.unhcr.org\/finland\/where-to-find-help-in-finland\/finding-a-missing-family-member-in-another-country-family-tracing\/"},"modified":"2025-02-13T13:33:05","modified_gmt":"2025-02-13T13:33:05","slug":"finding-a-missing-family-member-in-another-country-family-tracing","status":"publish","type":"page","link":"https:\/\/help.unhcr.org\/finland\/tr\/where-to-find-help-in-finland\/finding-a-missing-family-member-in-another-country-family-tracing\/","title":{"rendered":"Kay\u0131p bir aile \u00fcyesinin ba\u015fka bir \u00fclkede bulunmas\u0131 (aile takibi)"},"content":{"rendered":"\n<p>Finlandiya&#8217;da ikamet ediyorsan\u0131z orta\u011f\u0131m\u0131z <strong>Finlandiya K\u0131z\u0131l Ha\u00e7\u0131<\/strong> ile ileti\u015fime ge\u00e7menizi tavsiye ederiz. Bu kurulu\u015f aile izleme hizmetlerini y\u00fcr\u00fctmektedir. \u0130leti\u015fim bilgilerini a\u015fa\u011f\u0131da bulabilirsiniz:<\/p>\n\n\n\n<div class=\"wp-block-group has-background\" style=\"background-color:#abb7c230\"><div class=\"wp-block-group__inner-container is-layout-flow wp-block-group-is-layout-flow\">\n<h3 class=\"wp-block-heading\"><strong>Finlandiya K\u0131z\u0131l Ha\u00e7\u0131<\/strong><\/h3>\n\n\n\n<ul class=\"wp-block-list\">\n<li><strong>Telefon:<\/strong> ? +358 20 701 2000<\/li>\n\n\n\n<li><strong>E-posta:<\/strong> ? <a href=\"mailto:tracing@redcross.fi\">tracing@redcross.fi<\/a><\/li>\n<\/ul>\n\n\n\n<p><\/p>\n<\/div><\/div>\n\n\n\n<p><a href=\"https:\/\/www.punainenristi.fi\/hae-apua-ja-tukea\/kadonneiden-loytamiseen\/\" target=\"_blank\" rel=\"noreferrer noopener\">Finlandiya K\u0131z\u0131lha\u00e7\u0131 ve Uluslararas\u0131 K\u0131z\u0131lha\u00e7 Komitesi&#8217;nin aile takibiyle ilgili y\u00fcr\u00fctt\u00fc\u011f\u00fc \u00e7al\u0131\u015fmalar hakk\u0131nda daha fazlas\u0131n\u0131 okuyun.<\/a><\/p>\n","protected":false},"excerpt":{"rendered":"<p>Finlandiya&#8217;da ikamet ediyorsan\u0131z orta\u011f\u0131m\u0131z Finlandiya K\u0131z\u0131l Ha\u00e7\u0131 ile ileti\u015fime ge\u00e7menizi tavsiye ederiz. Bu kurulu\u015f aile izleme hizmetlerini y\u00fcr\u00fctmektedir. \u0130leti\u015fim bilgilerini a\u015fa\u011f\u0131da bulabilirsiniz: Finlandiya K\u0131z\u0131l Ha\u00e7\u0131 Finlandiya K\u0131z\u0131lha\u00e7\u0131 ve Uluslararas\u0131 K\u0131z\u0131lha\u00e7 Komitesi&#8217;nin aile takibiyle ilgili y\u00fcr\u00fctt\u00fc\u011f\u00fc \u00e7al\u0131\u015fmalar hakk\u0131nda daha fazlas\u0131n\u0131 okuyun.<\/p>\n","protected":false},"author":310,"featured_media":0,"parent":932,"menu_order":5,"comment_status":"closed","ping_status":"closed","template":"","meta":{"_acf_changed":false,"footnotes":""},"class_list":["post-946","page","type-page","status-publish","hentry"],"acf":[],"_links":{"self":[{"href":"https:\/\/help.unhcr.org\/finland\/tr\/wp-json\/wp\/v2\/pages\/946","targetHints":{"allow":["GET"]}}],"collection":[{"href":"https:\/\/help.unhcr.org\/finland\/tr\/wp-json\/wp\/v2\/pages"}],"about":[{"href":"https:\/\/help.unhcr.org\/finland\/tr\/wp-json\/wp\/v2\/types\/page"}],"author":[{"embeddable":true,"href":"https:\/\/help.unhcr.org\/finland\/tr\/wp-json\/wp\/v2\/users\/310"}],"replies":[{"embeddable":true,"href":"https:\/\/help.unhcr.org\/finland\/tr\/wp-json\/wp\/v2\/comments?post=946"}],"version-history":[{"count":2,"href":"https:\/\/help.unhcr.org\/finland\/tr\/wp-json\/wp\/v2\/pages\/946\/revisions"}],"predecessor-version":[{"id":1154,"href":"https:\/\/help.unhcr.org\/finland\/tr\/wp-json\/wp\/v2\/pages\/946\/revisions\/1154"}],"up":[{"embeddable":true,"href":"https:\/\/help.unhcr.org\/finland\/tr\/wp-json\/wp\/v2\/pages\/932"}],"wp:attachment":[{"href":"https:\/\/help.unhcr.org\/finland\/tr\/wp-json\/wp\/v2\/media?parent=946"}],"curies":[{"name":"wp","href":"https:\/\/api.w.org\/{rel}","templated":true}]}}