{"id":943,"date":"2022-12-12T12:46:04","date_gmt":"2022-12-12T12:46:04","guid":{"rendered":"https:\/\/help.unhcr.org\/finland\/where-to-find-help-in-finland\/information-and-help-on-how-to-protect-from-coronavirus-covid-19\/"},"modified":"2025-02-13T13:32:43","modified_gmt":"2025-02-13T13:32:43","slug":"information-and-help-on-how-to-protect-from-coronavirus-covid-19","status":"publish","type":"page","link":"https:\/\/help.unhcr.org\/finland\/tr\/where-to-find-help-in-finland\/information-and-help-on-how-to-protect-from-coronavirus-covid-19\/","title":{"rendered":"Coronavir\u00fcsten (COVID-19) nas\u0131l korunulaca\u011f\u0131 konusunda bilgi ve yard\u0131m"},"content":{"rendered":"\n<p>S\u0131\u011f\u0131nmac\u0131lar, daha \u00f6nce COVID-19 i\u00e7in test edilmemi\u015f, iyile\u015fmemi\u015f veya a\u015f\u0131lanmam\u0131\u015f olsalar bile Finlandiya&#8217;ya girebileceklerdir.<\/p>\n\n\n\n<p>T\u00fcm Finlandiyal\u0131lar (m\u00fclteciler ve s\u0131\u011f\u0131nmac\u0131lar dahil) Finlandiya&#8217;da COVID-19&#8217;a kar\u015f\u0131 <strong>\u00fccretsiz <\/strong>a\u015f\u0131 yapt\u0131rabilirler. ? <strong>116 117<\/strong> numaral\u0131 telefonu arayarak a\u015f\u0131 randevusu alabilir veya COVID-19 a\u015f\u0131s\u0131 hakk\u0131nda daha fazla bilgi edinebilir veya bulundu\u011funuz belediyedeki en yak\u0131n a\u015f\u0131 noktas\u0131n\u0131 kontrol edebilirsiniz.<\/p>\n\n\n\n<p>Resmi bilgi i\u00e7in <a href=\"https:\/\/thl.fi\/fi\/web\/infektiotaudit-ja-rokotukset\/ajankohtaista\/ajankohtaista-koronaviruksesta-covid-19\/rokotteet-ja-koronavirus\">l\u00fctfen Finlandiya Sa\u011fl\u0131k ve Refah Enstit\u00fcs\u00fc&#8217;n\u00fcn<\/a> <strong>Fince<\/strong>, <strong>\u0130sve\u00e7\u00e7e <\/strong>ve <strong>\u0130ngilizce <\/strong>dillerinde bulunan web sitesine bak\u0131n.<\/p>\n","protected":false},"excerpt":{"rendered":"<p>S\u0131\u011f\u0131nmac\u0131lar, daha \u00f6nce COVID-19 i\u00e7in test edilmemi\u015f, iyile\u015fmemi\u015f veya a\u015f\u0131lanmam\u0131\u015f olsalar bile Finlandiya&#8217;ya girebileceklerdir. T\u00fcm Finlandiyal\u0131lar (m\u00fclteciler ve s\u0131\u011f\u0131nmac\u0131lar dahil) Finlandiya&#8217;da COVID-19&#8217;a kar\u015f\u0131 \u00fccretsiz a\u015f\u0131 yapt\u0131rabilirler. ? 116 117 numaral\u0131 telefonu arayarak a\u015f\u0131 randevusu alabilir veya COVID-19 a\u015f\u0131s\u0131 hakk\u0131nda daha fazla bilgi edinebilir veya bulundu\u011funuz belediyedeki en yak\u0131n a\u015f\u0131 noktas\u0131n\u0131 kontrol edebilirsiniz. Resmi bilgi i\u00e7in [&hellip;]<\/p>\n","protected":false},"author":310,"featured_media":0,"parent":932,"menu_order":4,"comment_status":"closed","ping_status":"closed","template":"","meta":{"_acf_changed":false,"footnotes":""},"class_list":["post-943","page","type-page","status-publish","hentry"],"acf":[],"_links":{"self":[{"href":"https:\/\/help.unhcr.org\/finland\/tr\/wp-json\/wp\/v2\/pages\/943","targetHints":{"allow":["GET"]}}],"collection":[{"href":"https:\/\/help.unhcr.org\/finland\/tr\/wp-json\/wp\/v2\/pages"}],"about":[{"href":"https:\/\/help.unhcr.org\/finland\/tr\/wp-json\/wp\/v2\/types\/page"}],"author":[{"embeddable":true,"href":"https:\/\/help.unhcr.org\/finland\/tr\/wp-json\/wp\/v2\/users\/310"}],"replies":[{"embeddable":true,"href":"https:\/\/help.unhcr.org\/finland\/tr\/wp-json\/wp\/v2\/comments?post=943"}],"version-history":[{"count":2,"href":"https:\/\/help.unhcr.org\/finland\/tr\/wp-json\/wp\/v2\/pages\/943\/revisions"}],"predecessor-version":[{"id":1153,"href":"https:\/\/help.unhcr.org\/finland\/tr\/wp-json\/wp\/v2\/pages\/943\/revisions\/1153"}],"up":[{"embeddable":true,"href":"https:\/\/help.unhcr.org\/finland\/tr\/wp-json\/wp\/v2\/pages\/932"}],"wp:attachment":[{"href":"https:\/\/help.unhcr.org\/finland\/tr\/wp-json\/wp\/v2\/media?parent=943"}],"curies":[{"name":"wp","href":"https:\/\/api.w.org\/{rel}","templated":true}]}}