{"id":940,"date":"2022-12-07T11:14:42","date_gmt":"2022-12-07T11:14:42","guid":{"rendered":"https:\/\/help.unhcr.org\/finland\/where-to-find-help-in-finland\/helplines\/"},"modified":"2025-02-13T13:32:00","modified_gmt":"2025-02-13T13:32:00","slug":"helplines","status":"publish","type":"page","link":"https:\/\/help.unhcr.org\/finland\/tr\/where-to-find-help-in-finland\/helplines\/","title":{"rendered":"Yard\u0131m Hatlar\u0131"},"content":{"rendered":"\n<p>Di\u011fer yard\u0131m ve destek t\u00fcrlerini almak i\u00e7in \u00e7e\u015fitli STK&#8217;lar veya kurumlarla belirli hatlar arac\u0131l\u0131\u011f\u0131yla ileti\u015fime ge\u00e7ebilirsiniz:<\/p>\n\n\n\n<ul class=\"wp-block-list\">\n<li>\u0130ntihar etme konusunda akut d\u00fc\u015f\u00fcnceleriniz varsa veya buna meyilli birini tan\u0131yorsan\u0131z acil yard\u0131m i\u00e7in ? <strong>112<\/strong>&#8216;yi aray\u0131n.<\/li>\n\n\n\n<li>\u00d6l\u00fcm korkusu, keder, kayg\u0131 veya intihar d\u00fc\u015f\u00fcncelerine y\u00f6nelik duygusal ve manevi bak\u0131m i\u00e7in ?<strong> 09 2525 0111<\/strong> (7\/24 a\u00e7\u0131k) numaral\u0131 telefonu arayarak Ulusal Kriz Yard\u0131m Hatt\u0131 ile ileti\u015fime ge\u00e7in.<\/li>\n\n\n\n<li>18 ya\u015f\u0131n alt\u0131ndaysan\u0131z veya yard\u0131ma veya tavsiyeye ihtiyac\u0131 olan birini tan\u0131yorsan\u0131z, ?<strong> 116 111 <\/strong>numaral\u0131 telefonu arayarak Lasten ja Nuorten Puheliun ile ileti\u015fime ge\u00e7in (pazartesi-cuma 14-20&#8217;de ve cumartesi-pazar 17-20&#8217;de a\u00e7\u0131k) veya onlarla \u015fu numaradan ileti\u015fime ge\u00e7in: <strong>? <a href=\"https:\/\/oikeus.fi\/oikeusapu\/en\/index.html\">\u00e7evrimi\u00e7i sohbetleri<\/a><\/strong> (her g\u00fcn 17-20 aras\u0131 a\u00e7\u0131k).<\/li>\n\n\n\n<li>Fiziksel, zihinsel, ekonomik veya cinsel \u015fiddete maruz kald\u0131ysan\u0131z veya ya\u015f\u0131yorsan\u0131z ? <strong>09 2525 0111<\/strong> (7\/24 a\u00e7\u0131k) numaral\u0131 telefonu arayarak Ulusal Kriz Yard\u0131m Hatt\u0131 ile ileti\u015fime ge\u00e7in.<\/li>\n<\/ul>\n\n\n\n<p><\/p>\n","protected":false},"excerpt":{"rendered":"<p>Di\u011fer yard\u0131m ve destek t\u00fcrlerini almak i\u00e7in \u00e7e\u015fitli STK&#8217;lar veya kurumlarla belirli hatlar arac\u0131l\u0131\u011f\u0131yla ileti\u015fime ge\u00e7ebilirsiniz:<\/p>\n","protected":false},"author":310,"featured_media":0,"parent":932,"menu_order":3,"comment_status":"closed","ping_status":"closed","template":"","meta":{"_acf_changed":false,"footnotes":""},"class_list":["post-940","page","type-page","status-publish","hentry"],"acf":[],"_links":{"self":[{"href":"https:\/\/help.unhcr.org\/finland\/tr\/wp-json\/wp\/v2\/pages\/940","targetHints":{"allow":["GET"]}}],"collection":[{"href":"https:\/\/help.unhcr.org\/finland\/tr\/wp-json\/wp\/v2\/pages"}],"about":[{"href":"https:\/\/help.unhcr.org\/finland\/tr\/wp-json\/wp\/v2\/types\/page"}],"author":[{"embeddable":true,"href":"https:\/\/help.unhcr.org\/finland\/tr\/wp-json\/wp\/v2\/users\/310"}],"replies":[{"embeddable":true,"href":"https:\/\/help.unhcr.org\/finland\/tr\/wp-json\/wp\/v2\/comments?post=940"}],"version-history":[{"count":2,"href":"https:\/\/help.unhcr.org\/finland\/tr\/wp-json\/wp\/v2\/pages\/940\/revisions"}],"predecessor-version":[{"id":1152,"href":"https:\/\/help.unhcr.org\/finland\/tr\/wp-json\/wp\/v2\/pages\/940\/revisions\/1152"}],"up":[{"embeddable":true,"href":"https:\/\/help.unhcr.org\/finland\/tr\/wp-json\/wp\/v2\/pages\/932"}],"wp:attachment":[{"href":"https:\/\/help.unhcr.org\/finland\/tr\/wp-json\/wp\/v2\/media?parent=940"}],"curies":[{"name":"wp","href":"https:\/\/api.w.org\/{rel}","templated":true}]}}