{"id":937,"date":"2022-12-07T11:12:21","date_gmt":"2022-12-07T11:12:21","guid":{"rendered":"https:\/\/help.unhcr.org\/finland\/where-to-find-help-in-finland\/emergency-services\/"},"modified":"2025-02-13T13:31:38","modified_gmt":"2025-02-13T13:31:38","slug":"emergency-services","status":"publish","type":"page","link":"https:\/\/help.unhcr.org\/finland\/tr\/where-to-find-help-in-finland\/emergency-services\/","title":{"rendered":"Acil Hizmetler"},"content":{"rendered":"\n<div class=\"wp-block-group has-background\" style=\"background-color:#abb7c230\"><div class=\"wp-block-group__inner-container is-layout-flow wp-block-group-is-layout-flow\">\n<ul class=\"wp-block-list\">\n<li><strong>Acil durumlar i\u00e7in numara<\/strong> ? <strong>112.<\/strong><\/li>\n<\/ul>\n\n\n\n<ul class=\"wp-block-list\">\n<li><strong>Polis<\/strong> i\u00e7in numara ? <strong>112<\/strong>.<\/li>\n<\/ul>\n\n\n\n<ul class=\"wp-block-list\">\n<li><strong>Ulusal Sa\u011fl\u0131k Hatt\u0131<\/strong> i\u00e7in numara ? <strong>116 117<\/strong><strong>.<\/strong><\/li>\n<\/ul>\n\n\n\n<ul class=\"wp-block-list\">\n<li><strong>\u0130tfaiye <\/strong>i\u00e7in numara ? <strong>112. <\/strong><\/li>\n<\/ul>\n<\/div><\/div>\n","protected":false},"excerpt":{"rendered":"","protected":false},"author":310,"featured_media":0,"parent":932,"menu_order":2,"comment_status":"closed","ping_status":"closed","template":"","meta":{"_acf_changed":false,"footnotes":""},"class_list":["post-937","page","type-page","status-publish","hentry"],"acf":[],"_links":{"self":[{"href":"https:\/\/help.unhcr.org\/finland\/tr\/wp-json\/wp\/v2\/pages\/937","targetHints":{"allow":["GET"]}}],"collection":[{"href":"https:\/\/help.unhcr.org\/finland\/tr\/wp-json\/wp\/v2\/pages"}],"about":[{"href":"https:\/\/help.unhcr.org\/finland\/tr\/wp-json\/wp\/v2\/types\/page"}],"author":[{"embeddable":true,"href":"https:\/\/help.unhcr.org\/finland\/tr\/wp-json\/wp\/v2\/users\/310"}],"replies":[{"embeddable":true,"href":"https:\/\/help.unhcr.org\/finland\/tr\/wp-json\/wp\/v2\/comments?post=937"}],"version-history":[{"count":2,"href":"https:\/\/help.unhcr.org\/finland\/tr\/wp-json\/wp\/v2\/pages\/937\/revisions"}],"predecessor-version":[{"id":1151,"href":"https:\/\/help.unhcr.org\/finland\/tr\/wp-json\/wp\/v2\/pages\/937\/revisions\/1151"}],"up":[{"embeddable":true,"href":"https:\/\/help.unhcr.org\/finland\/tr\/wp-json\/wp\/v2\/pages\/932"}],"wp:attachment":[{"href":"https:\/\/help.unhcr.org\/finland\/tr\/wp-json\/wp\/v2\/media?parent=937"}],"curies":[{"name":"wp","href":"https:\/\/api.w.org\/{rel}","templated":true}]}}