{"id":934,"date":"2022-12-07T11:11:11","date_gmt":"2022-12-07T11:11:11","guid":{"rendered":"https:\/\/help.unhcr.org\/finland\/where-to-find-help-in-finland\/counselling-services-for-asylum-procedures\/"},"modified":"2025-02-13T13:31:24","modified_gmt":"2025-02-13T13:31:24","slug":"counselling-services-for-asylum-procedures","status":"publish","type":"page","link":"https:\/\/help.unhcr.org\/finland\/tr\/where-to-find-help-in-finland\/counselling-services-for-asylum-procedures\/","title":{"rendered":"\u0130ltica prosed\u00fcrlerine ili\u015fkin dan\u0131\u015fmanl\u0131k hizmetleri"},"content":{"rendered":"\n<p>Finlandiya&#8217;daysan\u0131z ve s\u0131\u011f\u0131nma davan\u0131zda hukuki dan\u0131\u015fmanl\u0131\u011fa ihtiyac\u0131n\u0131z varsa, bir karara itiraz etmek i\u00e7in devlet hukuki yard\u0131m\u0131na ba\u015fvurma konusunda yard\u0131ma ihtiyac\u0131n\u0131z varsa veya Finlandiya&#8217;daki s\u0131\u011f\u0131nma veya aile birle\u015fimi prosed\u00fcrleri hakk\u0131nda sorular\u0131n\u0131z varsa, l\u00fctfen orta\u011f\u0131m\u0131z Finlandiya M\u00fclteci Dan\u0131\u015fma Merkezi ile ileti\u015fime ge\u00e7in:<\/p>\n\n\n\n<div class=\"wp-block-group has-background\" style=\"background-color:#abb7c230\"><div class=\"wp-block-group__inner-container is-layout-flow wp-block-group-is-layout-flow\">\n<h3 class=\"wp-block-heading\"><strong>Finnish Refugee Advice Center (Pakolaisneuvonta)<\/strong><\/h3>\n\n\n\n<ul class=\"wp-block-list\">\n<li><strong>&nbsp;&nbsp;&nbsp;&nbsp;&nbsp;Adres:<\/strong> Pasilanraitio 9B, 00240 Helsinki, Finland<\/li>\n\n\n\n<li><strong>&nbsp;&nbsp;&nbsp;&nbsp;&nbsp;Telefon:<\/strong> ? +358 9 2313 9300<\/li>\n\n\n\n<li><strong>&nbsp;&nbsp;&nbsp;&nbsp;&nbsp;E-posta: <\/strong>? pan@pakolaisneuvonta.fi&nbsp;&nbsp;&nbsp;&nbsp;<\/li>\n\n\n\n<li><strong>\u00a0\u00a0\u00a0\u00a0 Web sitesine:<\/strong> <a href=\"https:\/\/www.pakolaisneuvonta.fi\/en\/\">\u0130ltica prosed\u00fcrlerine ili\u015fkin dan\u0131\u015fmanl\u0131k hizmetleri<\/a><\/li>\n<\/ul>\n<\/div><\/div>\n\n\n\n<p>UNHCR &#8216;nin Finlandiya&#8217;daki s\u0131\u011f\u0131nma prosed\u00fcr\u00fcn\u00fcn bir par\u00e7as\u0131 <strong>olmad\u0131\u011f\u0131n\u0131 <\/strong>ve bireysel ba\u015fvuru sahiplerine \u00f6rne\u011fin s\u0131\u011f\u0131nma veya aile birle\u015fimi gibi konularda hukuki tavsiye sa\u011flayamayaca\u011f\u0131n\u0131 l\u00fctfen unutmay\u0131n. UNHCR, deneyimli bir ulusal sivil toplum kurulu\u015fu olan Finlandiya M\u00fclteci Dan\u0131\u015fma Merkezi ile birlikte \u00e7al\u0131\u015fmaktad\u0131r ve bu kurulu\u015fta destek ve tavsiye sa\u011flamakla g\u00f6revli personel bulunmaktad\u0131r.<\/p>\n","protected":false},"excerpt":{"rendered":"<p>Finlandiya&#8217;daysan\u0131z ve s\u0131\u011f\u0131nma davan\u0131zda hukuki dan\u0131\u015fmanl\u0131\u011fa ihtiyac\u0131n\u0131z varsa, bir karara itiraz etmek i\u00e7in devlet hukuki yard\u0131m\u0131na ba\u015fvurma konusunda yard\u0131ma ihtiyac\u0131n\u0131z varsa veya Finlandiya&#8217;daki s\u0131\u011f\u0131nma veya aile birle\u015fimi prosed\u00fcrleri hakk\u0131nda sorular\u0131n\u0131z varsa, l\u00fctfen orta\u011f\u0131m\u0131z Finlandiya M\u00fclteci Dan\u0131\u015fma Merkezi ile ileti\u015fime ge\u00e7in: Finnish Refugee Advice Center (Pakolaisneuvonta) UNHCR &#8216;nin Finlandiya&#8217;daki s\u0131\u011f\u0131nma prosed\u00fcr\u00fcn\u00fcn bir par\u00e7as\u0131 olmad\u0131\u011f\u0131n\u0131 ve bireysel [&hellip;]<\/p>\n","protected":false},"author":310,"featured_media":0,"parent":932,"menu_order":1,"comment_status":"closed","ping_status":"closed","template":"","meta":{"_acf_changed":false,"footnotes":""},"class_list":["post-934","page","type-page","status-publish","hentry"],"acf":[],"_links":{"self":[{"href":"https:\/\/help.unhcr.org\/finland\/tr\/wp-json\/wp\/v2\/pages\/934","targetHints":{"allow":["GET"]}}],"collection":[{"href":"https:\/\/help.unhcr.org\/finland\/tr\/wp-json\/wp\/v2\/pages"}],"about":[{"href":"https:\/\/help.unhcr.org\/finland\/tr\/wp-json\/wp\/v2\/types\/page"}],"author":[{"embeddable":true,"href":"https:\/\/help.unhcr.org\/finland\/tr\/wp-json\/wp\/v2\/users\/310"}],"replies":[{"embeddable":true,"href":"https:\/\/help.unhcr.org\/finland\/tr\/wp-json\/wp\/v2\/comments?post=934"}],"version-history":[{"count":3,"href":"https:\/\/help.unhcr.org\/finland\/tr\/wp-json\/wp\/v2\/pages\/934\/revisions"}],"predecessor-version":[{"id":1150,"href":"https:\/\/help.unhcr.org\/finland\/tr\/wp-json\/wp\/v2\/pages\/934\/revisions\/1150"}],"up":[{"embeddable":true,"href":"https:\/\/help.unhcr.org\/finland\/tr\/wp-json\/wp\/v2\/pages\/932"}],"wp:attachment":[{"href":"https:\/\/help.unhcr.org\/finland\/tr\/wp-json\/wp\/v2\/media?parent=934"}],"curies":[{"name":"wp","href":"https:\/\/api.w.org\/{rel}","templated":true}]}}