{"id":932,"date":"2022-12-07T11:08:42","date_gmt":"2022-12-07T11:08:42","guid":{"rendered":"https:\/\/help.unhcr.org\/finland\/where-to-find-help-in-finland\/"},"modified":"2025-02-13T13:27:57","modified_gmt":"2025-02-13T13:27:57","slug":"where-to-find-help-in-finland","status":"publish","type":"page","link":"https:\/\/help.unhcr.org\/finland\/tr\/where-to-find-help-in-finland\/","title":{"rendered":"Finlandiya&#8217;da nereden yard\u0131m bulabilirim"},"content":{"rendered":"\n<p class=\"has-text-align-center has-background\" style=\"background-color:#fdf799\"><strong>UNHCR ve ortaklar\u0131m\u0131z taraf\u0131ndan sa\u011flanan t\u00fcm bilgi ve hizmetler, ge\u00e7ici koruma<br>faydalan\u0131c\u0131lar\u0131, s\u0131\u011f\u0131nmac\u0131lar, m\u00fclteciler, ikincil koruma faydalan\u0131c\u0131lar\u0131 ve vatans\u0131z ki\u015filer i\u00e7in <span style=\"text-decoration: underline\">\u00dcCRETS\u0130ZD\u0130R<\/span>.<\/strong><\/p>\n\n\n\n<p>Bu sayfada Finlandiya&#8217;daki iltica prosed\u00fcr\u00fcn\u00fczde size yard\u0131mc\u0131 olabilecek kurulu\u015flar\u0131n ileti\u015fim bilgilerini bulacaks\u0131n\u0131z. Ayr\u0131ca Finlandiya&#8217;daki acil durum numaralar\u0131n\u0131n ve di\u011fer hizmet sa\u011flay\u0131c\u0131lar\u0131n ileti\u015fim bilgilerini de bulabilirsiniz.<\/p>\n","protected":false},"excerpt":{"rendered":"<p>UNHCR ve ortaklar\u0131m\u0131z taraf\u0131ndan sa\u011flanan t\u00fcm bilgi ve hizmetler, ge\u00e7ici korumafaydalan\u0131c\u0131lar\u0131, s\u0131\u011f\u0131nmac\u0131lar, m\u00fclteciler, ikincil koruma faydalan\u0131c\u0131lar\u0131 ve vatans\u0131z ki\u015filer i\u00e7in \u00dcCRETS\u0130ZD\u0130R. Bu sayfada Finlandiya&#8217;daki iltica prosed\u00fcr\u00fcn\u00fczde size yard\u0131mc\u0131 olabilecek kurulu\u015flar\u0131n ileti\u015fim bilgilerini bulacaks\u0131n\u0131z. Ayr\u0131ca Finlandiya&#8217;daki acil durum numaralar\u0131n\u0131n ve di\u011fer hizmet sa\u011flay\u0131c\u0131lar\u0131n ileti\u015fim bilgilerini de bulabilirsiniz.<\/p>\n","protected":false},"author":310,"featured_media":0,"parent":0,"menu_order":0,"comment_status":"closed","ping_status":"closed","template":"page-templates\/listing_page.php","meta":{"_acf_changed":false,"footnotes":""},"class_list":["post-932","page","type-page","status-publish","hentry"],"acf":[],"_links":{"self":[{"href":"https:\/\/help.unhcr.org\/finland\/tr\/wp-json\/wp\/v2\/pages\/932","targetHints":{"allow":["GET"]}}],"collection":[{"href":"https:\/\/help.unhcr.org\/finland\/tr\/wp-json\/wp\/v2\/pages"}],"about":[{"href":"https:\/\/help.unhcr.org\/finland\/tr\/wp-json\/wp\/v2\/types\/page"}],"author":[{"embeddable":true,"href":"https:\/\/help.unhcr.org\/finland\/tr\/wp-json\/wp\/v2\/users\/310"}],"replies":[{"embeddable":true,"href":"https:\/\/help.unhcr.org\/finland\/tr\/wp-json\/wp\/v2\/comments?post=932"}],"version-history":[{"count":2,"href":"https:\/\/help.unhcr.org\/finland\/tr\/wp-json\/wp\/v2\/pages\/932\/revisions"}],"predecessor-version":[{"id":1147,"href":"https:\/\/help.unhcr.org\/finland\/tr\/wp-json\/wp\/v2\/pages\/932\/revisions\/1147"}],"wp:attachment":[{"href":"https:\/\/help.unhcr.org\/finland\/tr\/wp-json\/wp\/v2\/media?parent=932"}],"curies":[{"name":"wp","href":"https:\/\/api.w.org\/{rel}","templated":true}]}}