{"id":929,"date":"2022-12-07T11:07:50","date_gmt":"2022-12-07T11:07:50","guid":{"rendered":"https:\/\/help.unhcr.org\/finland\/how-to-apply-for-family-reunification\/"},"modified":"2025-02-13T13:27:43","modified_gmt":"2025-02-13T13:27:43","slug":"how-to-apply-for-family-reunification","status":"publish","type":"page","link":"https:\/\/help.unhcr.org\/finland\/tr\/how-to-apply-for-family-reunification\/","title":{"rendered":"Aile birle\u015fimi i\u00e7in nas\u0131l ba\u015fvuru yap\u0131l\u0131r"},"content":{"rendered":"\n<p>Finlandiya&#8217;da m\u00fclteci stat\u00fcs\u00fc veya ikincil koruma stat\u00fcs\u00fc ald\u0131ysan\u0131z ve kendi \u00fclkenizden yapaca\u011f\u0131n\u0131z yolculuk \u00f6ncesinde veya s\u0131ras\u0131nda ailenizden ayr\u0131ld\u0131ysan\u0131z, ailenizin Finlandiya&#8217;da size kat\u0131labilmesi i\u00e7in belirli ko\u015fullar alt\u0131nda aile birle\u015fimi ba\u015fvurusunda bulunabilirsiniz.<\/p>\n\n\n\n<p><\/p>\n\n\n\n<p><\/p>\n","protected":false},"excerpt":{"rendered":"<p>Finlandiya&#8217;da m\u00fclteci stat\u00fcs\u00fc veya ikincil koruma stat\u00fcs\u00fc ald\u0131ysan\u0131z ve kendi \u00fclkenizden yapaca\u011f\u0131n\u0131z yolculuk \u00f6ncesinde veya s\u0131ras\u0131nda ailenizden ayr\u0131ld\u0131ysan\u0131z, ailenizin Finlandiya&#8217;da size kat\u0131labilmesi i\u00e7in belirli ko\u015fullar alt\u0131nda aile birle\u015fimi ba\u015fvurusunda bulunabilirsiniz.<\/p>\n","protected":false},"author":310,"featured_media":0,"parent":0,"menu_order":0,"comment_status":"closed","ping_status":"closed","template":"faq_page.php","meta":{"_acf_changed":false,"footnotes":""},"class_list":["post-929","page","type-page","status-publish","hentry"],"acf":[],"_links":{"self":[{"href":"https:\/\/help.unhcr.org\/finland\/tr\/wp-json\/wp\/v2\/pages\/929","targetHints":{"allow":["GET"]}}],"collection":[{"href":"https:\/\/help.unhcr.org\/finland\/tr\/wp-json\/wp\/v2\/pages"}],"about":[{"href":"https:\/\/help.unhcr.org\/finland\/tr\/wp-json\/wp\/v2\/types\/page"}],"author":[{"embeddable":true,"href":"https:\/\/help.unhcr.org\/finland\/tr\/wp-json\/wp\/v2\/users\/310"}],"replies":[{"embeddable":true,"href":"https:\/\/help.unhcr.org\/finland\/tr\/wp-json\/wp\/v2\/comments?post=929"}],"version-history":[{"count":2,"href":"https:\/\/help.unhcr.org\/finland\/tr\/wp-json\/wp\/v2\/pages\/929\/revisions"}],"predecessor-version":[{"id":1146,"href":"https:\/\/help.unhcr.org\/finland\/tr\/wp-json\/wp\/v2\/pages\/929\/revisions\/1146"}],"wp:attachment":[{"href":"https:\/\/help.unhcr.org\/finland\/tr\/wp-json\/wp\/v2\/media?parent=929"}],"curies":[{"name":"wp","href":"https:\/\/api.w.org\/{rel}","templated":true}]}}