{"id":927,"date":"2022-12-07T10:54:32","date_gmt":"2022-12-07T10:54:32","guid":{"rendered":"https:\/\/help.unhcr.org\/finland\/how-to-apply-for-asylum-in-finland\/what-are-my-rights-and-obligations-as-asylum-seeker\/"},"modified":"2025-02-13T13:26:50","modified_gmt":"2025-02-13T13:26:50","slug":"what-are-my-rights-and-obligations-as-asylum-seeker","status":"publish","type":"page","link":"https:\/\/help.unhcr.org\/finland\/tr\/how-to-apply-for-asylum-in-finland\/what-are-my-rights-and-obligations-as-asylum-seeker\/","title":{"rendered":"S\u0131\u011f\u0131nmac\u0131 olarak haklar\u0131m ve y\u00fck\u00fcml\u00fcl\u00fcklerim nelerdir?"},"content":{"rendered":"\n<p><a href=\"https:\/\/migri.fi\/arki-vastaanottokeskuksessa\">\u00c7al\u0131\u015fma, e\u011fitim, sa\u011fl\u0131k ve di\u011fer haklar hakk\u0131nda daha fazla bilgiyi Finlandiya G\u00f6\u00e7menlik Dairesi sayfas\u0131nda bulabilirsiniz (bilgiler Fince, \u0130ngilizce ve \u0130sve\u00e7\u00e7e olarak mevcuttur).<\/a><\/p>\n","protected":false},"excerpt":{"rendered":"<p>\u00c7al\u0131\u015fma, e\u011fitim, sa\u011fl\u0131k ve di\u011fer haklar hakk\u0131nda daha fazla bilgiyi Finlandiya G\u00f6\u00e7menlik Dairesi sayfas\u0131nda bulabilirsiniz (bilgiler Fince, \u0130ngilizce ve \u0130sve\u00e7\u00e7e olarak mevcuttur).<\/p>\n","protected":false},"author":310,"featured_media":0,"parent":909,"menu_order":5,"comment_status":"closed","ping_status":"closed","template":"","meta":{"_acf_changed":false,"footnotes":""},"class_list":["post-927","page","type-page","status-publish","hentry"],"acf":[],"_links":{"self":[{"href":"https:\/\/help.unhcr.org\/finland\/tr\/wp-json\/wp\/v2\/pages\/927","targetHints":{"allow":["GET"]}}],"collection":[{"href":"https:\/\/help.unhcr.org\/finland\/tr\/wp-json\/wp\/v2\/pages"}],"about":[{"href":"https:\/\/help.unhcr.org\/finland\/tr\/wp-json\/wp\/v2\/types\/page"}],"author":[{"embeddable":true,"href":"https:\/\/help.unhcr.org\/finland\/tr\/wp-json\/wp\/v2\/users\/310"}],"replies":[{"embeddable":true,"href":"https:\/\/help.unhcr.org\/finland\/tr\/wp-json\/wp\/v2\/comments?post=927"}],"version-history":[{"count":2,"href":"https:\/\/help.unhcr.org\/finland\/tr\/wp-json\/wp\/v2\/pages\/927\/revisions"}],"predecessor-version":[{"id":1145,"href":"https:\/\/help.unhcr.org\/finland\/tr\/wp-json\/wp\/v2\/pages\/927\/revisions\/1145"}],"up":[{"embeddable":true,"href":"https:\/\/help.unhcr.org\/finland\/tr\/wp-json\/wp\/v2\/pages\/909"}],"wp:attachment":[{"href":"https:\/\/help.unhcr.org\/finland\/tr\/wp-json\/wp\/v2\/media?parent=927"}],"curies":[{"name":"wp","href":"https:\/\/api.w.org\/{rel}","templated":true}]}}