{"id":924,"date":"2022-12-07T10:53:41","date_gmt":"2022-12-07T10:53:41","guid":{"rendered":"https:\/\/help.unhcr.org\/finland\/how-to-apply-for-asylum-in-finland\/i-need-a-lawyer-and-or-an-interpreter-in-my-case\/"},"modified":"2025-02-13T13:26:37","modified_gmt":"2025-02-13T13:26:37","slug":"i-need-a-lawyer-and-or-an-interpreter-in-my-case","status":"publish","type":"page","link":"https:\/\/help.unhcr.org\/finland\/tr\/how-to-apply-for-asylum-in-finland\/i-need-a-lawyer-and-or-an-interpreter-in-my-case\/","title":{"rendered":"Ben\u0131m durumumda bir avukata ve\/veya terc\u00fcmana ihtiyac\u0131m var"},"content":{"rendered":"\n<p>Devlet taraf\u0131ndan sa\u011flanan bir avukata sahip olmak anlam\u0131na gelen devlet adli yard\u0131m\u0131, kendilerini temsil edecek bir <strong>avukata <\/strong>para \u00f6deyemeyen ki\u015filer i\u00e7in \u00fccretsizdir. Devlet adli yard\u0131m\u0131 almak i\u00e7in size en yak\u0131n <a href=\"https:\/\/oikeus.fi\/oikeusapu\/fi\/index\/yhteystiedot.html\">Kamu Hukuki Yard\u0131m<\/a> B\u00fcrosuna ba\u015fvurabilirsiniz.<\/p>\n\n\n\n<p>Ayr\u0131ca, durumunuza hukuki yard\u0131m sa\u011flayabilecek olan <a href=\"https:\/\/www.pakolaisneuvonta.fi\/yhteystiedot\/\">Finlandiya M\u00fclteci Dan\u0131\u015fma Merkezi<\/a> ile de ileti\u015fime ge\u00e7ebilirsiniz.<\/p>\n\n\n\n<p>\u0130ltica prosed\u00fcr\u00fc s\u0131ras\u0131nda terc\u00fcmana ihtiya\u00e7 duyman\u0131z halinde Finlandiya G\u00f6\u00e7menlik B\u00fcrosu size bir <strong>terc\u00fcman <\/strong>sa\u011flayacakt\u0131r.<\/p>\n","protected":false},"excerpt":{"rendered":"<p>Devlet taraf\u0131ndan sa\u011flanan bir avukata sahip olmak anlam\u0131na gelen devlet adli yard\u0131m\u0131, kendilerini temsil edecek bir avukata para \u00f6deyemeyen ki\u015filer i\u00e7in \u00fccretsizdir. Devlet adli yard\u0131m\u0131 almak i\u00e7in size en yak\u0131n Kamu Hukuki Yard\u0131m B\u00fcrosuna ba\u015fvurabilirsiniz. Ayr\u0131ca, durumunuza hukuki yard\u0131m sa\u011flayabilecek olan Finlandiya M\u00fclteci Dan\u0131\u015fma Merkezi ile de ileti\u015fime ge\u00e7ebilirsiniz. \u0130ltica prosed\u00fcr\u00fc s\u0131ras\u0131nda terc\u00fcmana ihtiya\u00e7 duyman\u0131z [&hellip;]<\/p>\n","protected":false},"author":310,"featured_media":0,"parent":909,"menu_order":5,"comment_status":"closed","ping_status":"closed","template":"","meta":{"_acf_changed":false,"footnotes":""},"class_list":["post-924","page","type-page","status-publish","hentry"],"acf":[],"_links":{"self":[{"href":"https:\/\/help.unhcr.org\/finland\/tr\/wp-json\/wp\/v2\/pages\/924","targetHints":{"allow":["GET"]}}],"collection":[{"href":"https:\/\/help.unhcr.org\/finland\/tr\/wp-json\/wp\/v2\/pages"}],"about":[{"href":"https:\/\/help.unhcr.org\/finland\/tr\/wp-json\/wp\/v2\/types\/page"}],"author":[{"embeddable":true,"href":"https:\/\/help.unhcr.org\/finland\/tr\/wp-json\/wp\/v2\/users\/310"}],"replies":[{"embeddable":true,"href":"https:\/\/help.unhcr.org\/finland\/tr\/wp-json\/wp\/v2\/comments?post=924"}],"version-history":[{"count":2,"href":"https:\/\/help.unhcr.org\/finland\/tr\/wp-json\/wp\/v2\/pages\/924\/revisions"}],"predecessor-version":[{"id":1144,"href":"https:\/\/help.unhcr.org\/finland\/tr\/wp-json\/wp\/v2\/pages\/924\/revisions\/1144"}],"up":[{"embeddable":true,"href":"https:\/\/help.unhcr.org\/finland\/tr\/wp-json\/wp\/v2\/pages\/909"}],"wp:attachment":[{"href":"https:\/\/help.unhcr.org\/finland\/tr\/wp-json\/wp\/v2\/media?parent=924"}],"curies":[{"name":"wp","href":"https:\/\/api.w.org\/{rel}","templated":true}]}}