{"id":918,"date":"2022-12-07T10:51:29","date_gmt":"2022-12-07T10:51:29","guid":{"rendered":"https:\/\/help.unhcr.org\/finland\/how-to-apply-for-asylum-in-finland\/what-can-be-the-decision-in-my-case\/"},"modified":"2025-02-13T13:26:17","modified_gmt":"2025-02-13T13:26:17","slug":"what-can-be-the-decision-in-my-case","status":"publish","type":"page","link":"https:\/\/help.unhcr.org\/finland\/tr\/how-to-apply-for-asylum-in-finland\/what-can-be-the-decision-in-my-case\/","title":{"rendered":"Benim durumumda karar ne olabilir?"},"content":{"rendered":"\n<p>\u0130ltica ba\u015fvurunuzla ilgili karar Finlandiya G\u00f6\u00e7menlik B\u00fcrosu taraf\u0131ndan size iletilecektir. Karar size ana dilinizde veya anlad\u0131\u011f\u0131n\u0131z ba\u015fka bir dilde tebli\u011f edilecektir.<\/p>\n\n\n\n<p><strong> \u0130ltica prosed\u00fcr\u00fcn\u00fcn d\u00f6rt olas\u0131 sonucu vard\u0131r:<\/strong><\/p>\n\n\n\n<ul class=\"wp-block-list\">\n<li><strong>M\u00fclteci olarak tan\u0131n\u0131yorsunuz<\/strong> ve ba\u015flang\u0131\u00e7 s\u00fcresi 4 y\u0131l olan, periyodik olarak 4 y\u0131l uzat\u0131labilen ge\u00e7ici oturma izniniz var.<\/li>\n\n\n\n<li><strong>Size ikincil koruma verilir<\/strong> ve ba\u015flang\u0131\u00e7 s\u00fcresi 4 y\u0131l olan ve 4 y\u0131ll\u0131k s\u00fcrelerle uzat\u0131labilen ge\u00e7ici oturma izni verilir.<\/li>\n\n\n\n<li><strong>Size insani gerek\u00e7elerle oturma izni verilir<\/strong> ve ba\u015flang\u0131\u00e7 s\u00fcresi 1 y\u0131l olan ve 1 y\u0131l s\u00fcreyle uzat\u0131labilen ge\u00e7ici oturma izni verilir.<\/li>\n\n\n\n<li>Uluslararas\u0131 koruma ba\u015fvurunuz <strong>reddedilir<\/strong>.<\/li>\n<\/ul>\n\n\n\n<p><font><strong><font>\u27a1\ufe0f<\/font><\/strong><\/font><strong>Ba\u015fvurunuz kabul edilirse<\/strong> (m\u00fclteci stat\u00fcs\u00fc veya ikincil koruma), Finlandiya G\u00f6\u00e7menlik B\u00fcrosu size haklar\u0131n\u0131z\u0131 ve y\u00fck\u00fcml\u00fcl\u00fcklerinizi a\u00e7\u0131klayan bir belge verecektir. M\u00fclteci olarak tan\u0131nsan\u0131z da, ikincil koruma da sa\u011flasan\u0131z veya insani gerek\u00e7elerle oturma izni alm\u0131\u015f olsan\u0131z da, haklar ve hizmetler genel olarak ayn\u0131d\u0131r. Temel fark, ald\u0131\u011f\u0131n\u0131z oturma izninin s\u00fcresindedir (4 veya 1 y\u0131l). Ayr\u0131ca Finlandiya&#8217;da ya\u015famay\u0131 \u00f6\u011frenece\u011finiz bir erken entegrasyon program\u0131na da kay\u0131t olacaks\u0131n\u0131z..<\/p>\n\n\n\n<p><font><strong><font>\u27a1\ufe0f<\/font><\/strong><\/font><strong>Ba\u015fvurunuzun reddedilmesi durumunda<\/strong> karar\u0131n tamam\u0131 size ana dilinizde veya anlad\u0131\u011f\u0131n\u0131z\u0131 belirtti\u011finiz ba\u015fka bir dilde iletilecektir. <\/p>\n\n\n\n<div class=\"wp-block-buttons is-content-justification-center is-layout-flex wp-container-core-buttons-is-layout-16018d1d wp-block-buttons-is-layout-flex\">\n<div class=\"wp-block-button\"><a class=\"wp-block-button__link has-black-color has-text-color has-background wp-element-button\" href=\"https:\/\/help.unhcr.org\/finland\/how-to-apply-for-asylum-in-finland\/can-i-appeal-a-negative-decision\/\" style=\"background-color:#cce3f2\"><strong>Olumsuz bir karara itiraz edebilir miyim?<\/strong><\/a><\/div>\n<\/div>\n","protected":false},"excerpt":{"rendered":"<p>\u0130ltica ba\u015fvurunuzla ilgili karar Finlandiya G\u00f6\u00e7menlik B\u00fcrosu taraf\u0131ndan size iletilecektir. Karar size ana dilinizde veya anlad\u0131\u011f\u0131n\u0131z ba\u015fka bir dilde tebli\u011f edilecektir. \u0130ltica prosed\u00fcr\u00fcn\u00fcn d\u00f6rt olas\u0131 sonucu vard\u0131r: \u27a1\ufe0fBa\u015fvurunuz kabul edilirse (m\u00fclteci stat\u00fcs\u00fc veya ikincil koruma), Finlandiya G\u00f6\u00e7menlik B\u00fcrosu size haklar\u0131n\u0131z\u0131 ve y\u00fck\u00fcml\u00fcl\u00fcklerinizi a\u00e7\u0131klayan bir belge verecektir. M\u00fclteci olarak tan\u0131nsan\u0131z da, ikincil koruma da sa\u011flasan\u0131z veya [&hellip;]<\/p>\n","protected":false},"author":310,"featured_media":0,"parent":909,"menu_order":3,"comment_status":"closed","ping_status":"closed","template":"","meta":{"_acf_changed":false,"footnotes":""},"class_list":["post-918","page","type-page","status-publish","hentry"],"acf":[],"_links":{"self":[{"href":"https:\/\/help.unhcr.org\/finland\/tr\/wp-json\/wp\/v2\/pages\/918","targetHints":{"allow":["GET"]}}],"collection":[{"href":"https:\/\/help.unhcr.org\/finland\/tr\/wp-json\/wp\/v2\/pages"}],"about":[{"href":"https:\/\/help.unhcr.org\/finland\/tr\/wp-json\/wp\/v2\/types\/page"}],"author":[{"embeddable":true,"href":"https:\/\/help.unhcr.org\/finland\/tr\/wp-json\/wp\/v2\/users\/310"}],"replies":[{"embeddable":true,"href":"https:\/\/help.unhcr.org\/finland\/tr\/wp-json\/wp\/v2\/comments?post=918"}],"version-history":[{"count":2,"href":"https:\/\/help.unhcr.org\/finland\/tr\/wp-json\/wp\/v2\/pages\/918\/revisions"}],"predecessor-version":[{"id":1142,"href":"https:\/\/help.unhcr.org\/finland\/tr\/wp-json\/wp\/v2\/pages\/918\/revisions\/1142"}],"up":[{"embeddable":true,"href":"https:\/\/help.unhcr.org\/finland\/tr\/wp-json\/wp\/v2\/pages\/909"}],"wp:attachment":[{"href":"https:\/\/help.unhcr.org\/finland\/tr\/wp-json\/wp\/v2\/media?parent=918"}],"curies":[{"name":"wp","href":"https:\/\/api.w.org\/{rel}","templated":true}]}}