{"id":912,"date":"2022-12-07T10:20:03","date_gmt":"2022-12-07T10:20:03","guid":{"rendered":"https:\/\/help.unhcr.org\/finland\/how-to-apply-for-asylum-in-finland\/how-to-apply-for-asylum\/"},"modified":"2025-02-13T13:25:43","modified_gmt":"2025-02-13T13:25:43","slug":"how-to-apply-for-asylum","status":"publish","type":"page","link":"https:\/\/help.unhcr.org\/finland\/tr\/how-to-apply-for-asylum-in-finland\/how-to-apply-for-asylum\/","title":{"rendered":"S\u0131\u011f\u0131nma ba\u015fvurusu nas\u0131l yap\u0131l\u0131r"},"content":{"rendered":"\n<p>\u0130ltica ba\u015fvurusu Finlandiya topraklar\u0131nda veya bir giri\u015f liman\u0131nda (havaalan\u0131, kara s\u0131n\u0131r\u0131 ge\u00e7i\u015f kontrol noktas\u0131 veya liman) yap\u0131labilir. <strong>\u00dclkeye girerken Finlandiya s\u0131n\u0131r\u0131ndaki herhangi bir s\u0131n\u0131r noktas\u0131nda s\u0131n\u0131r muhaf\u0131zlar\u0131na s\u0131\u011f\u0131nma ba\u015fvurusunda bulunabilirsiniz.<\/strong> Ge\u00e7erli bir vizeniz, seyahat belgeniz veya Finlandiya oturma izniniz yoksa bunu yapabilirsiniz.<\/p>\n\n\n\n<p>Zaten Finlandiya&#8217;daysan\u0131z ve s\u0131\u011f\u0131nma ba\u015fvurusunda bulunmak istiyorsan\u0131z <strong>Polise <\/strong>ba\u015fvurmal\u0131s\u0131n\u0131z. <a href=\"https:\/\/poliisi.fi\/poliisin-yhteystiedot-turvapaikkaa-hakeville\">Finlandiya&#8217;da s\u0131\u011f\u0131nma ba\u015fvurusunda bulunabilece\u011finiz polis karakollar\u0131n\u0131n adreslerini ve \u00e7al\u0131\u015fma saatlerini burada bulabilirsiniz.<\/a><strong> \u0130ltica ba\u015fvurusunda bulunmak i\u00e7in randevu alman\u0131za gerek yoktur. <\/strong><\/p>\n\n\n\n<p><a href=\"https:\/\/migri.fi\/turvapaikka-suomesta\">Ayr\u0131ca Finlandiya&#8217;daki uluslararas\u0131 korumaya ili\u015fkin daha fazla bilgiyi Fince, \u0130ngilizce ve \u0130sve\u00e7\u00e7e dillerinde bilgiler i\u00e7eren Finlandiya G\u00f6\u00e7menlik Dairesi&#8217;nin web sitesinde bulabilirsiniz<\/a>. Web sitesinin \u00fcst k\u0131sm\u0131nda bu<br>dillerden birini se\u00e7ebilirsiniz.<\/p>\n\n\n\n<p>\u0130ltica prosed\u00fcr\u00fcne ili\u015fkin t\u00fcm konular, ulusal kurallara ve d\u00fczenlemelere g\u00f6re Finlandiya makamlar\u0131 taraf\u0131ndan ve s\u0131\u011f\u0131nma konular\u0131nda uzmanla\u015fm\u0131\u015f e\u011fitimli ve yetkili ulusal yetkililer taraf\u0131ndan y\u00f6netilmektedir. UNHCR, Finlandiya&#8217;daki s\u0131\u011f\u0131nma ba\u015fvurular\u0131n\u0131n i\u015flenmesinde yer <strong>almamaktad\u0131r<\/strong>.<\/p>\n\n\n\n<div class=\"wp-block-buttons is-content-justification-center is-layout-flex wp-container-core-buttons-is-layout-16018d1d wp-block-buttons-is-layout-flex\">\n<div class=\"wp-block-button\"><a class=\"wp-block-button__link has-black-color has-text-color has-background wp-element-button\" href=\"https:\/\/help.unhcr.org\/finland\/how-to-apply-for-asylum-in-finland\/what-happens-after-i-applied-for-asylum\/\" style=\"background-color:#cce3f2\"><strong>S\u0131\u011f\u0131nma ba\u015fvurusunda bulunduktan sonra ne olacak?<\/strong><\/a><\/div>\n<\/div>\n","protected":false},"excerpt":{"rendered":"<p>\u0130ltica ba\u015fvurusu Finlandiya topraklar\u0131nda veya bir giri\u015f liman\u0131nda (havaalan\u0131, kara s\u0131n\u0131r\u0131 ge\u00e7i\u015f kontrol noktas\u0131 veya liman) yap\u0131labilir. \u00dclkeye girerken Finlandiya s\u0131n\u0131r\u0131ndaki herhangi bir s\u0131n\u0131r noktas\u0131nda s\u0131n\u0131r muhaf\u0131zlar\u0131na s\u0131\u011f\u0131nma ba\u015fvurusunda bulunabilirsiniz. Ge\u00e7erli bir vizeniz, seyahat belgeniz veya Finlandiya oturma izniniz yoksa bunu yapabilirsiniz. Zaten Finlandiya&#8217;daysan\u0131z ve s\u0131\u011f\u0131nma ba\u015fvurusunda bulunmak istiyorsan\u0131z Polise ba\u015fvurmal\u0131s\u0131n\u0131z. Finlandiya&#8217;da s\u0131\u011f\u0131nma ba\u015fvurusunda bulunabilece\u011finiz [&hellip;]<\/p>\n","protected":false},"author":310,"featured_media":0,"parent":909,"menu_order":1,"comment_status":"closed","ping_status":"closed","template":"","meta":{"_acf_changed":false,"footnotes":""},"class_list":["post-912","page","type-page","status-publish","hentry"],"acf":[],"_links":{"self":[{"href":"https:\/\/help.unhcr.org\/finland\/tr\/wp-json\/wp\/v2\/pages\/912","targetHints":{"allow":["GET"]}}],"collection":[{"href":"https:\/\/help.unhcr.org\/finland\/tr\/wp-json\/wp\/v2\/pages"}],"about":[{"href":"https:\/\/help.unhcr.org\/finland\/tr\/wp-json\/wp\/v2\/types\/page"}],"author":[{"embeddable":true,"href":"https:\/\/help.unhcr.org\/finland\/tr\/wp-json\/wp\/v2\/users\/310"}],"replies":[{"embeddable":true,"href":"https:\/\/help.unhcr.org\/finland\/tr\/wp-json\/wp\/v2\/comments?post=912"}],"version-history":[{"count":2,"href":"https:\/\/help.unhcr.org\/finland\/tr\/wp-json\/wp\/v2\/pages\/912\/revisions"}],"predecessor-version":[{"id":1140,"href":"https:\/\/help.unhcr.org\/finland\/tr\/wp-json\/wp\/v2\/pages\/912\/revisions\/1140"}],"up":[{"embeddable":true,"href":"https:\/\/help.unhcr.org\/finland\/tr\/wp-json\/wp\/v2\/pages\/909"}],"wp:attachment":[{"href":"https:\/\/help.unhcr.org\/finland\/tr\/wp-json\/wp\/v2\/media?parent=912"}],"curies":[{"name":"wp","href":"https:\/\/api.w.org\/{rel}","templated":true}]}}