{"id":906,"date":"2022-12-07T10:17:30","date_gmt":"2022-12-07T10:17:30","guid":{"rendered":"https:\/\/help.unhcr.org\/finland\/warnings-about-risks-of-human-trafficking\/"},"modified":"2025-02-13T13:24:17","modified_gmt":"2025-02-13T13:24:17","slug":"warnings-about-risks-of-human-trafficking","status":"publish","type":"page","link":"https:\/\/help.unhcr.org\/finland\/tr\/warnings-about-risks-of-human-trafficking\/","title":{"rendered":"\u0130nsan ka\u00e7ak\u00e7\u0131l\u0131\u011f\u0131n\u0131n risklerine ili\u015fkin uyar\u0131lar"},"content":{"rendered":"\n<p class=\"has-text-align-center has-background\" style=\"background-color:#fdf799\"><strong>\u0130nsan ticaretinden kurtulan biriyseniz veya ba\u015fka birinin oldu\u011fundan \u015f\u00fcpheleniyorsan\u0131z, acil durum telefonundan ( ?112&#8217;yi arayarak) Finlandiya polisiyle ileti\u015fime ge\u00e7melisiniz. Polisle her t\u00fcrl\u00fc temas kesinlikle gizli tutulacakt\u0131r.<\/strong><\/p>\n\n\n\n<p>Yolculu\u011funuzda ve Finlandiya&#8217;ya vard\u0131ktan sonra bir\u00e7ok ki\u015fi size yard\u0131mc\u0131 olmak isteyecektir. Ancak herkes s\u00f6yledi\u011fi ki\u015fi olmayabilir; baz\u0131 insanlar durumunuzdan yararlanmak isteyebilir.<\/p>\n\n\n\n<p>\u00d6rne\u011fin, size kalacak yer, ula\u015f\u0131m veya bedava yemek s\u00f6z\u00fc verebilirler ve bunu sizi cinsel eylemlere, i\u015fe veya kabul etmedi\u011finiz di\u011fer hizmetlere zorlamak i\u00e7in kullanabilirler. Veya size zarar vermek, belgelerinizi veya di\u011fer e\u015fyalar\u0131n\u0131z\u0131 almak isteyebilirler.<\/p>\n\n\n\n<p><strong>L\u00fctfen UNHCR\u2019\u0131n \u201cNas\u0131l g\u00fcvende kal\u0131n\u0131r\u201d konulu bilgilendirme videosuna bir g\u00f6z at\u0131n:<\/strong><\/p>\n\n\n\n<figure class=\"wp-block-embed is-type-video is-provider-youtube wp-block-embed-youtube wp-embed-aspect-16-9 wp-has-aspect-ratio\"><div class=\"wp-block-embed__wrapper\">\n<iframe loading=\"lazy\" title=\"Stay Safe \u2013 Important reminders for refugees to help stay safe while travelling.\" width=\"640\" height=\"360\" src=\"https:\/\/www.youtube.com\/embed\/Zrf01K2eBJc?feature=oembed\" frameborder=\"0\" allow=\"accelerometer; autoplay; clipboard-write; encrypted-media; gyroscope; picture-in-picture; web-share\" referrerpolicy=\"strict-origin-when-cross-origin\" allowfullscreen><\/iframe>\n<\/div><\/figure>\n\n\n\n<p>Video ayn\u0131 zamanda <a href=\"https:\/\/www.youtube.com\/watch?v=FV0xjx_SGsk\">Ukraynaca <\/a>ve <a href=\"https:\/\/www.youtube.com\/watch?v=4HJrKKxu8-I\">Rus\u00e7a <\/a>olarak da mevcuttur.<\/p>\n\n\n\n<p><\/p>\n","protected":false},"excerpt":{"rendered":"<p>\u0130nsan ticaretinden kurtulan biriyseniz veya ba\u015fka birinin oldu\u011fundan \u015f\u00fcpheleniyorsan\u0131z, acil durum telefonundan ( ?112&#8217;yi arayarak) Finlandiya polisiyle ileti\u015fime ge\u00e7melisiniz. Polisle her t\u00fcrl\u00fc temas kesinlikle gizli tutulacakt\u0131r. Yolculu\u011funuzda ve Finlandiya&#8217;ya vard\u0131ktan sonra bir\u00e7ok ki\u015fi size yard\u0131mc\u0131 olmak isteyecektir. Ancak herkes s\u00f6yledi\u011fi ki\u015fi olmayabilir; baz\u0131 insanlar durumunuzdan yararlanmak isteyebilir. \u00d6rne\u011fin, size kalacak yer, ula\u015f\u0131m veya bedava yemek [&hellip;]<\/p>\n","protected":false},"author":310,"featured_media":0,"parent":0,"menu_order":0,"comment_status":"closed","ping_status":"closed","template":"faq_page.php","meta":{"_acf_changed":false,"footnotes":""},"class_list":["post-906","page","type-page","status-publish","hentry"],"acf":[],"_links":{"self":[{"href":"https:\/\/help.unhcr.org\/finland\/tr\/wp-json\/wp\/v2\/pages\/906","targetHints":{"allow":["GET"]}}],"collection":[{"href":"https:\/\/help.unhcr.org\/finland\/tr\/wp-json\/wp\/v2\/pages"}],"about":[{"href":"https:\/\/help.unhcr.org\/finland\/tr\/wp-json\/wp\/v2\/types\/page"}],"author":[{"embeddable":true,"href":"https:\/\/help.unhcr.org\/finland\/tr\/wp-json\/wp\/v2\/users\/310"}],"replies":[{"embeddable":true,"href":"https:\/\/help.unhcr.org\/finland\/tr\/wp-json\/wp\/v2\/comments?post=906"}],"version-history":[{"count":2,"href":"https:\/\/help.unhcr.org\/finland\/tr\/wp-json\/wp\/v2\/pages\/906\/revisions"}],"predecessor-version":[{"id":1137,"href":"https:\/\/help.unhcr.org\/finland\/tr\/wp-json\/wp\/v2\/pages\/906\/revisions\/1137"}],"wp:attachment":[{"href":"https:\/\/help.unhcr.org\/finland\/tr\/wp-json\/wp\/v2\/media?parent=906"}],"curies":[{"name":"wp","href":"https:\/\/api.w.org\/{rel}","templated":true}]}}