{"id":900,"date":"2022-12-07T09:31:54","date_gmt":"2022-12-07T09:31:54","guid":{"rendered":"https:\/\/help.unhcr.org\/finland\/welcome\/"},"modified":"2025-02-21T13:23:49","modified_gmt":"2025-02-21T13:23:49","slug":"welcome","status":"publish","type":"page","link":"https:\/\/help.unhcr.org\/finland\/tr\/","title":{"rendered":"Ho\u015f geldiniz\u00a0"},"content":{"rendered":"\n<p><strong>BM M\u00fclteciler Y\u00fcksek Komiserli\u011fi UNHCR<\/strong> taraf\u0131ndan y\u00fcr\u00fct\u00fclen &#8216;HELP&#8217; web sitesine ho\u015f geldiniz. Burada <strong>m\u00fclteciler, s\u0131\u011f\u0131nmac\u0131lar ve vatans\u0131z ki\u015filerin<\/strong> yan\u0131 s\u0131ra aile \u00fcyeleri ve onlara yard\u0131mc\u0131 olan ki\u015filer Finlandiya&#8217;daki s\u0131\u011f\u0131nma prosed\u00fcr\u00fc ve mevcut hizmetler hakk\u0131nda bilgi alabilirler.<\/p>\n\n\n\n<h2 class=\"wp-block-heading has-black-color has-text-color has-background\" style=\"background-color:#cce3f2\">Bu web sitesinde a\u015fa\u011f\u0131daki bilgilere bulabilirsiniz:<\/h2>\n\n\n\n<p class=\"has-background\" style=\"background-color:#abb7c230\"><font><strong><font>\u27a1\ufe0f<\/font><\/strong><\/font><a href=\"https:\/\/help.unhcr.org\/finland\/tr\/information-for-people-fleeing-ukraine-seeking-protection-in-finland\/\"><strong>Ukrayna&#8217;dan ka\u00e7\u0131p Finlandiya&#8217;da koruma arayan ki\u015filer i\u00e7in bilgiler<\/strong><\/a><font><strong><br><font>\u27a1\ufe0f<\/font><\/strong><\/font><a href=\"https:\/\/help.unhcr.org\/finland\/tr\/warnings-about-risks-of-human-trafficking\/\"><strong>\u0130nsan ka\u00e7ak\u00e7\u0131l\u0131\u011f\u0131n\u0131n risklerine ili\u015fkin uyar\u0131lar<\/strong><\/a><font><strong><br><font>\u27a1\ufe0f<\/font><\/strong><\/font><a href=\"https:\/\/help.unhcr.org\/finland\/tr\/how-to-apply-for-asylum-in-finland\/\"><strong>Finlandiya&#8217;da s\u0131\u011f\u0131nma ba\u015fvurusu nas\u0131l yap\u0131l\u0131r<\/strong><\/a><font><strong><br><font>\u27a1\ufe0f<\/font><\/strong><\/font><a href=\"https:\/\/help.unhcr.org\/finland\/tr\/how-to-apply-for-family-reunification\/\"><strong>Aile birle\u015fimi i\u00e7in nas\u0131l ba\u015fvurulur<\/strong><\/a><font><strong><br><font>\u27a1\ufe0f<\/font><\/strong><\/font><a href=\"https:\/\/help.unhcr.org\/finland\/tr\/where-to-find-help-in-finland\/\"><strong>Finlandiya&#8217;da nereden yard\u0131m bulabilirim<\/strong><\/a><font><strong><br><font>\u27a1\ufe0f<\/font><\/strong><\/font><a href=\"https:\/\/help.unhcr.org\/finland\/tr\/about-unhcr-in-finland\/\"><strong>Finlandiya UNHCR hakk\u0131nda<\/strong><\/a><font><strong><br><font>\u27a1\ufe0f<\/font><\/strong><\/font><a href=\"https:\/\/help.unhcr.org\/finland\/tr\/how-to-report-misconduct\/\"><strong>Suiistimal nas\u0131l bildirilir<\/strong><\/a><\/p>\n\n\n\n<p> <strong>Finlandiya d\u0131\u015f\u0131nda m\u0131s\u0131n\u0131z? <\/strong>Yurtd\u0131\u015f\u0131ndaki akrabalar\u0131n\u0131z i\u00e7in yard\u0131m m\u0131 ar\u0131yorsunuz? L\u00fctfen <a href=\"https:\/\/help.unhcr.org\/\">BMMYK&#8217;nin YARDIM ana sayfas\u0131nda<\/a> bilgi almak istedi\u011finiz \u00fclkeyi se\u00e7in veya en <a href=\"https:\/\/www.unhcr.org\/where-we-work.html\">yak\u0131n UNHCR \u00fclke ofisiyle<\/a> ileti\u015fime ge\u00e7in.<\/p>\n\n\n\n<p>Ukrayna&#8217;dan ka\u00e7\u0131yorsan\u0131z ve Polonya, Macaristan, \u0130talya, Slovakya, Romanya veya Bulgaristan&#8217;daysan\u0131z, l\u00fctfen haklar, hizmetler ve nereden yard\u0131m bulabilece\u011finizle ilgili bilgileri <a href=\"https:\/\/bluedothub.org\/\">Dijital Mavi Nokta&#8217;da<\/a> bulabilirsiniz. Site ayr\u0131ca <a href=\"https:\/\/bluedothub.org\/uk\/\">Ukraynaca <\/a>ve <a href=\"https:\/\/bluedothub.org\/ru\/\">Rus\u00e7a <\/a>olarak da mevcuttur.\u202f\u202f<\/p>\n","protected":false},"excerpt":{"rendered":"<p>BM M\u00fclteciler Y\u00fcksek Komiserli\u011fi UNHCR taraf\u0131ndan y\u00fcr\u00fct\u00fclen &#8216;HELP&#8217; web sitesine ho\u015f geldiniz. Burada m\u00fclteciler, s\u0131\u011f\u0131nmac\u0131lar ve vatans\u0131z ki\u015filerin yan\u0131 s\u0131ra aile \u00fcyeleri ve onlara yard\u0131mc\u0131 olan ki\u015filer Finlandiya&#8217;daki s\u0131\u011f\u0131nma prosed\u00fcr\u00fc ve mevcut hizmetler hakk\u0131nda bilgi alabilirler. Bu web sitesinde a\u015fa\u011f\u0131daki bilgilere bulabilirsiniz: \u27a1\ufe0fUkrayna&#8217;dan ka\u00e7\u0131p Finlandiya&#8217;da koruma arayan ki\u015filer i\u00e7in bilgiler\u27a1\ufe0f\u0130nsan ka\u00e7ak\u00e7\u0131l\u0131\u011f\u0131n\u0131n risklerine ili\u015fkin uyar\u0131lar\u27a1\ufe0fFinlandiya&#8217;da s\u0131\u011f\u0131nma [&hellip;]<\/p>\n","protected":false},"author":310,"featured_media":0,"parent":0,"menu_order":0,"comment_status":"closed","ping_status":"closed","template":"","meta":{"_acf_changed":false,"footnotes":""},"class_list":["post-900","page","type-page","status-publish","hentry"],"acf":[],"_links":{"self":[{"href":"https:\/\/help.unhcr.org\/finland\/tr\/wp-json\/wp\/v2\/pages\/900","targetHints":{"allow":["GET"]}}],"collection":[{"href":"https:\/\/help.unhcr.org\/finland\/tr\/wp-json\/wp\/v2\/pages"}],"about":[{"href":"https:\/\/help.unhcr.org\/finland\/tr\/wp-json\/wp\/v2\/types\/page"}],"author":[{"embeddable":true,"href":"https:\/\/help.unhcr.org\/finland\/tr\/wp-json\/wp\/v2\/users\/310"}],"replies":[{"embeddable":true,"href":"https:\/\/help.unhcr.org\/finland\/tr\/wp-json\/wp\/v2\/comments?post=900"}],"version-history":[{"count":3,"href":"https:\/\/help.unhcr.org\/finland\/tr\/wp-json\/wp\/v2\/pages\/900\/revisions"}],"predecessor-version":[{"id":1210,"href":"https:\/\/help.unhcr.org\/finland\/tr\/wp-json\/wp\/v2\/pages\/900\/revisions\/1210"}],"wp:attachment":[{"href":"https:\/\/help.unhcr.org\/finland\/tr\/wp-json\/wp\/v2\/media?parent=900"}],"curies":[{"name":"wp","href":"https:\/\/api.w.org\/{rel}","templated":true}]}}