{"id":321,"date":"2022-12-07T10:54:32","date_gmt":"2022-12-07T10:54:32","guid":{"rendered":"https:\/\/help.unhcr.org\/finland\/how-to-apply-for-asylum-in-finland\/what-are-my-rights-and-obligations-as-asylum-seeker\/"},"modified":"2025-02-13T13:05:00","modified_gmt":"2025-02-13T13:05:00","slug":"what-are-my-rights-and-obligations-as-asylum-seeker","status":"publish","type":"page","link":"https:\/\/help.unhcr.org\/finland\/es\/how-to-apply-for-asylum-in-finland\/what-are-my-rights-and-obligations-as-asylum-seeker\/","title":{"rendered":"\u00bfCu\u00e1les son los derechos y obligaciones de los solicitantes de asilo?"},"content":{"rendered":"\n<p><a href=\"https:\/\/migri.fi\/arki-vastaanottokeskuksessa\">Puede leer sobre los derechos a trabajar, estudiar, de salud y otros en la p\u00e1gina del Servicio de Inmigraci\u00f3n Finland\u00e9s (la informaci\u00f3n est\u00e1 disponible en fin\u00e9s, ingl\u00e9s y sueco).<\/a><\/p>\n","protected":false},"excerpt":{"rendered":"<p>Puede leer sobre los derechos a trabajar, estudiar, de salud y otros en la p\u00e1gina del Servicio de Inmigraci\u00f3n Finland\u00e9s (la informaci\u00f3n est\u00e1 disponible en fin\u00e9s, ingl\u00e9s y sueco).<\/p>\n","protected":false},"author":310,"featured_media":0,"parent":258,"menu_order":5,"comment_status":"closed","ping_status":"closed","template":"","meta":{"_acf_changed":false,"footnotes":""},"class_list":["post-321","page","type-page","status-publish","hentry"],"acf":[],"_links":{"self":[{"href":"https:\/\/help.unhcr.org\/finland\/es\/wp-json\/wp\/v2\/pages\/321","targetHints":{"allow":["GET"]}}],"collection":[{"href":"https:\/\/help.unhcr.org\/finland\/es\/wp-json\/wp\/v2\/pages"}],"about":[{"href":"https:\/\/help.unhcr.org\/finland\/es\/wp-json\/wp\/v2\/types\/page"}],"author":[{"embeddable":true,"href":"https:\/\/help.unhcr.org\/finland\/es\/wp-json\/wp\/v2\/users\/310"}],"replies":[{"embeddable":true,"href":"https:\/\/help.unhcr.org\/finland\/es\/wp-json\/wp\/v2\/comments?post=321"}],"version-history":[{"count":4,"href":"https:\/\/help.unhcr.org\/finland\/es\/wp-json\/wp\/v2\/pages\/321\/revisions"}],"predecessor-version":[{"id":1104,"href":"https:\/\/help.unhcr.org\/finland\/es\/wp-json\/wp\/v2\/pages\/321\/revisions\/1104"}],"up":[{"embeddable":true,"href":"https:\/\/help.unhcr.org\/finland\/es\/wp-json\/wp\/v2\/pages\/258"}],"wp:attachment":[{"href":"https:\/\/help.unhcr.org\/finland\/es\/wp-json\/wp\/v2\/media?parent=321"}],"curies":[{"name":"wp","href":"https:\/\/api.w.org\/{rel}","templated":true}]}}