{"id":300,"date":"2022-12-12T12:41:42","date_gmt":"2022-12-12T12:41:42","guid":{"rendered":"https:\/\/help.unhcr.org\/finland\/how-to-report-misconduct\/"},"modified":"2025-02-13T13:18:59","modified_gmt":"2025-02-13T13:18:59","slug":"how-to-report-misconduct","status":"publish","type":"page","link":"https:\/\/help.unhcr.org\/finland\/es\/how-to-report-misconduct\/","title":{"rendered":"\u00bfC\u00f3mo reportar fraude y faltas profesionales?"},"content":{"rendered":"\n<p><\/p>\n\n\n\n<p class=\"has-text-align-center has-background\" style=\"background-color:#fdf799\"><strong><strong>Recuerde: Todos los servicios y actividades de la ACNUR son siempre gratuitos<\/strong>. <\/strong><br>En ning\u00fan momento se le pedir\u00e1 que pague por servicios provistos por la ACNUR ni sus colaboradores. Est\u00e9 alerta de conductas fraudulentas y no le crea a nadie que le diga que, si paga, recibir\u00e1 ayuda con el registro, reubicaci\u00f3n, etc.<\/p>\n","protected":false},"excerpt":{"rendered":"<p>Recuerde: Todos los servicios y actividades de la ACNUR son siempre gratuitos. En ning\u00fan momento se le pedir\u00e1 que pague por servicios provistos por la ACNUR ni sus colaboradores. Est\u00e9 alerta de conductas fraudulentas y no le crea a nadie que le diga que, si paga, recibir\u00e1 ayuda con el registro, reubicaci\u00f3n, etc.<\/p>\n","protected":false},"author":310,"featured_media":0,"parent":0,"menu_order":0,"comment_status":"closed","ping_status":"closed","template":"faq_page.php","meta":{"_acf_changed":false,"footnotes":""},"class_list":["post-300","page","type-page","status-publish","hentry"],"acf":[],"_links":{"self":[{"href":"https:\/\/help.unhcr.org\/finland\/es\/wp-json\/wp\/v2\/pages\/300","targetHints":{"allow":["GET"]}}],"collection":[{"href":"https:\/\/help.unhcr.org\/finland\/es\/wp-json\/wp\/v2\/pages"}],"about":[{"href":"https:\/\/help.unhcr.org\/finland\/es\/wp-json\/wp\/v2\/types\/page"}],"author":[{"embeddable":true,"href":"https:\/\/help.unhcr.org\/finland\/es\/wp-json\/wp\/v2\/users\/310"}],"replies":[{"embeddable":true,"href":"https:\/\/help.unhcr.org\/finland\/es\/wp-json\/wp\/v2\/comments?post=300"}],"version-history":[{"count":5,"href":"https:\/\/help.unhcr.org\/finland\/es\/wp-json\/wp\/v2\/pages\/300\/revisions"}],"predecessor-version":[{"id":1134,"href":"https:\/\/help.unhcr.org\/finland\/es\/wp-json\/wp\/v2\/pages\/300\/revisions\/1134"}],"wp:attachment":[{"href":"https:\/\/help.unhcr.org\/finland\/es\/wp-json\/wp\/v2\/media?parent=300"}],"curies":[{"name":"wp","href":"https:\/\/api.w.org\/{rel}","templated":true}]}}