{"id":297,"date":"2022-12-12T12:37:46","date_gmt":"2022-12-12T12:37:46","guid":{"rendered":"https:\/\/help.unhcr.org\/finland\/about-unhcr-in-finland\/"},"modified":"2025-02-13T13:19:15","modified_gmt":"2025-02-13T13:19:15","slug":"about-unhcr-in-finland","status":"publish","type":"page","link":"https:\/\/help.unhcr.org\/finland\/es\/about-unhcr-in-finland\/","title":{"rendered":"Acerca de la ACNUR en Finlandia"},"content":{"rendered":"\n<p class=\"has-text-align-center has-background\" style=\"background-color:#fdf799\"><strong>Toda la informaci\u00f3n y servicios brindados por la ACNUR y sus colaboradores son GRATUITOS para los beneficiarios de protecci\u00f3n temporal, solicitantes de asilo, refugiados, beneficiarios de protecci\u00f3n subsidiaria y persona ap\u00e1tridas.<\/strong><\/p>\n\n\n\n<p>La ACNUR, el organismo para los refugiados de las Naciones Unidas, protege a las personas que se han visto forzadas a huir de sus hogares debido a conflictos y persecuci\u00f3n. Salvamos vidas, protegemos derechos y ayudamos a construir mejores futuros.<\/p>\n\n\n\n<p>En Finlandia, la ACNUR apoya a las autoridades nacionales a ejecutar sus labores en l\u00ednea con las normas europeas e internacionales. La ACNUR no forma parte del procedimiento para el asilo en Finlandia, cuya responsabilidad tiene el Servicio de Inmigraci\u00f3n Finland\u00e9s.<\/p>\n\n\n\n<p>La ACNUR Finlandia es parte de la <a href=\"https:\/\/www.unhcr.org\/neu\/?_gl=1*kp03c2*_rup_ga*NTEyMjQ0MjAzLjE3MTMyODIwMzg.*_rup_ga_EVDQTJ4LMY*MTcyMzExNzc4My43Ny4xLjE3MjMxMjE0NjYuNjAuMC4w*_gcl_au*MTkwNjA1MDUwMC4xNzIyMjYxMTkx*_ga*NTEyMjQ0MjAzLjE3MTMyODIwMzg.*_ga_LWE302QVCZ*MTcyMzExNzc4My4xMS4xLjE3MjMxMjE0NjYuNjAuMC4w\" data-type=\"link\" data-id=\"https:\/\/www.unhcr.org\/neu\/?_gl=1*kp03c2*_rup_ga*NTEyMjQ0MjAzLjE3MTMyODIwMzg.*_rup_ga_EVDQTJ4LMY*MTcyMzExNzc4My43Ny4xLjE3MjMxMjE0NjYuNjAuMC4w*_gcl_au*MTkwNjA1MDUwMC4xNzIyMjYxMTkx*_ga*NTEyMjQ0MjAzLjE3MTMyODIwMzg.*_ga_LWE302QVCZ*MTcyMzExNzc4My4xMS4xLjE3MjMxMjE0NjYuNjAuMC4w\">Representaci\u00f3n de la ACNUR en los Pa\u00edses N\u00f3rdicos y B\u00e1lticos<\/a>, cuya sede se encuentra en Estocolmo (Suecia).<\/p>\n\n\n\n<h2 class=\"wp-block-heading\">Comun\u00edquese con nosotros<\/h2>\n\n\n\n<p>Si no encuentra la informaci\u00f3n que buscaba en esta p\u00e1gina web de \u2018AYUDA\u2019, comun\u00edquese con nosotros por tel\u00e9fono o correo electr\u00f3nico:<\/p>\n\n\n\n<p><strong>\u00a0Tel\u00e9fono:<\/strong> ?\u00a0<strong>+46 10 10 12 800<\/strong>\u00a0(de lunes a viernes, de 10:00 a 12:00 en horario de Estocolmo)<br><strong>\u00a0\u00a0 Correo electr\u00f3nico:<\/strong>\u00a0? <a href=\"mailto:swestprotection@unhcr.org\" target=\"_blank\" rel=\"noreferrer noopener\">swestprotection@unhcr.org<\/a><\/p>\n\n\n\n<p class=\"has-text-align-center has-black-color has-text-color has-background\" style=\"background-color:#cce3f2\"><strong>Si no habla ingl\u00e9s ni sueco<\/strong><\/p>\n\n\n\n<p>Aunque solo podemos llevar a cabo llamadas en ingl\u00e9s o sueco, puede enviarnos mensajes por correo electr\u00f3nico en el <strong>idioma de su preferencia<\/strong> donde explique su situaci\u00f3n, y le responderemos. En la mayor\u00eda de los casos, nuestra respuesta ser\u00e1 en ingl\u00e9s, pero le invitamos a usar la herramienta Google Translate si tiene dificultades para entender, o a escribirnos de nuevo solicitando que clarifiquemos lo previamente comunicado.<\/p>\n","protected":false},"excerpt":{"rendered":"<p>Toda la informaci\u00f3n y servicios brindados por la ACNUR y sus colaboradores son GRATUITOS para los beneficiarios de protecci\u00f3n temporal, solicitantes de asilo, refugiados, beneficiarios de protecci\u00f3n subsidiaria y persona ap\u00e1tridas. La ACNUR, el organismo para los refugiados de las Naciones Unidas, protege a las personas que se han visto forzadas a huir de sus [&hellip;]<\/p>\n","protected":false},"author":310,"featured_media":0,"parent":0,"menu_order":0,"comment_status":"closed","ping_status":"closed","template":"","meta":{"_acf_changed":false,"footnotes":""},"class_list":["post-297","page","type-page","status-publish","hentry"],"acf":[],"_links":{"self":[{"href":"https:\/\/help.unhcr.org\/finland\/es\/wp-json\/wp\/v2\/pages\/297","targetHints":{"allow":["GET"]}}],"collection":[{"href":"https:\/\/help.unhcr.org\/finland\/es\/wp-json\/wp\/v2\/pages"}],"about":[{"href":"https:\/\/help.unhcr.org\/finland\/es\/wp-json\/wp\/v2\/types\/page"}],"author":[{"embeddable":true,"href":"https:\/\/help.unhcr.org\/finland\/es\/wp-json\/wp\/v2\/users\/310"}],"replies":[{"embeddable":true,"href":"https:\/\/help.unhcr.org\/finland\/es\/wp-json\/wp\/v2\/comments?post=297"}],"version-history":[{"count":6,"href":"https:\/\/help.unhcr.org\/finland\/es\/wp-json\/wp\/v2\/pages\/297\/revisions"}],"predecessor-version":[{"id":1135,"href":"https:\/\/help.unhcr.org\/finland\/es\/wp-json\/wp\/v2\/pages\/297\/revisions\/1135"}],"wp:attachment":[{"href":"https:\/\/help.unhcr.org\/finland\/es\/wp-json\/wp\/v2\/media?parent=297"}],"curies":[{"name":"wp","href":"https:\/\/api.w.org\/{rel}","templated":true}]}}