{"id":294,"date":"2022-12-12T13:36:18","date_gmt":"2022-12-12T13:36:18","guid":{"rendered":"https:\/\/help.unhcr.org\/finland\/where-to-find-help-in-finland\/finding-a-missing-family-member-in-another-country-family-tracing\/"},"modified":"2025-02-13T13:18:29","modified_gmt":"2025-02-13T13:18:29","slug":"finding-a-missing-family-member-in-another-country-family-tracing","status":"publish","type":"page","link":"https:\/\/help.unhcr.org\/finland\/es\/where-to-find-help-in-finland\/finding-a-missing-family-member-in-another-country-family-tracing\/","title":{"rendered":"Encontrar a un familiar en otro pa\u00eds (b\u00fasqueda de familiares)"},"content":{"rendered":"\n<p>Si vive en Finlandia, le aconsejamos ponerse en contacto con nuestro organismo colaborador, la<strong> Cruz Roja Finlandesa<\/strong>. Este organismo ofrece servicios de b\u00fasqueda de familiares. Su informaci\u00f3n de contacto es:<\/p>\n\n\n\n<div class=\"wp-block-group has-background\" style=\"background-color:#abb7c230\"><div class=\"wp-block-group__inner-container is-layout-flow wp-block-group-is-layout-flow\">\n<h3 class=\"wp-block-heading\"><strong>Cruz Roja Finlandesa<\/strong><\/h3>\n\n\n\n<ul class=\"wp-block-list\">\n<li><strong>Tel\u00e9fono<\/strong>: ? +358 20&nbsp;701 2000<\/li>\n\n\n\n<li><strong>Direcci\u00f3n electr\u00f3nica<\/strong>: ? <a href=\"mailto:tracing@redcross.fi\" target=\"_blank\" rel=\"noreferrer noopener\">tracing@redcross.fi<\/a><\/li>\n<\/ul>\n<\/div><\/div>\n\n\n\n<p><a href=\"https:\/\/www.punainenristi.fi\/hae-apua-ja-tukea\/kadonneiden-loytamiseen\/\" target=\"_blank\" rel=\"noreferrer noopener\">Conozca m\u00e1s del trabajo que realizan la Cruz Roja Finlandesa y el Comit\u00e9 Internacional de la Cruz Roja en relaci\u00f3n con la b\u00fasqueda de familiares<\/a>.<\/p>\n","protected":false},"excerpt":{"rendered":"<p>Si vive en Finlandia, le aconsejamos ponerse en contacto con nuestro organismo colaborador, la Cruz Roja Finlandesa. Este organismo ofrece servicios de b\u00fasqueda de familiares. Su informaci\u00f3n de contacto es: Cruz Roja Finlandesa Conozca m\u00e1s del trabajo que realizan la Cruz Roja Finlandesa y el Comit\u00e9 Internacional de la Cruz Roja en relaci\u00f3n con la [&hellip;]<\/p>\n","protected":false},"author":310,"featured_media":0,"parent":279,"menu_order":5,"comment_status":"closed","ping_status":"closed","template":"","meta":{"_acf_changed":false,"footnotes":""},"class_list":["post-294","page","type-page","status-publish","hentry"],"acf":[],"_links":{"self":[{"href":"https:\/\/help.unhcr.org\/finland\/es\/wp-json\/wp\/v2\/pages\/294","targetHints":{"allow":["GET"]}}],"collection":[{"href":"https:\/\/help.unhcr.org\/finland\/es\/wp-json\/wp\/v2\/pages"}],"about":[{"href":"https:\/\/help.unhcr.org\/finland\/es\/wp-json\/wp\/v2\/types\/page"}],"author":[{"embeddable":true,"href":"https:\/\/help.unhcr.org\/finland\/es\/wp-json\/wp\/v2\/users\/310"}],"replies":[{"embeddable":true,"href":"https:\/\/help.unhcr.org\/finland\/es\/wp-json\/wp\/v2\/comments?post=294"}],"version-history":[{"count":5,"href":"https:\/\/help.unhcr.org\/finland\/es\/wp-json\/wp\/v2\/pages\/294\/revisions"}],"predecessor-version":[{"id":1132,"href":"https:\/\/help.unhcr.org\/finland\/es\/wp-json\/wp\/v2\/pages\/294\/revisions\/1132"}],"up":[{"embeddable":true,"href":"https:\/\/help.unhcr.org\/finland\/es\/wp-json\/wp\/v2\/pages\/279"}],"wp:attachment":[{"href":"https:\/\/help.unhcr.org\/finland\/es\/wp-json\/wp\/v2\/media?parent=294"}],"curies":[{"name":"wp","href":"https:\/\/api.w.org\/{rel}","templated":true}]}}