{"id":291,"date":"2022-12-12T12:46:04","date_gmt":"2022-12-12T12:46:04","guid":{"rendered":"https:\/\/help.unhcr.org\/finland\/where-to-find-help-in-finland\/information-and-help-on-how-to-protect-from-coronavirus-covid-19\/"},"modified":"2025-02-13T13:18:17","modified_gmt":"2025-02-13T13:18:17","slug":"information-and-help-on-how-to-protect-from-coronavirus-covid-19","status":"publish","type":"page","link":"https:\/\/help.unhcr.org\/finland\/es\/where-to-find-help-in-finland\/information-and-help-on-how-to-protect-from-coronavirus-covid-19\/","title":{"rendered":"Informaci\u00f3n y ayuda para protegerse del coronavirus (COVID-19)"},"content":{"rendered":"\n<p>Los solicitantes de asilo podr\u00e1n ingresar a Finlandia incluso si nunca se han realizado alguna prueba del COVID-19, si no se han recuperado de una infecci\u00f3n o si no se han vacunado contra esta enfermedad.<\/p>\n\n\n\n<p>Todos los residentes de Finlandia (incluidos los refugiados y solicitantes de asilo) pueden recibir una vacuna <strong>gratuita<\/strong> en el pa\u00eds contra la COVID-19. Se puede agendar una cita para la vacuna u obtener m\u00e1s informaci\u00f3n sobre ella llamando al ? <strong>116 117<\/strong> o en su punto de vacunaci\u00f3n m\u00e1s cercano.<\/p>\n\n\n\n<p>Para informaci\u00f3n oficial, <a href=\"https:\/\/thl.fi\/fi\/web\/infektiotaudit-ja-rokotukset\/ajankohtaista\/ajankohtaista-koronaviruksesta-covid-19\/rokotteet-ja-koronavirus\" data-type=\"link\" data-id=\"https:\/\/thl.fi\/fi\/web\/infektiotaudit-ja-rokotukset\/ajankohtaista\/ajankohtaista-koronaviruksesta-covid-19\/rokotteet-ja-koronavirus\">consulte la p\u00e1gina web del Instituto Finland\u00e9s de la Salud y el Bienestar<\/a>, disponible en <strong>fin\u00e9s<\/strong>, <strong>sueco<\/strong> e <strong>ingl\u00e9s<\/strong>.<\/p>\n","protected":false},"excerpt":{"rendered":"<p>Los solicitantes de asilo podr\u00e1n ingresar a Finlandia incluso si nunca se han realizado alguna prueba del COVID-19, si no se han recuperado de una infecci\u00f3n o si no se han vacunado contra esta enfermedad. Todos los residentes de Finlandia (incluidos los refugiados y solicitantes de asilo) pueden recibir una vacuna gratuita en el pa\u00eds [&hellip;]<\/p>\n","protected":false},"author":310,"featured_media":0,"parent":279,"menu_order":4,"comment_status":"closed","ping_status":"closed","template":"","meta":{"_acf_changed":false,"footnotes":""},"class_list":["post-291","page","type-page","status-publish","hentry"],"acf":[],"_links":{"self":[{"href":"https:\/\/help.unhcr.org\/finland\/es\/wp-json\/wp\/v2\/pages\/291","targetHints":{"allow":["GET"]}}],"collection":[{"href":"https:\/\/help.unhcr.org\/finland\/es\/wp-json\/wp\/v2\/pages"}],"about":[{"href":"https:\/\/help.unhcr.org\/finland\/es\/wp-json\/wp\/v2\/types\/page"}],"author":[{"embeddable":true,"href":"https:\/\/help.unhcr.org\/finland\/es\/wp-json\/wp\/v2\/users\/310"}],"replies":[{"embeddable":true,"href":"https:\/\/help.unhcr.org\/finland\/es\/wp-json\/wp\/v2\/comments?post=291"}],"version-history":[{"count":5,"href":"https:\/\/help.unhcr.org\/finland\/es\/wp-json\/wp\/v2\/pages\/291\/revisions"}],"predecessor-version":[{"id":1131,"href":"https:\/\/help.unhcr.org\/finland\/es\/wp-json\/wp\/v2\/pages\/291\/revisions\/1131"}],"up":[{"embeddable":true,"href":"https:\/\/help.unhcr.org\/finland\/es\/wp-json\/wp\/v2\/pages\/279"}],"wp:attachment":[{"href":"https:\/\/help.unhcr.org\/finland\/es\/wp-json\/wp\/v2\/media?parent=291"}],"curies":[{"name":"wp","href":"https:\/\/api.w.org\/{rel}","templated":true}]}}