{"id":288,"date":"2022-12-07T11:14:42","date_gmt":"2022-12-07T11:14:42","guid":{"rendered":"https:\/\/help.unhcr.org\/finland\/where-to-find-help-in-finland\/helplines\/"},"modified":"2025-02-13T13:18:05","modified_gmt":"2025-02-13T13:18:05","slug":"helplines","status":"publish","type":"page","link":"https:\/\/help.unhcr.org\/finland\/es\/where-to-find-help-in-finland\/helplines\/","title":{"rendered":"L\u00edneas telef\u00f3nicas de ayuda"},"content":{"rendered":"\n<p>Puede contactar a diversos ONG o instituciones para obtener otras formas de ayuda y apoyo:<\/p>\n\n\n\n<ul class=\"wp-block-list\">\n<li>Si tiene pensamientos intensos de quitarse la vida o conoce a alguien que los tenga, comun\u00edquese al ? <strong>112<\/strong> para asistencia urgente.<\/li>\n\n\n\n<li>Para cuidados emocionales y pastorales en caso de muerte, tristeza, ansiedad o pensamientos suicidas, llame a la l\u00ednea nacional de ayuda en crisis al ? <strong>09 2525 0111<\/strong> (abierto las 24\/7).<\/li>\n\n\n\n<li>Si tiene menos de 18 a\u00f1os o conoce a alguien de este grupo de edad que necesite ayuda o consejos, comun\u00edquese a Nuorten Puheliun al ? <strong>116 111<\/strong> (abierto de lunes a viernes, de 14 a 20 y s\u00e1bado y domingo de 17 a 20) o comun\u00edquese al ? chat en l\u00ednea (abierto todos los d\u00edas de 17 a 20).<\/li>\n\n\n\n<li>Si sufre o ha sufrido violencia f\u00edsica, mental, econ\u00f3mica o sexual, comun\u00edquese a la l\u00ednea nacional de ayuda por crisis al ? <strong>09 2525 0111<\/strong> (abierto las 24\/7).<\/li>\n<\/ul>\n","protected":false},"excerpt":{"rendered":"<p>Puede contactar a diversos ONG o instituciones para obtener otras formas de ayuda y apoyo:<\/p>\n","protected":false},"author":310,"featured_media":0,"parent":279,"menu_order":3,"comment_status":"closed","ping_status":"closed","template":"","meta":{"_acf_changed":false,"footnotes":""},"class_list":["post-288","page","type-page","status-publish","hentry"],"acf":[],"_links":{"self":[{"href":"https:\/\/help.unhcr.org\/finland\/es\/wp-json\/wp\/v2\/pages\/288","targetHints":{"allow":["GET"]}}],"collection":[{"href":"https:\/\/help.unhcr.org\/finland\/es\/wp-json\/wp\/v2\/pages"}],"about":[{"href":"https:\/\/help.unhcr.org\/finland\/es\/wp-json\/wp\/v2\/types\/page"}],"author":[{"embeddable":true,"href":"https:\/\/help.unhcr.org\/finland\/es\/wp-json\/wp\/v2\/users\/310"}],"replies":[{"embeddable":true,"href":"https:\/\/help.unhcr.org\/finland\/es\/wp-json\/wp\/v2\/comments?post=288"}],"version-history":[{"count":5,"href":"https:\/\/help.unhcr.org\/finland\/es\/wp-json\/wp\/v2\/pages\/288\/revisions"}],"predecessor-version":[{"id":1130,"href":"https:\/\/help.unhcr.org\/finland\/es\/wp-json\/wp\/v2\/pages\/288\/revisions\/1130"}],"up":[{"embeddable":true,"href":"https:\/\/help.unhcr.org\/finland\/es\/wp-json\/wp\/v2\/pages\/279"}],"wp:attachment":[{"href":"https:\/\/help.unhcr.org\/finland\/es\/wp-json\/wp\/v2\/media?parent=288"}],"curies":[{"name":"wp","href":"https:\/\/api.w.org\/{rel}","templated":true}]}}