{"id":282,"date":"2022-12-07T11:11:11","date_gmt":"2022-12-07T11:11:11","guid":{"rendered":"https:\/\/help.unhcr.org\/finland\/where-to-find-help-in-finland\/counselling-services-for-asylum-procedures\/"},"modified":"2025-02-13T13:17:42","modified_gmt":"2025-02-13T13:17:42","slug":"counselling-services-for-asylum-procedures","status":"publish","type":"page","link":"https:\/\/help.unhcr.org\/finland\/es\/where-to-find-help-in-finland\/counselling-services-for-asylum-procedures\/","title":{"rendered":"Servicios de asesor\u00eda para el procedimiento de asilo"},"content":{"rendered":"\n<p>Si est\u00e1 en Finlandia y necesita asesor\u00eda legal para su caso de asilo, ayuda para solicitar asesor\u00eda legal estatal, ayuda para apelar una decisi\u00f3n o tiene dudas sobre los procedimientos de asilo o reunificaci\u00f3n familiar en Finlandia, comun\u00edquese con nuestro organismo colaborador, el Centro Finland\u00e9s de Asesor\u00eda al Refugiado (Pakolaisneuvonta):<\/p>\n\n\n\n<div class=\"wp-block-group has-background\" style=\"background-color:#abb7c230\"><div class=\"wp-block-group__inner-container is-layout-flow wp-block-group-is-layout-flow\">\n<h3 class=\"wp-block-heading\"> <strong>Centro Finland\u00e9s de Asesor\u00eda al Refugiado (Pakolaisneuvonta)<\/strong><\/h3>\n\n\n\n<ul class=\"wp-block-list\">\n<li><strong>&nbsp;&nbsp;&nbsp;&nbsp;&nbsp;Direcci\u00f3n:<\/strong> Pasilanraitio 9B, 00240 Helsinki, Finlandia<\/li>\n\n\n\n<li><strong>&nbsp;&nbsp;&nbsp;&nbsp;&nbsp;Tel\u00e9fono<\/strong> ? +358 9 2313 9300<\/li>\n\n\n\n<li><strong>&nbsp;&nbsp;&nbsp;&nbsp;&nbsp;Direcci\u00f3n electr\u00f3nica: <\/strong>? <a href=\"mailto:pan@pakolaisneuvonta.fi\" target=\"_blank\" rel=\"noreferrer noopener\">pan@pakolaisneuvonta.fi<\/a> &nbsp;&nbsp;&nbsp;&nbsp;&nbsp; <\/li>\n\n\n\n<li>\u00a0\u00a0\u00a0\u00a0\u00a0<strong>P\u00e1gina web:<\/strong> <a href=\"https:\/\/www.pakolaisneuvonta.fi\/en\/\">Servicios jur\u00eddicos para solicitantes de asilo y refugiados<\/a><br><\/li>\n<\/ul>\n<\/div><\/div>\n\n\n\n<p>Le informamos que la ACNUR <strong>no<\/strong> forma parte de los procedimientos de asilo en Finlandia y no puede brindar asesor\u00eda legal a solicitantes de, por ejemplo, asilo o reunificaci\u00f3n familiar. La ACNUR trabaja with con organismos nacionales no gubernamentales, como el Centro Finland\u00e9s de Asesor\u00eda al Refugiado, que cuenta con personal que brinda apoyo y asesor\u00eda.<\/p>\n","protected":false},"excerpt":{"rendered":"<p>Si est\u00e1 en Finlandia y necesita asesor\u00eda legal para su caso de asilo, ayuda para solicitar asesor\u00eda legal estatal, ayuda para apelar una decisi\u00f3n o tiene dudas sobre los procedimientos de asilo o reunificaci\u00f3n familiar en Finlandia, comun\u00edquese con nuestro organismo colaborador, el Centro Finland\u00e9s de Asesor\u00eda al Refugiado (Pakolaisneuvonta): Centro Finland\u00e9s de Asesor\u00eda al [&hellip;]<\/p>\n","protected":false},"author":310,"featured_media":0,"parent":279,"menu_order":1,"comment_status":"closed","ping_status":"closed","template":"","meta":{"_acf_changed":false,"footnotes":""},"class_list":["post-282","page","type-page","status-publish","hentry"],"acf":[],"_links":{"self":[{"href":"https:\/\/help.unhcr.org\/finland\/es\/wp-json\/wp\/v2\/pages\/282","targetHints":{"allow":["GET"]}}],"collection":[{"href":"https:\/\/help.unhcr.org\/finland\/es\/wp-json\/wp\/v2\/pages"}],"about":[{"href":"https:\/\/help.unhcr.org\/finland\/es\/wp-json\/wp\/v2\/types\/page"}],"author":[{"embeddable":true,"href":"https:\/\/help.unhcr.org\/finland\/es\/wp-json\/wp\/v2\/users\/310"}],"replies":[{"embeddable":true,"href":"https:\/\/help.unhcr.org\/finland\/es\/wp-json\/wp\/v2\/comments?post=282"}],"version-history":[{"count":5,"href":"https:\/\/help.unhcr.org\/finland\/es\/wp-json\/wp\/v2\/pages\/282\/revisions"}],"predecessor-version":[{"id":1128,"href":"https:\/\/help.unhcr.org\/finland\/es\/wp-json\/wp\/v2\/pages\/282\/revisions\/1128"}],"up":[{"embeddable":true,"href":"https:\/\/help.unhcr.org\/finland\/es\/wp-json\/wp\/v2\/pages\/279"}],"wp:attachment":[{"href":"https:\/\/help.unhcr.org\/finland\/es\/wp-json\/wp\/v2\/media?parent=282"}],"curies":[{"name":"wp","href":"https:\/\/api.w.org\/{rel}","templated":true}]}}