{"id":279,"date":"2022-12-07T11:08:42","date_gmt":"2022-12-07T11:08:42","guid":{"rendered":"https:\/\/help.unhcr.org\/finland\/where-to-find-help-in-finland\/"},"modified":"2025-02-13T13:17:30","modified_gmt":"2025-02-13T13:17:30","slug":"where-to-find-help-in-finland","status":"publish","type":"page","link":"https:\/\/help.unhcr.org\/finland\/es\/where-to-find-help-in-finland\/","title":{"rendered":"D\u00f3nde encontrar ayuda en Finlandia"},"content":{"rendered":"\n<p class=\"has-text-align-center has-background\" style=\"background-color:#fdf799\"><strong>Toda la informaci\u00f3n y los servicios brindados por la ACNUR y sus colaboradores NO TIENEN COSTO ALGUNO para los beneficiarios de protecci\u00f3n temporal, solicitantes de asilo, refugiados, beneficiarios de protecci\u00f3n subsidiaria y persona ap\u00e1tridas.<\/strong><\/p>\n\n\n\n<p>En esta p\u00e1gina encuentra informaci\u00f3n de contacto de organismos que pueden brindarle ayuda con los procedimientos de asilo en Finlandia. Tambi\u00e9n encuentra la informaci\u00f3n de contacto de otros proveedores de servicios y n\u00fameros de emergencia en Finlandia.<\/p>\n","protected":false},"excerpt":{"rendered":"<p>Toda la informaci\u00f3n y los servicios brindados por la ACNUR y sus colaboradores NO TIENEN COSTO ALGUNO para los beneficiarios de protecci\u00f3n temporal, solicitantes de asilo, refugiados, beneficiarios de protecci\u00f3n subsidiaria y persona ap\u00e1tridas. En esta p\u00e1gina encuentra informaci\u00f3n de contacto de organismos que pueden brindarle ayuda con los procedimientos de asilo en Finlandia. Tambi\u00e9n [&hellip;]<\/p>\n","protected":false},"author":310,"featured_media":0,"parent":0,"menu_order":0,"comment_status":"closed","ping_status":"closed","template":"page-templates\/listing_page.php","meta":{"_acf_changed":false,"footnotes":""},"class_list":["post-279","page","type-page","status-publish","hentry"],"acf":[],"_links":{"self":[{"href":"https:\/\/help.unhcr.org\/finland\/es\/wp-json\/wp\/v2\/pages\/279","targetHints":{"allow":["GET"]}}],"collection":[{"href":"https:\/\/help.unhcr.org\/finland\/es\/wp-json\/wp\/v2\/pages"}],"about":[{"href":"https:\/\/help.unhcr.org\/finland\/es\/wp-json\/wp\/v2\/types\/page"}],"author":[{"embeddable":true,"href":"https:\/\/help.unhcr.org\/finland\/es\/wp-json\/wp\/v2\/users\/310"}],"replies":[{"embeddable":true,"href":"https:\/\/help.unhcr.org\/finland\/es\/wp-json\/wp\/v2\/comments?post=279"}],"version-history":[{"count":4,"href":"https:\/\/help.unhcr.org\/finland\/es\/wp-json\/wp\/v2\/pages\/279\/revisions"}],"predecessor-version":[{"id":1127,"href":"https:\/\/help.unhcr.org\/finland\/es\/wp-json\/wp\/v2\/pages\/279\/revisions\/1127"}],"wp:attachment":[{"href":"https:\/\/help.unhcr.org\/finland\/es\/wp-json\/wp\/v2\/media?parent=279"}],"curies":[{"name":"wp","href":"https:\/\/api.w.org\/{rel}","templated":true}]}}