{"id":276,"date":"2022-12-07T11:07:50","date_gmt":"2022-12-07T11:07:50","guid":{"rendered":"https:\/\/help.unhcr.org\/finland\/how-to-apply-for-family-reunification\/"},"modified":"2025-02-13T13:17:19","modified_gmt":"2025-02-13T13:17:19","slug":"how-to-apply-for-family-reunification","status":"publish","type":"page","link":"https:\/\/help.unhcr.org\/finland\/es\/how-to-apply-for-family-reunification\/","title":{"rendered":"C\u00f3mo solicitar la reunificaci\u00f3n familiar"},"content":{"rendered":"\n<p>Si ya se recibi\u00f3 el estatus de refugiado o de protecci\u00f3n subsidiaria en Finlandia, y hubo una separaci\u00f3n familiar antes o durante el viaje realizado desde el pa\u00eds de origen, se puede solicitar reunificaci\u00f3n familiar para que los familiares vivan tambi\u00e9n en Finlandia, bajo condiciones espec\u00edficas.<\/p>\n\n\n\n<p><\/p>\n\n\n\n<p><\/p>\n","protected":false},"excerpt":{"rendered":"<p>Si ya se recibi\u00f3 el estatus de refugiado o de protecci\u00f3n subsidiaria en Finlandia, y hubo una separaci\u00f3n familiar antes o durante el viaje realizado desde el pa\u00eds de origen, se puede solicitar reunificaci\u00f3n familiar para que los familiares vivan tambi\u00e9n en Finlandia, bajo condiciones espec\u00edficas.<\/p>\n","protected":false},"author":310,"featured_media":0,"parent":0,"menu_order":0,"comment_status":"closed","ping_status":"closed","template":"faq_page.php","meta":{"_acf_changed":false,"footnotes":""},"class_list":["post-276","page","type-page","status-publish","hentry"],"acf":[],"_links":{"self":[{"href":"https:\/\/help.unhcr.org\/finland\/es\/wp-json\/wp\/v2\/pages\/276","targetHints":{"allow":["GET"]}}],"collection":[{"href":"https:\/\/help.unhcr.org\/finland\/es\/wp-json\/wp\/v2\/pages"}],"about":[{"href":"https:\/\/help.unhcr.org\/finland\/es\/wp-json\/wp\/v2\/types\/page"}],"author":[{"embeddable":true,"href":"https:\/\/help.unhcr.org\/finland\/es\/wp-json\/wp\/v2\/users\/310"}],"replies":[{"embeddable":true,"href":"https:\/\/help.unhcr.org\/finland\/es\/wp-json\/wp\/v2\/comments?post=276"}],"version-history":[{"count":4,"href":"https:\/\/help.unhcr.org\/finland\/es\/wp-json\/wp\/v2\/pages\/276\/revisions"}],"predecessor-version":[{"id":1126,"href":"https:\/\/help.unhcr.org\/finland\/es\/wp-json\/wp\/v2\/pages\/276\/revisions\/1126"}],"wp:attachment":[{"href":"https:\/\/help.unhcr.org\/finland\/es\/wp-json\/wp\/v2\/media?parent=276"}],"curies":[{"name":"wp","href":"https:\/\/api.w.org\/{rel}","templated":true}]}}