{"id":273,"date":"2022-12-07T10:53:41","date_gmt":"2022-12-07T10:53:41","guid":{"rendered":"https:\/\/help.unhcr.org\/finland\/how-to-apply-for-asylum-in-finland\/i-need-a-lawyer-and-or-an-interpreter-in-my-case\/"},"modified":"2025-02-13T13:17:04","modified_gmt":"2025-02-13T13:17:04","slug":"i-need-a-lawyer-and-or-an-interpreter-in-my-case","status":"publish","type":"page","link":"https:\/\/help.unhcr.org\/finland\/es\/how-to-apply-for-asylum-in-finland\/i-need-a-lawyer-and-or-an-interpreter-in-my-case\/","title":{"rendered":"Necesito un abogado y\/o un int\u00e9rprete para mi caso"},"content":{"rendered":"\n<p>La asistencia legal estatal, que significa que el gobierno le brinda a la persona un <strong>abogado<\/strong>, es gratuita para las personas que no puedan pagarle a un abogado que los represente. Para recibir asistencia legal estatal, puede comunicarse con la <a href=\"https:\/\/oikeus.fi\/oikeusapu\/fi\/index\/yhteystiedot.html\" data-type=\"link\" data-id=\"https:\/\/oikeus.fi\/oikeusapu\/fi\/index\/yhteystiedot.html\">oficina p\u00fablica\u00a0de asistencia jur\u00eddica<\/a> m\u00e1s cercana.<\/p>\n\n\n\n<p>Tambi\u00e9n puede comunicarse con el <a href=\"https:\/\/www.pakolaisneuvonta.fi\/yhteystiedot\/\">Centro Fin\u00e9s de Asesor\u00eda\/asesoramiento al Refugiado<\/a> donde podr\u00edan brindarle asistencia legal para su caso.<\/p>\n\n\n\n<p>Si durante el procedimiento de asilo, necesita un <strong>int\u00e9rprete<\/strong>, el Servicio de Inmigraci\u00f3n Fin\u00e9s le brindar\u00e1 uno.<\/p>\n","protected":false},"excerpt":{"rendered":"<p>La asistencia legal estatal, que significa que el gobierno le brinda a la persona un abogado, es gratuita para las personas que no puedan pagarle a un abogado que los represente. Para recibir asistencia legal estatal, puede comunicarse con la oficina p\u00fablica\u00a0de asistencia jur\u00eddica m\u00e1s cercana. Tambi\u00e9n puede comunicarse con el Centro Fin\u00e9s de Asesor\u00eda\/asesoramiento [&hellip;]<\/p>\n","protected":false},"author":310,"featured_media":0,"parent":258,"menu_order":5,"comment_status":"closed","ping_status":"closed","template":"","meta":{"_acf_changed":false,"footnotes":""},"class_list":["post-273","page","type-page","status-publish","hentry"],"acf":[],"_links":{"self":[{"href":"https:\/\/help.unhcr.org\/finland\/es\/wp-json\/wp\/v2\/pages\/273","targetHints":{"allow":["GET"]}}],"collection":[{"href":"https:\/\/help.unhcr.org\/finland\/es\/wp-json\/wp\/v2\/pages"}],"about":[{"href":"https:\/\/help.unhcr.org\/finland\/es\/wp-json\/wp\/v2\/types\/page"}],"author":[{"embeddable":true,"href":"https:\/\/help.unhcr.org\/finland\/es\/wp-json\/wp\/v2\/users\/310"}],"replies":[{"embeddable":true,"href":"https:\/\/help.unhcr.org\/finland\/es\/wp-json\/wp\/v2\/comments?post=273"}],"version-history":[{"count":5,"href":"https:\/\/help.unhcr.org\/finland\/es\/wp-json\/wp\/v2\/pages\/273\/revisions"}],"predecessor-version":[{"id":1125,"href":"https:\/\/help.unhcr.org\/finland\/es\/wp-json\/wp\/v2\/pages\/273\/revisions\/1125"}],"up":[{"embeddable":true,"href":"https:\/\/help.unhcr.org\/finland\/es\/wp-json\/wp\/v2\/pages\/258"}],"wp:attachment":[{"href":"https:\/\/help.unhcr.org\/finland\/es\/wp-json\/wp\/v2\/media?parent=273"}],"curies":[{"name":"wp","href":"https:\/\/api.w.org\/{rel}","templated":true}]}}