{"id":270,"date":"2022-12-07T10:52:34","date_gmt":"2022-12-07T10:52:34","guid":{"rendered":"https:\/\/help.unhcr.org\/finland\/how-to-apply-for-asylum-in-finland\/can-i-appeal-a-negative-decision\/"},"modified":"2025-02-13T13:16:54","modified_gmt":"2025-02-13T13:16:54","slug":"can-i-appeal-a-negative-decision","status":"publish","type":"page","link":"https:\/\/help.unhcr.org\/finland\/es\/how-to-apply-for-asylum-in-finland\/can-i-appeal-a-negative-decision\/","title":{"rendered":"\u00bfSe puede apelar una decisi\u00f3n negativa?"},"content":{"rendered":"\n<p>Si la solicitud de asilo es rechazada, tiene derecho a enviar una apelaci\u00f3n a la Corte Administrativa. Para esto, y si la persona no puede pagar a un abogado, se puede contactar a la <a href=\"https:\/\/oikeus.fi\/oikeusapu\/fi\/index\/yhteystiedot.html\">oficina p\u00fablica de asistencia jur\u00eddica<\/a> m\u00e1s cercana o, en algunos casos, al <a href=\"https:\/\/www.pakolaisneuvonta.fi\/yhteystiedot\/\">Centro Finland\u00e9s de Asesor\u00eda al Refugiado<\/a>. Note que la apelaci\u00f3n se debe mandar <strong>en los 30 d\u00edas<\/strong> posteriores a la notificaci\u00f3n de la decisi\u00f3n de rechazo de la petici\u00f3n de asilo.<\/p>\n\n\n\n<p>La Corte Administrativa puede requerir que el Servicio de Inmigraci\u00f3n Finland\u00e9s tome una nueva decisi\u00f3n para el caso, o confirmar el rechaz\u00f3 de la solicitud. Si la Corte Administrativa confirma la decisi\u00f3n, se puede apelar el juicio ante la Suprema Corte Administrativa.<\/p>\n\n\n\n<p><strong>Hasta que el Servicio de Inmigraci\u00f3n Finland\u00e9s o las cortes del pa\u00eds hayan tomado una decisi\u00f3n, la persona tiene derecho a permanecer en Finlandia con el estatus de solicitante de asilo.<\/strong><\/p>\n\n\n\n<p>Si la apelaci\u00f3n se rechaza en todas las etapas, la persona debe salir del pa\u00eds. <a href=\"https:\/\/migri.fi\/paluu\" data-type=\"link\" data-id=\"https:\/\/migri.fi\/paluu\">El Servicio de Inmigraci\u00f3n Finland\u00e9s brinda apoyo en casos de regreso voluntario asistido y reintegraci\u00f3n<\/a>. Se puede comunicar con ellos en caso de requerir asistencia para volver a su pa\u00eds natal a <a href=\"mailto:return@migri.fi\" target=\"_blank\" rel=\"noreferrer noopener\">return@migri.fi<\/a> o por mensaje de WhatsApp al +358 50 413 8625.\u00a0<\/p>\n\n\n\n<p>Para m\u00e1s informaci\u00f3n del procedimiento de asilo en Finlandia,<a href=\"https:\/\/migri.fi\/turvapaikan-hakeminen\"> visite la p\u00e1gina web del Servicio de Inmigraci\u00f3n Finland\u00e9s, donde encontrar\u00e1 informaci\u00f3n en fin\u00e9s, ingl\u00e9s y sueco<\/a>.<\/p>\n\n\n\n<div class=\"wp-block-buttons is-content-justification-center is-layout-flex wp-container-core-buttons-is-layout-16018d1d wp-block-buttons-is-layout-flex\">\n<div class=\"wp-block-button\"><a class=\"wp-block-button__link has-black-color has-text-color has-background wp-element-button\" href=\"https:\/\/help.unhcr.org\/finland\/how-to-apply-for-asylum-in-finland\/i-need-a-lawyer-and-or-an-interpreter-in-my-case\/\" style=\"background-color:#cce3f2\"><strong><strong>Necesito un abogado y\/o un int\u00e9rprete para mi caso<\/strong><\/strong><\/a><\/div>\n<\/div>\n","protected":false},"excerpt":{"rendered":"<p>Si la solicitud de asilo es rechazada, tiene derecho a enviar una apelaci\u00f3n a la Corte Administrativa. Para esto, y si la persona no puede pagar a un abogado, se puede contactar a la oficina p\u00fablica de asistencia jur\u00eddica m\u00e1s cercana o, en algunos casos, al Centro Finland\u00e9s de Asesor\u00eda al Refugiado. Note que la [&hellip;]<\/p>\n","protected":false},"author":310,"featured_media":0,"parent":258,"menu_order":4,"comment_status":"closed","ping_status":"closed","template":"","meta":{"_acf_changed":false,"footnotes":""},"class_list":["post-270","page","type-page","status-publish","hentry"],"acf":[],"_links":{"self":[{"href":"https:\/\/help.unhcr.org\/finland\/es\/wp-json\/wp\/v2\/pages\/270","targetHints":{"allow":["GET"]}}],"collection":[{"href":"https:\/\/help.unhcr.org\/finland\/es\/wp-json\/wp\/v2\/pages"}],"about":[{"href":"https:\/\/help.unhcr.org\/finland\/es\/wp-json\/wp\/v2\/types\/page"}],"author":[{"embeddable":true,"href":"https:\/\/help.unhcr.org\/finland\/es\/wp-json\/wp\/v2\/users\/310"}],"replies":[{"embeddable":true,"href":"https:\/\/help.unhcr.org\/finland\/es\/wp-json\/wp\/v2\/comments?post=270"}],"version-history":[{"count":5,"href":"https:\/\/help.unhcr.org\/finland\/es\/wp-json\/wp\/v2\/pages\/270\/revisions"}],"predecessor-version":[{"id":1124,"href":"https:\/\/help.unhcr.org\/finland\/es\/wp-json\/wp\/v2\/pages\/270\/revisions\/1124"}],"up":[{"embeddable":true,"href":"https:\/\/help.unhcr.org\/finland\/es\/wp-json\/wp\/v2\/pages\/258"}],"wp:attachment":[{"href":"https:\/\/help.unhcr.org\/finland\/es\/wp-json\/wp\/v2\/media?parent=270"}],"curies":[{"name":"wp","href":"https:\/\/api.w.org\/{rel}","templated":true}]}}