{"id":267,"date":"2022-12-07T10:51:29","date_gmt":"2022-12-07T10:51:29","guid":{"rendered":"https:\/\/help.unhcr.org\/finland\/how-to-apply-for-asylum-in-finland\/what-can-be-the-decision-in-my-case\/"},"modified":"2025-02-13T13:16:44","modified_gmt":"2025-02-13T13:16:44","slug":"what-can-be-the-decision-in-my-case","status":"publish","type":"page","link":"https:\/\/help.unhcr.org\/finland\/es\/how-to-apply-for-asylum-in-finland\/what-can-be-the-decision-in-my-case\/","title":{"rendered":"\u00bfQu\u00e9 decisi\u00f3n puede recibir mi caso?"},"content":{"rendered":"\n<p>La decisi\u00f3n de su caso le ser\u00e1 comunicada por el Servicio de Inmigraci\u00f3n Finland\u00e9s. La decisi\u00f3n se le comunicar\u00e1 en su lengua madre o en otro idioma que entienda.<\/p>\n\n\n\n<p><strong>Hay cuatro resultados posibles para la solicitud de asilo:<\/strong><\/p>\n\n\n\n<ul class=\"wp-block-list\">\n<li>Se <strong>reconoce como refugiado<\/strong> y se emite un permiso de residencia temporal con duraci\u00f3n inicial de 4 a\u00f1os, que se puede ampliar por periodos de 4 a\u00f1os<\/li>\n\n\n\n<li>Se otorga <strong>protecci\u00f3n subsidiaria<\/strong> y se emite un permiso de residencia temporal con duraci\u00f3n inicial de 4 a\u00f1os, que se puede ampliar por periodos de 4 a\u00f1os<\/li>\n\n\n\n<li>Se otorga un <strong>permiso de residencia por motivos humanitarios<\/strong> y se emite un permiso de residencia temporal con duraci\u00f3n inicial de 1 a\u00f1o, que se puede ampliar por periodos de 1 a\u00f1o<\/li>\n\n\n\n<li>Se <strong>rechaza<\/strong> la solicitud de protecci\u00f3n internacional<\/li>\n<\/ul>\n\n\n\n<p><font><strong><font>\u27a1\ufe0f<\/font><\/strong><\/font>Si<strong> la solicitud se acepta<\/strong> (estatus de refugiado con protecci\u00f3n subsidiaria), el Servicio de Inmigraci\u00f3n Finland\u00e9s otorga un documento que describe los derechos y obligaciones. Los derechos y servicios normalmente son los mismos independientemente de si se ha reconocido como refugiado, otorgado protecci\u00f3n subsidiaria o un permiso de residencia por motivos humanitarios. La diferencia principal es la duraci\u00f3n del permiso de residencia emitido (4 a\u00f1os o 1). Tambi\u00e9n se inscribe a los receptores en un programa de integraci\u00f3n temprana donde se aprende sobre c\u00f3mo es vivir en Finlandia.<\/p>\n\n\n\n<p><font><strong><font>\u27a1\ufe0f<\/font><\/strong><\/font>Si <strong>la solicitud es rechazada<\/strong>, la decisi\u00f3n completa se comunica a la persona receptora en su lengua madre o alg\u00fan otro idioma que haya indicado que entiende.<\/p>\n\n\n\n<div class=\"wp-block-buttons is-content-justification-center is-layout-flex wp-container-core-buttons-is-layout-16018d1d wp-block-buttons-is-layout-flex\">\n<div class=\"wp-block-button\"><a class=\"wp-block-button__link has-black-color has-text-color has-background wp-element-button\" href=\"https:\/\/help.unhcr.org\/finland\/how-to-apply-for-asylum-in-finland\/can-i-appeal-a-negative-decision\/\" style=\"background-color:#cce3f2\"><strong><strong>\u00bfSe puede apelar una decisi\u00f3n negativa?<\/strong><\/strong><\/a><\/div>\n<\/div>\n","protected":false},"excerpt":{"rendered":"<p>La decisi\u00f3n de su caso le ser\u00e1 comunicada por el Servicio de Inmigraci\u00f3n Finland\u00e9s. La decisi\u00f3n se le comunicar\u00e1 en su lengua madre o en otro idioma que entienda. Hay cuatro resultados posibles para la solicitud de asilo: \u27a1\ufe0fSi la solicitud se acepta (estatus de refugiado con protecci\u00f3n subsidiaria), el Servicio de Inmigraci\u00f3n Finland\u00e9s otorga [&hellip;]<\/p>\n","protected":false},"author":310,"featured_media":0,"parent":258,"menu_order":3,"comment_status":"closed","ping_status":"closed","template":"","meta":{"_acf_changed":false,"footnotes":""},"class_list":["post-267","page","type-page","status-publish","hentry"],"acf":[],"_links":{"self":[{"href":"https:\/\/help.unhcr.org\/finland\/es\/wp-json\/wp\/v2\/pages\/267","targetHints":{"allow":["GET"]}}],"collection":[{"href":"https:\/\/help.unhcr.org\/finland\/es\/wp-json\/wp\/v2\/pages"}],"about":[{"href":"https:\/\/help.unhcr.org\/finland\/es\/wp-json\/wp\/v2\/types\/page"}],"author":[{"embeddable":true,"href":"https:\/\/help.unhcr.org\/finland\/es\/wp-json\/wp\/v2\/users\/310"}],"replies":[{"embeddable":true,"href":"https:\/\/help.unhcr.org\/finland\/es\/wp-json\/wp\/v2\/comments?post=267"}],"version-history":[{"count":5,"href":"https:\/\/help.unhcr.org\/finland\/es\/wp-json\/wp\/v2\/pages\/267\/revisions"}],"predecessor-version":[{"id":1123,"href":"https:\/\/help.unhcr.org\/finland\/es\/wp-json\/wp\/v2\/pages\/267\/revisions\/1123"}],"up":[{"embeddable":true,"href":"https:\/\/help.unhcr.org\/finland\/es\/wp-json\/wp\/v2\/pages\/258"}],"wp:attachment":[{"href":"https:\/\/help.unhcr.org\/finland\/es\/wp-json\/wp\/v2\/media?parent=267"}],"curies":[{"name":"wp","href":"https:\/\/api.w.org\/{rel}","templated":true}]}}