{"id":261,"date":"2022-12-07T10:20:03","date_gmt":"2022-12-07T10:20:03","guid":{"rendered":"https:\/\/help.unhcr.org\/finland\/how-to-apply-for-asylum-in-finland\/how-to-apply-for-asylum\/"},"modified":"2025-02-13T13:16:19","modified_gmt":"2025-02-13T13:16:19","slug":"how-to-apply-for-asylum","status":"publish","type":"page","link":"https:\/\/help.unhcr.org\/finland\/es\/how-to-apply-for-asylum-in-finland\/how-to-apply-for-asylum\/","title":{"rendered":"C\u00f3mo solicitar asilo"},"content":{"rendered":"\n<p>Se puede solicitar asilo en territorio finland\u00e9s o en una entrada (aeropuerto, cruce fronterizo terrestre o puerto).<strong> Puede solicitar asilo con un guardia fronterizo en cualquier punto fronterizo de Finlandia al entrar al pa\u00eds<\/strong>. Puede hacerlo si no tiene una visa v\u00e1lida, documentos de viaje o permiso de residencia fin\u00e9s.<\/p>\n\n\n\n<p>Si ya se encuentra en Finlandia y quiere solicitar asilo, acuda a la <strong>polic\u00eda<\/strong>. <a href=\"https:\/\/poliisi.fi\/en\/police-contact-details-for-asylum-seekers\" data-type=\"link\" data-id=\"https:\/\/poliisi.fi\/en\/police-contact-details-for-asylum-seekers\">Aqu\u00ed encuentra las direcciones y los horarios de las estaciones de polic\u00eda donde puede solicitar asilo en Finlandia<\/a>. <strong>No necesita hacer una cita.<\/strong><\/p>\n\n\n\n<p><a href=\"https:\/\/migri.fi\/turvapaikka-suomesta\" target=\"_blank\" rel=\"noreferrer noopener\">Tambi\u00e9n encuentra m\u00e1s informaci\u00f3n sobre la protecci\u00f3n internacional en Finlandia en la p\u00e1gina web del Servicio de Inmigraci\u00f3n Finland\u00e9s<\/a>, la cual ofrece informaci\u00f3n en fin\u00e9s, ingl\u00e9s y sueco. Puede elegir alguno de estos idiomas en la parte superior de la p\u00e1gina.<\/p>\n\n\n\n<p>Todo lo concerniente al procedimiento para el asilo se maneja por las autoridades finlandesas, de acuerdos con las normas y regulaciones nacionales, por funcionarios nacionales capacitados y competentes, especializados en cuestiones de asilo. La ACNUR <strong>no<\/strong> se involucra en el procesamiento de las solicitudes de asilo en Finlandia.<\/p>\n\n\n\n<div class=\"wp-block-buttons is-content-justification-center is-layout-flex wp-container-core-buttons-is-layout-16018d1d wp-block-buttons-is-layout-flex\">\n<div class=\"wp-block-button has-custom-width wp-block-button__width-50\"><a class=\"wp-block-button__link has-white-color has-text-color has-background wp-element-button\" href=\"https:\/\/help.unhcr.org\/finland\/how-to-apply-for-asylum-in-finland\/what-happens-after-i-applied-for-asylum\/\" style=\"background-color:#0072bc\"><strong><strong>\u00bfQu\u00e9 pasa despu\u00e9s de solicitar asilo?<\/strong><\/strong><\/a><\/div>\n<\/div>\n\n\n\n<p><\/p>\n","protected":false},"excerpt":{"rendered":"<p>Se puede solicitar asilo en territorio finland\u00e9s o en una entrada (aeropuerto, cruce fronterizo terrestre o puerto). Puede solicitar asilo con un guardia fronterizo en cualquier punto fronterizo de Finlandia al entrar al pa\u00eds. Puede hacerlo si no tiene una visa v\u00e1lida, documentos de viaje o permiso de residencia fin\u00e9s. Si ya se encuentra en [&hellip;]<\/p>\n","protected":false},"author":310,"featured_media":0,"parent":258,"menu_order":1,"comment_status":"closed","ping_status":"closed","template":"","meta":{"_acf_changed":false,"footnotes":""},"class_list":["post-261","page","type-page","status-publish","hentry"],"acf":[],"_links":{"self":[{"href":"https:\/\/help.unhcr.org\/finland\/es\/wp-json\/wp\/v2\/pages\/261","targetHints":{"allow":["GET"]}}],"collection":[{"href":"https:\/\/help.unhcr.org\/finland\/es\/wp-json\/wp\/v2\/pages"}],"about":[{"href":"https:\/\/help.unhcr.org\/finland\/es\/wp-json\/wp\/v2\/types\/page"}],"author":[{"embeddable":true,"href":"https:\/\/help.unhcr.org\/finland\/es\/wp-json\/wp\/v2\/users\/310"}],"replies":[{"embeddable":true,"href":"https:\/\/help.unhcr.org\/finland\/es\/wp-json\/wp\/v2\/comments?post=261"}],"version-history":[{"count":7,"href":"https:\/\/help.unhcr.org\/finland\/es\/wp-json\/wp\/v2\/pages\/261\/revisions"}],"predecessor-version":[{"id":1121,"href":"https:\/\/help.unhcr.org\/finland\/es\/wp-json\/wp\/v2\/pages\/261\/revisions\/1121"}],"up":[{"embeddable":true,"href":"https:\/\/help.unhcr.org\/finland\/es\/wp-json\/wp\/v2\/pages\/258"}],"wp:attachment":[{"href":"https:\/\/help.unhcr.org\/finland\/es\/wp-json\/wp\/v2\/media?parent=261"}],"curies":[{"name":"wp","href":"https:\/\/api.w.org\/{rel}","templated":true}]}}