{"id":258,"date":"2022-12-07T10:19:00","date_gmt":"2022-12-07T10:19:00","guid":{"rendered":"https:\/\/help.unhcr.org\/finland\/how-to-apply-for-asylum-in-finland\/"},"modified":"2025-02-13T13:16:07","modified_gmt":"2025-02-13T13:16:07","slug":"how-to-apply-for-asylum-in-finland","status":"publish","type":"page","link":"https:\/\/help.unhcr.org\/finland\/es\/how-to-apply-for-asylum-in-finland\/","title":{"rendered":"C\u00f3mo solicitar asilo en Finlandia"},"content":{"rendered":"\n<p class=\"has-text-align-center has-background\" style=\"background-color:#fdf799\"><strong>Note que debe estar en territorio finland\u00e9s o en una entrada al pa\u00eds (aeropuerto, cruce fronterizo o puerto) para poder solicitar asilo en Finlandia.<\/strong><\/p>\n\n\n\n<p>Si teme regresar a su pa\u00eds natal, o en el que viv\u00eda previamente, por violencia, persecuci\u00f3n o guerra, o si est\u00e1 en peligro de sufrir da\u00f1o severo en dicho pa\u00eds, puede solicitar protecci\u00f3n en Finlandia. El primer paso para recibir protecci\u00f3n internacional es <strong>solicitar asilo<\/strong>.<\/p>\n","protected":false},"excerpt":{"rendered":"<p>Note que debe estar en territorio finland\u00e9s o en una entrada al pa\u00eds (aeropuerto, cruce fronterizo o puerto) para poder solicitar asilo en Finlandia. Si teme regresar a su pa\u00eds natal, o en el que viv\u00eda previamente, por violencia, persecuci\u00f3n o guerra, o si est\u00e1 en peligro de sufrir da\u00f1o severo en dicho pa\u00eds, puede [&hellip;]<\/p>\n","protected":false},"author":310,"featured_media":0,"parent":0,"menu_order":0,"comment_status":"closed","ping_status":"closed","template":"page-templates\/listing_page.php","meta":{"_acf_changed":false,"footnotes":""},"class_list":["post-258","page","type-page","status-publish","hentry"],"acf":[],"_links":{"self":[{"href":"https:\/\/help.unhcr.org\/finland\/es\/wp-json\/wp\/v2\/pages\/258","targetHints":{"allow":["GET"]}}],"collection":[{"href":"https:\/\/help.unhcr.org\/finland\/es\/wp-json\/wp\/v2\/pages"}],"about":[{"href":"https:\/\/help.unhcr.org\/finland\/es\/wp-json\/wp\/v2\/types\/page"}],"author":[{"embeddable":true,"href":"https:\/\/help.unhcr.org\/finland\/es\/wp-json\/wp\/v2\/users\/310"}],"replies":[{"embeddable":true,"href":"https:\/\/help.unhcr.org\/finland\/es\/wp-json\/wp\/v2\/comments?post=258"}],"version-history":[{"count":4,"href":"https:\/\/help.unhcr.org\/finland\/es\/wp-json\/wp\/v2\/pages\/258\/revisions"}],"predecessor-version":[{"id":1120,"href":"https:\/\/help.unhcr.org\/finland\/es\/wp-json\/wp\/v2\/pages\/258\/revisions\/1120"}],"wp:attachment":[{"href":"https:\/\/help.unhcr.org\/finland\/es\/wp-json\/wp\/v2\/media?parent=258"}],"curies":[{"name":"wp","href":"https:\/\/api.w.org\/{rel}","templated":true}]}}