{"id":251,"date":"2022-12-07T10:17:30","date_gmt":"2022-12-07T10:17:30","guid":{"rendered":"https:\/\/help.unhcr.org\/finland\/warnings-about-risks-of-human-trafficking\/"},"modified":"2025-02-21T14:46:51","modified_gmt":"2025-02-21T14:46:51","slug":"warnings-about-risks-of-human-trafficking","status":"publish","type":"page","link":"https:\/\/help.unhcr.org\/finland\/es\/warnings-about-risks-of-human-trafficking\/","title":{"rendered":"Advertencias sobre el riesgo de tr\u00e1fico humano"},"content":{"rendered":"\n<p class=\"has-text-align-center has-background\" style=\"background-color:#fdf799\"><strong>Si usted es sobreviviente de tr\u00e1fico, o sospecha que alguien lo es, p\u00f3ngase en contacto con la polic\u00eda finlandesa al n\u00famero telef\u00f3nico de emergencias (marcando al ? 112). Todas las interacciones con la polic\u00eda se tratan con estricta confidencialidad. <\/strong><\/p>\n\n\n\n<p>Muchas personas querr\u00e1n ayudarle en su viaje y cuando haya llegado a Finlandia. Sin embargo, no todos podr\u00edan ser quienes dicen ser; algunas personas podr\u00edan querer aprovecharse de su situaci\u00f3n.<\/p>\n\n\n\n<p>Por ejemplo, podr\u00edan prometerle vivienda, transporte o comida gratis y usarlo para que sienta presi\u00f3n para realizar actos sexuales, trabajar o realizar otros servicios con los que no est\u00e9 de acuerdo. O podr\u00edan querer causarle alg\u00fan da\u00f1o y tomar sus documentos u otras pertenencias.<\/p>\n\n\n\n<p><strong>Vea el video informativo de la ACNUR sobre \u201cC\u00f3mo mantenerse a salvo\u201d:<\/strong><\/p>\n\n\n\n<figure class=\"wp-block-embed is-type-video is-provider-youtube wp-block-embed-youtube wp-embed-aspect-16-9 wp-has-aspect-ratio\"><div class=\"wp-block-embed__wrapper\">\n<iframe loading=\"lazy\" title=\"Stay Safe \u2013 Important reminders for refugees to help stay safe while travelling.\" width=\"640\" height=\"360\" src=\"https:\/\/www.youtube.com\/embed\/Zrf01K2eBJc?feature=oembed\" frameborder=\"0\" allow=\"accelerometer; autoplay; clipboard-write; encrypted-media; gyroscope; picture-in-picture; web-share\" referrerpolicy=\"strict-origin-when-cross-origin\" allowfullscreen><\/iframe>\n<\/div><\/figure>\n\n\n\n<p>El video tambi\u00e9n se encuentra disponible en&nbsp;<a href=\"https:\/\/www.youtube.com\/watch?v=FV0xjx_SGsk\" target=\"_blank\" rel=\"noreferrer noopener\">ucraniano<\/a>&nbsp;y <a href=\"https:\/\/www.youtube.com\/watch?v=4HJrKKxu8-I\" target=\"_blank\" rel=\"noreferrer noopener\">ruso<\/a>.<\/p>\n\n\n\n<p><\/p>\n","protected":false},"excerpt":{"rendered":"<p>Si usted es sobreviviente de tr\u00e1fico, o sospecha que alguien lo es, p\u00f3ngase en contacto con la polic\u00eda finlandesa al n\u00famero telef\u00f3nico de emergencias (marcando al ? 112). Todas las interacciones con la polic\u00eda se tratan con estricta confidencialidad. Muchas personas querr\u00e1n ayudarle en su viaje y cuando haya llegado a Finlandia. Sin embargo, no [&hellip;]<\/p>\n","protected":false},"author":310,"featured_media":0,"parent":0,"menu_order":0,"comment_status":"closed","ping_status":"closed","template":"faq_page.php","meta":{"_acf_changed":false,"footnotes":""},"class_list":["post-251","page","type-page","status-publish","hentry"],"acf":[],"_links":{"self":[{"href":"https:\/\/help.unhcr.org\/finland\/es\/wp-json\/wp\/v2\/pages\/251","targetHints":{"allow":["GET"]}}],"collection":[{"href":"https:\/\/help.unhcr.org\/finland\/es\/wp-json\/wp\/v2\/pages"}],"about":[{"href":"https:\/\/help.unhcr.org\/finland\/es\/wp-json\/wp\/v2\/types\/page"}],"author":[{"embeddable":true,"href":"https:\/\/help.unhcr.org\/finland\/es\/wp-json\/wp\/v2\/users\/310"}],"replies":[{"embeddable":true,"href":"https:\/\/help.unhcr.org\/finland\/es\/wp-json\/wp\/v2\/comments?post=251"}],"version-history":[{"count":6,"href":"https:\/\/help.unhcr.org\/finland\/es\/wp-json\/wp\/v2\/pages\/251\/revisions"}],"predecessor-version":[{"id":1216,"href":"https:\/\/help.unhcr.org\/finland\/es\/wp-json\/wp\/v2\/pages\/251\/revisions\/1216"}],"wp:attachment":[{"href":"https:\/\/help.unhcr.org\/finland\/es\/wp-json\/wp\/v2\/media?parent=251"}],"curies":[{"name":"wp","href":"https:\/\/api.w.org\/{rel}","templated":true}]}}