{"id":248,"date":"2022-12-07T09:31:54","date_gmt":"2022-12-07T09:31:54","guid":{"rendered":"https:\/\/help.unhcr.org\/finland\/welcome\/"},"modified":"2025-02-21T13:31:24","modified_gmt":"2025-02-21T13:31:24","slug":"welcome","status":"publish","type":"page","link":"https:\/\/help.unhcr.org\/finland\/es\/","title":{"rendered":"Bienvenida"},"content":{"rendered":"\n<p>Le damos la bienvenida a la p\u00e1gina web de \u2018AYUDA\u2019 de la ACNUR, el organismo para refugiados de las Naciones Unidas. Aqu\u00ed, los refugiados, solicitantes de asilo y personas ap\u00e1tridas, as\u00ed como sus familiares y quienes los asisten, pueden obtener informaci\u00f3n sobre el procedimiento para el asilo y los servicios disponibles en Finlandia.&nbsp;<\/p>\n\n\n\n<h2 class=\"wp-block-heading has-black-color has-text-color has-background\" style=\"background-color:#cce3f2\">Aqu\u00ed encuentra:&nbsp;<\/h2>\n\n\n\n<p class=\"has-background\" style=\"background-color:#abb7c230\"><font><strong><font>\u27a1\ufe0f<\/font><\/strong><\/font><a href=\"https:\/\/help.unhcr.org\/es\/finland\/information-for-people-fleeing-ukraine-seeking-protection-in-finland\/\"><strong>Informaci\u00f3n para personas que huyen de Ucrania y buscan protecci\u00f3n en Finlandia\u00a0<\/strong><\/a><font><strong><br><font>\u27a1\ufe0f<\/font><\/strong><\/font><a href=\"https:\/\/help.unhcr.org\/finland\/es\/warnings-about-risks-of-human-trafficking\/\"><strong>\ufe0fAdvertencias sobre los riesgos de tr\u00e1fico humano<\/strong><\/a><font><strong><br><font>\u27a1\ufe0f<\/font><\/strong><\/font><a href=\"https:\/\/help.unhcr.org\/finland\/es\/how-to-apply-for-asylum-in-finland\/\"><strong>C\u00f3mo solicitar asilo en Finlandia<\/strong><\/a><font><strong><br><font>\u27a1\ufe0f<\/font><\/strong><\/font><a href=\"https:\/\/help.unhcr.org\/finland\/es\/how-to-apply-for-family-reunification\/\"><strong>C\u00f3mo solicitar reunificaci\u00f3n familiar<\/strong><\/a><font><strong><br><font>\u27a1\ufe0f<\/font><\/strong><\/font><a href=\"https:\/\/help.unhcr.org\/finland\/es\/where-to-find-help-in-finland\/\"><strong>D\u00f3nde encontrar ayuda en Finlandia<\/strong><\/a><font><strong><br><font>\u27a1\ufe0f<\/font><\/strong><\/font><a href=\"https:\/\/help.unhcr.org\/finland\/es\/about-unhcr-in-finland\/\"><strong>Informaci\u00f3n sobre ACNUR en Finlandia<\/strong><\/a><font><strong><br><font>\u27a1\ufe0f<\/font><\/strong><\/font><a href=\"https:\/\/help.unhcr.org\/finland\/es\/how-to-report-misconduct\/\"><strong>\ufe0fC\u00f3mo reportar una falta profesional<\/strong><\/a><\/p>\n\n\n\n<p><strong>\u00bfNo se encuentra en Finlandia?<\/strong> \u00bfBusca ayuda para sus familiares que se encuentran en el extranjero? Elija el pa\u00eds sobre el que quiera informaci\u00f3n en la secci\u00f3n de <a href=\"https:\/\/help.unhcr.org\/es\/\" data-type=\"link\" data-id=\"https:\/\/help.unhcr.org\/es\/\">AYUDA de la p\u00e1gina web de ACNUR<\/a> o comun\u00edquese con<a href=\"https:\/\/www.acnur.org\/donde-trabajamos?_gl=1*1j7oskr*_rup_ga*MTgzMjcwOTE1My4xNzIyODUxNDE5*_rup_ga_EVDQTJ4LMY*MTcyMjg2NDk1NS40LjEuMTcyMjg2NjY5NS42MC4wLjA.*_gcl_au*MTYxMDk3NDY5Ny4xNzIyODUxNDA1*_ga*MTgzMjcwOTE1My4xNzIyODUxNDE5*_ga_X2YZPJ1XWR*MTcyMjg2NjY5NS4yLjAuMTcyMjg2NjY5NS42MC4wLjA.\" data-type=\"link\" data-id=\"https:\/\/www.acnur.org\/donde-trabajamos?_gl=1*1j7oskr*_rup_ga*MTgzMjcwOTE1My4xNzIyODUxNDE5*_rup_ga_EVDQTJ4LMY*MTcyMjg2NDk1NS40LjEuMTcyMjg2NjY5NS42MC4wLjA.*_gcl_au*MTYxMDk3NDY5Ny4xNzIyODUxNDA1*_ga*MTgzMjcwOTE1My4xNzIyODUxNDE5*_ga_X2YZPJ1XWR*MTcyMjg2NjY5NS4yLjAuMTcyMjg2NjY5NS42MC4wLjA.\"> la oficina de ACNUR m\u00e1s cercana<\/a>.<\/p>\n\n\n\n<p>Si huy\u00f3 de Ucrania y est\u00e1 en Polonia, Hungr\u00eda, Italia, Eslovaquia, Rumania o Bulgaria, revise la informaci\u00f3n <a href=\"https:\/\/bluedothub.org\/?_gl=1%2Ava1tbl%2A_rup_ga%2AMTgzMjcwOTE1My4xNzIyODUxNDE5%2A_rup_ga_EVDQTJ4LMY%2AMTcyMjg2NDk1NS40LjEuMTcyMjg2NjY5OC41Ny4wLjA.\" data-type=\"link\" data-id=\"https:\/\/bluedothub.org\/?_gl=1%2Ava1tbl%2A_rup_ga%2AMTgzMjcwOTE1My4xNzIyODUxNDE5%2A_rup_ga_EVDQTJ4LMY%2AMTcyMjg2NDk1NS40LjEuMTcyMjg2NjY5OC41Ny4wLjA.\">los puntos azules digitales<\/a> sobre derechos, servicios y d\u00f3nde encontrar ayuda. La p\u00e1gina tambi\u00e9n est\u00e1 disponible en <a href=\"https:\/\/bluedothub.org\/uk\/?_gl=1%2A1j110qk%2A_rup_ga%2AMTgzMjcwOTE1My4xNzIyODUxNDE5%2A_rup_ga_EVDQTJ4LMY%2AMTcyMjg2NDk1NS40LjEuMTcyMjg2NjY5OC41Ny4wLjA.\" data-type=\"link\" data-id=\"https:\/\/bluedothub.org\/uk\/?_gl=1%2A1j110qk%2A_rup_ga%2AMTgzMjcwOTE1My4xNzIyODUxNDE5%2A_rup_ga_EVDQTJ4LMY%2AMTcyMjg2NDk1NS40LjEuMTcyMjg2NjY5OC41Ny4wLjA.\">ucraniano<\/a> y <a href=\"https:\/\/bluedothub.org\/uk\/?_gl=1%2A1j110qk%2A_rup_ga%2AMTgzMjcwOTE1My4xNzIyODUxNDE5%2A_rup_ga_EVDQTJ4LMY%2AMTcyMjg2NDk1NS40LjEuMTcyMjg2NjY5OC41Ny4wLjA.\" data-type=\"link\" data-id=\"https:\/\/bluedothub.org\/uk\/?_gl=1%2A1j110qk%2A_rup_ga%2AMTgzMjcwOTE1My4xNzIyODUxNDE5%2A_rup_ga_EVDQTJ4LMY%2AMTcyMjg2NDk1NS40LjEuMTcyMjg2NjY5OC41Ny4wLjA.\">ruso<\/a>.\u202f\u202f&nbsp;<\/p>\n","protected":false},"excerpt":{"rendered":"<p>Le damos la bienvenida a la p\u00e1gina web de \u2018AYUDA\u2019 de la ACNUR, el organismo para refugiados de las Naciones Unidas. Aqu\u00ed, los refugiados, solicitantes de asilo y personas ap\u00e1tridas, as\u00ed como sus familiares y quienes los asisten, pueden obtener informaci\u00f3n sobre el procedimiento para el asilo y los servicios disponibles en Finlandia.&nbsp; Aqu\u00ed encuentra:&nbsp; [&hellip;]<\/p>\n","protected":false},"author":310,"featured_media":0,"parent":0,"menu_order":0,"comment_status":"closed","ping_status":"closed","template":"","meta":{"_acf_changed":false,"footnotes":""},"class_list":["post-248","page","type-page","status-publish","hentry"],"acf":[],"_links":{"self":[{"href":"https:\/\/help.unhcr.org\/finland\/es\/wp-json\/wp\/v2\/pages\/248","targetHints":{"allow":["GET"]}}],"collection":[{"href":"https:\/\/help.unhcr.org\/finland\/es\/wp-json\/wp\/v2\/pages"}],"about":[{"href":"https:\/\/help.unhcr.org\/finland\/es\/wp-json\/wp\/v2\/types\/page"}],"author":[{"embeddable":true,"href":"https:\/\/help.unhcr.org\/finland\/es\/wp-json\/wp\/v2\/users\/310"}],"replies":[{"embeddable":true,"href":"https:\/\/help.unhcr.org\/finland\/es\/wp-json\/wp\/v2\/comments?post=248"}],"version-history":[{"count":6,"href":"https:\/\/help.unhcr.org\/finland\/es\/wp-json\/wp\/v2\/pages\/248\/revisions"}],"predecessor-version":[{"id":1212,"href":"https:\/\/help.unhcr.org\/finland\/es\/wp-json\/wp\/v2\/pages\/248\/revisions\/1212"}],"wp:attachment":[{"href":"https:\/\/help.unhcr.org\/finland\/es\/wp-json\/wp\/v2\/media?parent=248"}],"curies":[{"name":"wp","href":"https:\/\/api.w.org\/{rel}","templated":true}]}}