{"id":89,"date":"2018-04-18T15:17:27","date_gmt":"2018-04-18T15:17:27","guid":{"rendered":"http:\/\/help.unhcr.org\/elsalvador\/?page_id=89"},"modified":"2024-07-10T16:11:01","modified_gmt":"2024-07-10T16:11:01","slug":"derechos-de-refugiados","status":"publish","type":"page","link":"https:\/\/help.unhcr.org\/elsalvador\/solicitando-la-condicion-de-refugiado\/derechos-y-deberes\/derechos-de-refugiados\/","title":{"rendered":"Derechos de refugiados"},"content":{"rendered":"<ul>\n<li><strong>No ser devuelto<\/strong> a su pa\u00eds o a cualquier otro pa\u00eds donde su vida, seguridad o libertad est\u00e9n en peligro (derecho a la no devoluci\u00f3n).<\/li>\n<li><strong>No ser discriminado<\/strong>.<\/li>\n<li>Que <strong>no se le imponga una sanci\u00f3n<\/strong> por haber entrado de forma irregular a El Salvador.<\/li>\n<li><strong>Recibir informaci\u00f3n y asesor\u00eda legal<\/strong> sobre el procedimiento para solicitar la condici\u00f3n de refugiado.<\/li>\n<li><strong>Que no se informe a las autoridades diplom\u00e1ticas ni consulares de su pa\u00eds de origen sobre su procedimiento sin permiso<\/strong> previo por parte de la persona refugiada.<\/li>\n<li>Derecho a <strong>recibir servicios de salud<\/strong>.<\/li>\n<li>A <strong>un carnet de permanencia provisional<\/strong> en El Salvador durante el procedimiento de su solicitud. Tambi\u00e9n a obtener un documento de viaje.<\/li>\n<li>Contar con <strong>un traductor o int\u00e9rprete<\/strong>, de ser necesario.<\/li>\n<li><strong>En caso en que no haya cumplido 18 a\u00f1os y no cuente con un representante legal<\/strong>, ser representado por el Procurador General de la Rep\u00fablica, con el objeto que se garantice su inter\u00e9s superior como ni\u00f1a, ni\u00f1o o adolescente.<\/li>\n<li><strong>Comunicarse siempre que lo desee con la oficina del ACNUR<\/strong> en El Salvador, o con su agencia socia.<\/li>\n<li>Derecho a la <strong>reunificaci\u00f3n familiar.<\/strong><\/li>\n<li>Una vez que cumpla con los tiempos previstos por la legislaci\u00f3n salvadore\u00f1a, <strong style=\"font-size: revert;color: initial\">obtener la nacionalidad Salvadore\u00f1a<\/strong><span style=\"font-size: revert;color: initial\">.<\/span><\/li>\n<\/ul>\n","protected":false},"excerpt":{"rendered":"<p>No ser devuelto a su pa\u00eds o a cualquier otro pa\u00eds donde su vida, seguridad o libertad est\u00e9n en peligro (derecho a la no devoluci\u00f3n). No ser discriminado. Que no se le imponga una sanci\u00f3n por haber entrado de forma irregular a El Salvador. Recibir informaci\u00f3n y asesor\u00eda legal sobre el procedimiento para solicitar la [&hellip;]<\/p>\n","protected":false},"author":1,"featured_media":0,"parent":83,"menu_order":2,"comment_status":"closed","ping_status":"closed","template":"","meta":{"_acf_changed":false,"footnotes":""},"class_list":["post-89","page","type-page","status-publish","hentry"],"acf":[],"_links":{"self":[{"href":"https:\/\/help.unhcr.org\/elsalvador\/wp-json\/wp\/v2\/pages\/89","targetHints":{"allow":["GET"]}}],"collection":[{"href":"https:\/\/help.unhcr.org\/elsalvador\/wp-json\/wp\/v2\/pages"}],"about":[{"href":"https:\/\/help.unhcr.org\/elsalvador\/wp-json\/wp\/v2\/types\/page"}],"author":[{"embeddable":true,"href":"https:\/\/help.unhcr.org\/elsalvador\/wp-json\/wp\/v2\/users\/1"}],"replies":[{"embeddable":true,"href":"https:\/\/help.unhcr.org\/elsalvador\/wp-json\/wp\/v2\/comments?post=89"}],"version-history":[{"count":2,"href":"https:\/\/help.unhcr.org\/elsalvador\/wp-json\/wp\/v2\/pages\/89\/revisions"}],"predecessor-version":[{"id":502,"href":"https:\/\/help.unhcr.org\/elsalvador\/wp-json\/wp\/v2\/pages\/89\/revisions\/502"}],"up":[{"embeddable":true,"href":"https:\/\/help.unhcr.org\/elsalvador\/wp-json\/wp\/v2\/pages\/83"}],"wp:attachment":[{"href":"https:\/\/help.unhcr.org\/elsalvador\/wp-json\/wp\/v2\/media?parent=89"}],"curies":[{"name":"wp","href":"https:\/\/api.w.org\/{rel}","templated":true}]}}