{"id":87,"date":"2018-04-18T15:00:49","date_gmt":"2018-04-18T15:00:49","guid":{"rendered":"http:\/\/help.unhcr.org\/elsalvador\/?page_id=87"},"modified":"2018-04-18T15:00:49","modified_gmt":"2018-04-18T15:00:49","slug":"deberes-de-solicitantes-de-asilo","status":"publish","type":"page","link":"https:\/\/help.unhcr.org\/elsalvador\/solicitando-la-condicion-de-refugiado\/derechos-y-deberes\/deberes-de-solicitantes-de-asilo\/","title":{"rendered":"Deberes de solicitantes de asilo"},"content":{"rendered":"<ul>\n<li>Proveer a las autoridades salvadore\u00f1as informaci\u00f3n veraz sobre los motivos por los que sali\u00f3 de su pa\u00eds de origen.<\/li>\n<li>Relatar las circunstancias de las razones involucradas, en apoyo a su solicitud.<\/li>\n<li>Atender las entrevistas que la CODER considere necesarias, a efecto de obtener informaci\u00f3n para el an\u00e1lisis de su solicitud.<\/li>\n<li>Presentar documentaci\u00f3n que respalde su solicitud, siempre que esto sea posible y no ponga su seguridad o la seguridad de otras personas en riesgo para conseguirla.<\/li>\n<li>Respetar y acatar la legislaci\u00f3n de la Rep\u00fablica de El Salvador.<\/li>\n<\/ul>\n","protected":false},"excerpt":{"rendered":"<p>Proveer a las autoridades salvadore\u00f1as informaci\u00f3n veraz sobre los motivos por los que sali\u00f3 de su pa\u00eds de origen. Relatar las circunstancias de las razones involucradas, en apoyo a su solicitud. Atender las entrevistas que la CODER considere necesarias, a efecto de obtener informaci\u00f3n para el an\u00e1lisis de su solicitud. Presentar documentaci\u00f3n que respalde su [&hellip;]<\/p>\n","protected":false},"author":1,"featured_media":0,"parent":83,"menu_order":1,"comment_status":"closed","ping_status":"closed","template":"","meta":{"_acf_changed":false,"footnotes":""},"class_list":["post-87","page","type-page","status-publish","hentry"],"acf":[],"_links":{"self":[{"href":"https:\/\/help.unhcr.org\/elsalvador\/wp-json\/wp\/v2\/pages\/87","targetHints":{"allow":["GET"]}}],"collection":[{"href":"https:\/\/help.unhcr.org\/elsalvador\/wp-json\/wp\/v2\/pages"}],"about":[{"href":"https:\/\/help.unhcr.org\/elsalvador\/wp-json\/wp\/v2\/types\/page"}],"author":[{"embeddable":true,"href":"https:\/\/help.unhcr.org\/elsalvador\/wp-json\/wp\/v2\/users\/1"}],"replies":[{"embeddable":true,"href":"https:\/\/help.unhcr.org\/elsalvador\/wp-json\/wp\/v2\/comments?post=87"}],"version-history":[{"count":1,"href":"https:\/\/help.unhcr.org\/elsalvador\/wp-json\/wp\/v2\/pages\/87\/revisions"}],"predecessor-version":[{"id":88,"href":"https:\/\/help.unhcr.org\/elsalvador\/wp-json\/wp\/v2\/pages\/87\/revisions\/88"}],"up":[{"embeddable":true,"href":"https:\/\/help.unhcr.org\/elsalvador\/wp-json\/wp\/v2\/pages\/83"}],"wp:attachment":[{"href":"https:\/\/help.unhcr.org\/elsalvador\/wp-json\/wp\/v2\/media?parent=87"}],"curies":[{"name":"wp","href":"https:\/\/api.w.org\/{rel}","templated":true}]}}