{"id":85,"date":"2018-04-18T14:59:55","date_gmt":"2018-04-18T14:59:55","guid":{"rendered":"http:\/\/help.unhcr.org\/elsalvador\/?page_id=85"},"modified":"2018-04-18T14:59:55","modified_gmt":"2018-04-18T14:59:55","slug":"derechos-de-solicitantes-de-asilo","status":"publish","type":"page","link":"https:\/\/help.unhcr.org\/elsalvador\/solicitando-la-condicion-de-refugiado\/derechos-y-deberes\/derechos-de-solicitantes-de-asilo\/","title":{"rendered":"Derechos de solicitantes de asilo"},"content":{"rendered":"<ul>\n<li><strong>No ser devuelto<\/strong> a su pa\u00eds o a cualquier otro donde su vida, seguridad o libertad est\u00e9n en peligro (derecho a la no devoluci\u00f3n).<\/li>\n<li><strong>No ser discriminado<\/strong>.<\/li>\n<li>Que <strong>no se le imponga una sanci\u00f3n<\/strong> por haber entrado de forma irregular a El Salvador.<\/li>\n<li><strong>Recibir informaci\u00f3n y asesor\u00eda legal<\/strong> sobre el procedimiento para solicitar la condici\u00f3n de refugiado.<\/li>\n<li><strong>Que no se informe a las autoridades diplom\u00e1ticas ni consulares de su pa\u00eds de origen<\/strong> sobre su procedimiento.<\/li>\n<li><strong>Derecho a recibir servicios de salud.<\/strong><\/li>\n<li>A <strong>un carnet de permanencia provisional<\/strong> en El Salvador durante el procedimiento de su solicitud.<\/li>\n<li>Contar con <strong>un traductor o int\u00e9rprete<\/strong>, de ser necesario.<\/li>\n<li>En caso en que no haya cumplido 18 a\u00f1os y no <strong>cuente con un representante legal<\/strong>, ser representado por el Procurador General de la Rep\u00fablica, con el objeto de que se garantice su inter\u00e9s superior como ni\u00f1a, ni\u00f1o o adolescente.<\/li>\n<li><strong>Comunicarse siempre que lo desee con la oficina del ACNUR<\/strong> en El Salvador, o con su agencia socia.<\/li>\n<\/ul>\n","protected":false},"excerpt":{"rendered":"<p>No ser devuelto a su pa\u00eds o a cualquier otro donde su vida, seguridad o libertad est\u00e9n en peligro (derecho a la no devoluci\u00f3n). No ser discriminado. Que no se le imponga una sanci\u00f3n por haber entrado de forma irregular a El Salvador. Recibir informaci\u00f3n y asesor\u00eda legal sobre el procedimiento para solicitar la condici\u00f3n [&hellip;]<\/p>\n","protected":false},"author":1,"featured_media":0,"parent":83,"menu_order":0,"comment_status":"closed","ping_status":"closed","template":"","meta":{"_acf_changed":false,"footnotes":""},"class_list":["post-85","page","type-page","status-publish","hentry"],"acf":[],"_links":{"self":[{"href":"https:\/\/help.unhcr.org\/elsalvador\/wp-json\/wp\/v2\/pages\/85","targetHints":{"allow":["GET"]}}],"collection":[{"href":"https:\/\/help.unhcr.org\/elsalvador\/wp-json\/wp\/v2\/pages"}],"about":[{"href":"https:\/\/help.unhcr.org\/elsalvador\/wp-json\/wp\/v2\/types\/page"}],"author":[{"embeddable":true,"href":"https:\/\/help.unhcr.org\/elsalvador\/wp-json\/wp\/v2\/users\/1"}],"replies":[{"embeddable":true,"href":"https:\/\/help.unhcr.org\/elsalvador\/wp-json\/wp\/v2\/comments?post=85"}],"version-history":[{"count":1,"href":"https:\/\/help.unhcr.org\/elsalvador\/wp-json\/wp\/v2\/pages\/85\/revisions"}],"predecessor-version":[{"id":86,"href":"https:\/\/help.unhcr.org\/elsalvador\/wp-json\/wp\/v2\/pages\/85\/revisions\/86"}],"up":[{"embeddable":true,"href":"https:\/\/help.unhcr.org\/elsalvador\/wp-json\/wp\/v2\/pages\/83"}],"wp:attachment":[{"href":"https:\/\/help.unhcr.org\/elsalvador\/wp-json\/wp\/v2\/media?parent=85"}],"curies":[{"name":"wp","href":"https:\/\/api.w.org\/{rel}","templated":true}]}}