{"id":81,"date":"2018-04-18T14:55:21","date_gmt":"2018-04-18T14:55:21","guid":{"rendered":"http:\/\/help.unhcr.org\/elsalvador\/?page_id=81"},"modified":"2024-07-10T16:08:24","modified_gmt":"2024-07-10T16:08:24","slug":"que-hace-la-coder","status":"publish","type":"page","link":"https:\/\/help.unhcr.org\/elsalvador\/solicitando-la-condicion-de-refugiado\/que-hace-la-coder\/","title":{"rendered":"Qu\u00e9 hace la CODER?"},"content":{"rendered":"<p>La Comisi\u00f3n para la Determinaci\u00f3n de la Condici\u00f3n de Personas Refugiadas\u00a0<strong>(CODER)<\/strong>\u00a0es la \u00fanica autoridad encargada de decidir qui\u00e9n es una persona reconocida como refugiada en El Salvador.<\/p>\n<p>Los oficiales de la CODER realizar\u00e1n entrevistas contigo y tu familia y analizar\u00e1n tu caso. Si necesitas apoyo o tienes alg\u00fan problema, ellos podr\u00e1n referirte a otras organizaciones.<\/p>\n<p>?Tel\u00e9fono: (503) 2231-1025\/ 2231-1037\/ 7070-1388<\/p>\n<p>?E-mail: secretaria.coder@rree.gob.sv<\/p>\n<p>?Direcci\u00f3n: Departamento Jur\u00eddico del Ministerio de Relaciones Exteriores, Calle El Pedregal, Boulevard Canciller\u00eda, Antiguo Cuscatl\u00e1n, La Libertad, El Salvador. (500 metros al poniente del Campus II de la Universidad Dr. Jos\u00e9 Mat\u00edas Delgado).<\/p>\n","protected":false},"excerpt":{"rendered":"<p>La Comisi\u00f3n para la Determinaci\u00f3n de la Condici\u00f3n de Personas Refugiadas\u00a0(CODER)\u00a0es la \u00fanica autoridad encargada de decidir qui\u00e9n es una persona reconocida como refugiada en El Salvador. Los oficiales de la CODER realizar\u00e1n entrevistas contigo y tu familia y analizar\u00e1n tu caso. Si necesitas apoyo o tienes alg\u00fan problema, ellos podr\u00e1n referirte a otras organizaciones. [&hellip;]<\/p>\n","protected":false},"author":1,"featured_media":0,"parent":75,"menu_order":1,"comment_status":"closed","ping_status":"closed","template":"","meta":{"_acf_changed":false,"footnotes":""},"class_list":["post-81","page","type-page","status-publish","hentry"],"acf":[],"_links":{"self":[{"href":"https:\/\/help.unhcr.org\/elsalvador\/wp-json\/wp\/v2\/pages\/81","targetHints":{"allow":["GET"]}}],"collection":[{"href":"https:\/\/help.unhcr.org\/elsalvador\/wp-json\/wp\/v2\/pages"}],"about":[{"href":"https:\/\/help.unhcr.org\/elsalvador\/wp-json\/wp\/v2\/types\/page"}],"author":[{"embeddable":true,"href":"https:\/\/help.unhcr.org\/elsalvador\/wp-json\/wp\/v2\/users\/1"}],"replies":[{"embeddable":true,"href":"https:\/\/help.unhcr.org\/elsalvador\/wp-json\/wp\/v2\/comments?post=81"}],"version-history":[{"count":3,"href":"https:\/\/help.unhcr.org\/elsalvador\/wp-json\/wp\/v2\/pages\/81\/revisions"}],"predecessor-version":[{"id":500,"href":"https:\/\/help.unhcr.org\/elsalvador\/wp-json\/wp\/v2\/pages\/81\/revisions\/500"}],"up":[{"embeddable":true,"href":"https:\/\/help.unhcr.org\/elsalvador\/wp-json\/wp\/v2\/pages\/75"}],"wp:attachment":[{"href":"https:\/\/help.unhcr.org\/elsalvador\/wp-json\/wp\/v2\/media?parent=81"}],"curies":[{"name":"wp","href":"https:\/\/api.w.org\/{rel}","templated":true}]}}