{"id":79,"date":"2018-04-18T14:54:03","date_gmt":"2018-04-18T14:54:03","guid":{"rendered":"http:\/\/help.unhcr.org\/elsalvador\/?page_id=79"},"modified":"2024-07-10T16:05:10","modified_gmt":"2024-07-10T16:05:10","slug":"solicitud-de-la-condicion-de-refugiado","status":"publish","type":"page","link":"https:\/\/help.unhcr.org\/elsalvador\/solicitando-la-condicion-de-refugiado\/solicitud-de-la-condicion-de-refugiado\/","title":{"rendered":"Pasos para solicitar asilo en El Salvador"},"content":{"rendered":"<p>Aqu\u00ed encontrar\u00e1s informaci\u00f3n sobre los pasos para la solicitud de asilo en El Salvador:<\/p>\n<p>? A continuaci\u00f3n, se describe cada paso:<\/p>\n<p><strong>Paso 1: Presentar tu solicitud<\/strong><\/p>\n<p>Para presentar una solicitud, debes acercarte a las oficinas de CODER, ubicadas en el Ministerio de Relaciones Exteriores. Si te encuentras en el aeropuerto o un puesto fronterizo, explica a un funcionario de la Direcci\u00f3n General de Migraci\u00f3n y Extranjer\u00eda (DGME), que quieres solicitar asilo en El Salvador. Puedes presentar tu solicitud de manera oral o escrita (te entregar\u00e1n el formato correspondiente).<\/p>\n<p>En caso de encontrarte en el Centro de Atenci\u00f3n Integral al Migrante para personas extranjeras y migrantes (CAIPEM), debes informar a un oficial de la Gerencia de Atenci\u00f3n al Migrante (GAMI) de DGME que quieres solicitar asilo en El Salvador, con el fin de que avise a CODER.<\/p>\n<p>Tienes un plazo de cinco (5) d\u00edas h\u00e1biles desde que ingresaste a El Salvador para presentar tu solicitud. Si no lo haces en este plazo, debes explicar la raz\u00f3n por la cual no te fue posible hacerlo.<\/p>\n<p>!Recuerda que tienes derecho de contar con una abogada o abogado durante el procedimiento! Puedes contactar a la <a href=\"https:\/\/www.pgr.gob.sv\/\">Procuradur\u00eda General de la Rep\u00fablica<\/a> para que te representen de manera gratuita.<\/p>\n<p><strong>Paso 2: En espera de la entrevista<\/strong><\/p>\n<p>Recibida la solicitud, los funcionarios de la CODER te notificar\u00e1n la fecha en que se realizar\u00e1 tu entrevista.<\/p>\n<p><strong>Paso 3: Entrevista<\/strong><\/p>\n<p>En la entrevista, deber\u00e1s exponer el o los motivos por los cuales huiste de tu pa\u00eds de origen y las razones por las que no quieres o no puedes regresar.<\/p>\n<p>Explica los mayores detalles posibles y siempre di la verdad. Deber\u00e1s tambi\u00e9n contestar las preguntas que los oficiales de la CODER. No es un requisito, pero si tienes alguna prueba, debes entreg\u00e1rselas a los oficiales para que comprendan mejor tu caso. \u00a0<\/p>\n<p><strong>Paso 4: En espera de la respuesta<\/strong><\/p>\n<p>Con base a la informaci\u00f3n proporcionada, la CODER determinar\u00e1 si admite tu solicitud o no. Si no lo hace, tienes 3 d\u00edas h\u00e1biles para promover una apelaci\u00f3n para que revisen la decisi\u00f3n.<\/p>\n<p>Si se admite la solicitud, podr\u00e1s tramitar ante la DGME un carnet de permanencia provisional que ser\u00e1 v\u00e1lido en todo el territorio nacional por el t\u00e9rmino de treinta d\u00edas renovables hasta cuando tu solicitud sea resuelta en forma definitiva.<\/p>\n<p><strong>Paso 5: Reconocimiento de la condici\u00f3n de refugiado<\/strong><\/p>\n<p>La CODER analizar\u00e1 a fondo tu caso para decidir si te reconoce como persona refugiada. Si la decisi\u00f3n es positiva, podr\u00e1s tramitar ante la DGME el carnet de Permanencia Temporal Especial en calidad de refugiado con permiso de trabajo.<\/p>\n<p><strong>Solicitud de la condici\u00f3n de refugiado rechazada:<\/strong><\/p>\n<p>Si la decisi\u00f3n es negativa, tienes derecho a presentar un recurso de revisi\u00f3n ante la CODER. Deber\u00e1s hacerlo por escrito y dentro de los tres d\u00edas h\u00e1biles siguientes a que te notificaron. La CODER volver\u00e1 a analizar tu caso.<\/p>\n<p>Si la CODER niega tu caso por segunda ocasi\u00f3n, tienes derecho a recibir apoyo de tu abogada (o) para continuar con tu impugnaci\u00f3n en una instancia jurisdiccional.<\/p>\n\n\n<p class=\"has-text-align-center has-text-color has-link-color wp-elements-28544329ab73bc4f999135b07afc15cc\" style=\"color:#0072bc\">\u00a1 Recuerda que todos los servicios relativos a este procedimiento son <strong>gratuitos<\/strong>!<\/p>\n","protected":false},"excerpt":{"rendered":"<p>Aqu\u00ed encontrar\u00e1s informaci\u00f3n sobre los pasos para la solicitud de asilo en El Salvador: ? A continuaci\u00f3n, se describe cada paso: Paso 1: Presentar tu solicitud Para presentar una solicitud, debes acercarte a las oficinas de CODER, ubicadas en el Ministerio de Relaciones Exteriores. Si te encuentras en el aeropuerto o un puesto fronterizo, explica [&hellip;]<\/p>\n","protected":false},"author":1,"featured_media":0,"parent":75,"menu_order":0,"comment_status":"closed","ping_status":"closed","template":"","meta":{"_acf_changed":false,"footnotes":""},"class_list":["post-79","page","type-page","status-publish","hentry"],"acf":[],"_links":{"self":[{"href":"https:\/\/help.unhcr.org\/elsalvador\/wp-json\/wp\/v2\/pages\/79","targetHints":{"allow":["GET"]}}],"collection":[{"href":"https:\/\/help.unhcr.org\/elsalvador\/wp-json\/wp\/v2\/pages"}],"about":[{"href":"https:\/\/help.unhcr.org\/elsalvador\/wp-json\/wp\/v2\/types\/page"}],"author":[{"embeddable":true,"href":"https:\/\/help.unhcr.org\/elsalvador\/wp-json\/wp\/v2\/users\/1"}],"replies":[{"embeddable":true,"href":"https:\/\/help.unhcr.org\/elsalvador\/wp-json\/wp\/v2\/comments?post=79"}],"version-history":[{"count":3,"href":"https:\/\/help.unhcr.org\/elsalvador\/wp-json\/wp\/v2\/pages\/79\/revisions"}],"predecessor-version":[{"id":498,"href":"https:\/\/help.unhcr.org\/elsalvador\/wp-json\/wp\/v2\/pages\/79\/revisions\/498"}],"up":[{"embeddable":true,"href":"https:\/\/help.unhcr.org\/elsalvador\/wp-json\/wp\/v2\/pages\/75"}],"wp:attachment":[{"href":"https:\/\/help.unhcr.org\/elsalvador\/wp-json\/wp\/v2\/media?parent=79"}],"curies":[{"name":"wp","href":"https:\/\/api.w.org\/{rel}","templated":true}]}}