{"id":591,"date":"2025-07-30T22:37:17","date_gmt":"2025-07-30T22:37:17","guid":{"rendered":"https:\/\/help.unhcr.org\/elsalvador\/?page_id=591"},"modified":"2025-07-30T22:37:17","modified_gmt":"2025-07-30T22:37:17","slug":"nacionalizaciones-y-naturalizaciones","status":"publish","type":"page","link":"https:\/\/help.unhcr.org\/elsalvador\/soluciones-duraderas\/nacionalizaciones-y-naturalizaciones\/","title":{"rendered":"Nacionalizaciones y naturalizaciones"},"content":{"rendered":"\n<figure class=\"wp-block-embed is-type-video is-provider-youtube wp-block-embed-youtube wp-embed-aspect-16-9 wp-has-aspect-ratio\"><div class=\"wp-block-embed__wrapper\">\n<iframe loading=\"lazy\" title=\"Eneyda y sus hijos obtuvieron la nacionalidad salvadore\u00f1a\" width=\"640\" height=\"360\" src=\"https:\/\/www.youtube.com\/embed\/E7UP8lqBla8?feature=oembed\" frameborder=\"0\" allow=\"accelerometer; autoplay; clipboard-write; encrypted-media; gyroscope; picture-in-picture; web-share\" referrerpolicy=\"strict-origin-when-cross-origin\" allowfullscreen><\/iframe>\n<\/div><\/figure>\n\n\n\n<p>El <strong>Ministerio de Justicia y Seguridad P\u00fablica (MJSP)<\/strong>, a trav\u00e9s de la <strong>Direcci\u00f3n General de Migraci\u00f3n y Extranjer\u00eda (DGME)<\/strong>, tiene como atribuci\u00f3n otorgar la calidad de salvadore\u00f1o por naturalizaci\u00f3n y por nacimiento (nacionalizaci\u00f3n) conforme a la Constituci\u00f3n de la Rep\u00fablica.<\/p>\n\n\n\n<p><strong>Nacionalizaci\u00f3n: <\/strong>Las personas originarias de Guatemala, Honduras, Nicaragua y Costa Rica, que tengan su domicilio en El Salvador y acrediten al menos un a\u00f1o de residencia definitiva, podr\u00e1n manifestar ante el titular del Ministerio de Justicia y Seguridad P\u00fablica su voluntad de adquirir la nacionalidad salvadore\u00f1a. Esta solicitud no requiere la renuncia a la nacionalidad de origen, conforme a lo establecido en el art\u00edculo 90, ordinal 3\u00ba de la Constituci\u00f3n de la Rep\u00fablica de El Salvador y el art\u00edculo 155 de la Ley Especial de Migraci\u00f3n y de Extranjer\u00eda.<\/p>\n\n\n\n<p><strong>Obt\u00e9n m\u00e1s informaci\u00f3n sobre nacionalizaciones: <\/strong><a href=\"https:\/\/drive.google.com\/file\/d\/1ox82F89QQ53VCnL9HeQa7mjH4JsWvqfO\/view\">https:\/\/drive.google.com\/file\/d\/1ox82F89QQ53VCnL9HeQa7mjH4JsWvqfO\/view<\/a><\/p>\n\n\n\n<p><strong>Naturalizaci\u00f3n:<\/strong> Las personas extranjeras que deseen obtener la calidad de salvadore\u00f1o por naturalizaci\u00f3n, conforme a lo dispuesto en el art\u00edculo 92 de la Constituci\u00f3n de la Rep\u00fablica de El Salvador y el art\u00edculo 156 de la Ley Especial de Migraci\u00f3n y de Extranjer\u00eda, podr\u00e1n hacerlo en los siguientes casos:<\/p>\n\n\n\n<ol style=\"list-style-type:lower-alpha\" class=\"wp-block-list\">\n<li>Las personas originarias de Espa\u00f1a o de un pa\u00eds hispanoamericano que tuvieren un a\u00f1o de residencia definitiva en el pa\u00eds.<\/li>\n\n\n\n<li>Los extranjeros de cualquier origen que tuvieren cinco a\u00f1os de residencia en el pa\u00eds, contando las residencias temporales y definitivas.<\/li>\n\n\n\n<li>La persona extranjera casada con persona salvadore\u00f1a que acreditare dos a\u00f1os de residencia en el pa\u00eds, anterior o posterior a la celebraci\u00f3n del matrimonio, contando residencia temporal y definitiva.<\/li>\n\n\n\n<li>Los refugiados o ap\u00e1tridas, de conformidad con lo establecido en esta ley.<\/li>\n<\/ol>\n\n\n\n<p><strong>Obt\u00e9n m\u00e1s informaci\u00f3n sobre naturalizaciones:<\/strong> <a href=\"https:\/\/drive.google.com\/file\/d\/1-rNOFqvCSc7qmwsY6oeP257PDcP34Sjz\/view\">https:\/\/drive.google.com\/file\/d\/1-rNOFqvCSc7qmwsY6oeP257PDcP34Sjz\/view<\/a><\/p>\n","protected":false},"excerpt":{"rendered":"<p>El Ministerio de Justicia y Seguridad P\u00fablica (MJSP), a trav\u00e9s de la Direcci\u00f3n General de Migraci\u00f3n y Extranjer\u00eda (DGME), tiene como atribuci\u00f3n otorgar la calidad de salvadore\u00f1o por naturalizaci\u00f3n y por nacimiento (nacionalizaci\u00f3n) conforme a la Constituci\u00f3n de la Rep\u00fablica. Nacionalizaci\u00f3n: Las personas originarias de Guatemala, Honduras, Nicaragua y Costa Rica, que tengan su domicilio [&hellip;]<\/p>\n","protected":false},"author":101,"featured_media":0,"parent":329,"menu_order":0,"comment_status":"closed","ping_status":"closed","template":"","meta":{"_acf_changed":false,"footnotes":""},"class_list":["post-591","page","type-page","status-publish","hentry"],"acf":[],"_links":{"self":[{"href":"https:\/\/help.unhcr.org\/elsalvador\/wp-json\/wp\/v2\/pages\/591","targetHints":{"allow":["GET"]}}],"collection":[{"href":"https:\/\/help.unhcr.org\/elsalvador\/wp-json\/wp\/v2\/pages"}],"about":[{"href":"https:\/\/help.unhcr.org\/elsalvador\/wp-json\/wp\/v2\/types\/page"}],"author":[{"embeddable":true,"href":"https:\/\/help.unhcr.org\/elsalvador\/wp-json\/wp\/v2\/users\/101"}],"replies":[{"embeddable":true,"href":"https:\/\/help.unhcr.org\/elsalvador\/wp-json\/wp\/v2\/comments?post=591"}],"version-history":[{"count":1,"href":"https:\/\/help.unhcr.org\/elsalvador\/wp-json\/wp\/v2\/pages\/591\/revisions"}],"predecessor-version":[{"id":592,"href":"https:\/\/help.unhcr.org\/elsalvador\/wp-json\/wp\/v2\/pages\/591\/revisions\/592"}],"up":[{"embeddable":true,"href":"https:\/\/help.unhcr.org\/elsalvador\/wp-json\/wp\/v2\/pages\/329"}],"wp:attachment":[{"href":"https:\/\/help.unhcr.org\/elsalvador\/wp-json\/wp\/v2\/media?parent=591"}],"curies":[{"name":"wp","href":"https:\/\/api.w.org\/{rel}","templated":true}]}}