{"id":506,"date":"2024-07-10T16:21:32","date_gmt":"2024-07-10T16:21:32","guid":{"rendered":"https:\/\/help.unhcr.org\/elsalvador\/?page_id=506"},"modified":"2024-07-10T16:21:33","modified_gmt":"2024-07-10T16:21:33","slug":"que-hace-la-dav","status":"publish","type":"page","link":"https:\/\/help.unhcr.org\/elsalvador\/donde-encontrar-ayuda\/que-hace-la-dav\/","title":{"rendered":"\u00bfQu\u00e9 hace la DAV?"},"content":{"rendered":"\n<p>La Direcci\u00f3n de Atenci\u00f3n a V\u00edctimas <strong>(DAV)<\/strong> es la encargada de brindar apoyo a aquellas personas que se encuentran en situaci\u00f3n de desplazamiento forzado interno y cuenta con los servicios de atenci\u00f3n psicol\u00f3gica, asesor\u00eda legal y asistencia social. Tambi\u00e9n podr\u00e1 coordinar con otras instituciones y organizaciones para brindarte el apoyo que necesites.<\/p>\n\n\n\n<p>?<strong>Direcci\u00f3n:<\/strong> Alameda Juan Pablo II, y 17 avenida Norte, Complejo Plan Maestro, Edificio B2, San Salvador<\/p>\n\n\n\n<p>?<strong>Tel\u00e9fono:<\/strong> 2526-3257<\/p>\n","protected":false},"excerpt":{"rendered":"<p>La Direcci\u00f3n de Atenci\u00f3n a V\u00edctimas (DAV) es la encargada de brindar apoyo a aquellas personas que se encuentran en situaci\u00f3n de desplazamiento forzado interno y cuenta con los servicios de atenci\u00f3n psicol\u00f3gica, asesor\u00eda legal y asistencia social. Tambi\u00e9n podr\u00e1 coordinar con otras instituciones y organizaciones para brindarte el apoyo que necesites. ?Direcci\u00f3n: Alameda Juan [&hellip;]<\/p>\n","protected":false},"author":101,"featured_media":0,"parent":73,"menu_order":4,"comment_status":"closed","ping_status":"closed","template":"","meta":{"_acf_changed":false,"footnotes":""},"class_list":["post-506","page","type-page","status-publish","hentry"],"acf":[],"_links":{"self":[{"href":"https:\/\/help.unhcr.org\/elsalvador\/wp-json\/wp\/v2\/pages\/506","targetHints":{"allow":["GET"]}}],"collection":[{"href":"https:\/\/help.unhcr.org\/elsalvador\/wp-json\/wp\/v2\/pages"}],"about":[{"href":"https:\/\/help.unhcr.org\/elsalvador\/wp-json\/wp\/v2\/types\/page"}],"author":[{"embeddable":true,"href":"https:\/\/help.unhcr.org\/elsalvador\/wp-json\/wp\/v2\/users\/101"}],"replies":[{"embeddable":true,"href":"https:\/\/help.unhcr.org\/elsalvador\/wp-json\/wp\/v2\/comments?post=506"}],"version-history":[{"count":1,"href":"https:\/\/help.unhcr.org\/elsalvador\/wp-json\/wp\/v2\/pages\/506\/revisions"}],"predecessor-version":[{"id":507,"href":"https:\/\/help.unhcr.org\/elsalvador\/wp-json\/wp\/v2\/pages\/506\/revisions\/507"}],"up":[{"embeddable":true,"href":"https:\/\/help.unhcr.org\/elsalvador\/wp-json\/wp\/v2\/pages\/73"}],"wp:attachment":[{"href":"https:\/\/help.unhcr.org\/elsalvador\/wp-json\/wp\/v2\/media?parent=506"}],"curies":[{"name":"wp","href":"https:\/\/api.w.org\/{rel}","templated":true}]}}