{"id":5,"date":"2017-11-22T11:16:29","date_gmt":"2017-11-22T11:16:29","guid":{"rendered":"http:\/\/help.unhcr.org\/elsalvador\/?page_id=5"},"modified":"2025-12-05T00:48:10","modified_gmt":"2025-12-05T00:48:10","slug":"main","status":"publish","type":"page","link":"https:\/\/help.unhcr.org\/elsalvador\/","title":{"rendered":"Informaci\u00f3n clave para ti, tu familia y tu comunidad"},"content":{"rendered":"<p>ACNUR en El Salvador \u2013 Ayuda a las personas solicitantes de asilo, refugiadas, retornadas con necesidades de protecci\u00f3n, desplazadas internamente o en riesgo y ap\u00e1tridas.<\/p>\n\n\n<figure class=\"wp-block-image size-full\"><img loading=\"lazy\" decoding=\"async\" width=\"800\" height=\"238\" src=\"https:\/\/help.unhcr.org\/elsalvador\/wp-content\/uploads\/sites\/24\/2024\/05\/Banner.jpg\" alt=\"\" class=\"wp-image-425\" srcset=\"https:\/\/help.unhcr.org\/elsalvador\/wp-content\/uploads\/sites\/24\/2024\/05\/Banner.jpg 800w, https:\/\/help.unhcr.org\/elsalvador\/wp-content\/uploads\/sites\/24\/2024\/05\/Banner-300x89.jpg 300w, https:\/\/help.unhcr.org\/elsalvador\/wp-content\/uploads\/sites\/24\/2024\/05\/Banner-768x228.jpg 768w\" sizes=\"auto, (max-width: 800px) 100vw, 800px\" \/><\/figure>\n\n\n\n<div class=\"wp-block-buttons is-layout-flex wp-block-buttons-is-layout-flex\">\n<div class=\"wp-block-button has-custom-width wp-block-button__width-75\"><a class=\"wp-block-button__link has-black-color has-text-color has-background has-link-color wp-element-button\" href=\"https:\/\/help.unhcr.org\/elsalvador\/personas-desplazadas-en-el-salvador\/\" style=\"background-color:#fff483\">Si eres una persona salvadore\u00f1a y tuviste que huir de tu hogar por situaciones de violencia, <strong>haz clic aqu\u00ed<\/strong><\/a><\/div>\n\n\n\n<div class=\"wp-block-button has-custom-width wp-block-button__width-75\"><a class=\"wp-block-button__link has-black-color has-text-color has-background has-link-color wp-element-button\" href=\"https:\/\/help.unhcr.org\/elsalvador\/solicitando-la-condicion-de-refugiado\/\" style=\"background-color:#fff483\">Si eres una persona refugiada o quieres solicitar asilo en El Salvador, <strong>haz clic aqu\u00ed<\/strong><\/a><\/div>\n<\/div>\n\n\n\n<p><\/p>\n\n\n\n<p>Aqu\u00ed puedes encontrar informaci\u00f3n sobre:<\/p>\n\n\n\n<ul class=\"wp-block-list\">\n<li style=\"font-style:normal;font-weight:600\"><a href=\"https:\/\/help.unhcr.org\/elsalvador\/donde-encontrar-ayuda\/como-puedo-contactar-directamente-a-acnur\/\">\u00bfQu\u00e9 hace ACNUR en El Salvador?<\/a><\/li>\n\n\n\n<li style=\"font-style:normal;font-weight:600\"><a href=\"https:\/\/help.unhcr.org\/elsalvador\/solicitando-la-condicion-de-refugiado\/\">\u00bfC\u00f3mo puede pedir asilo o refugio en El Salvador?<\/a><\/li>\n\n\n\n<li style=\"font-style:normal;font-weight:600\"><a href=\"https:\/\/help.unhcr.org\/elsalvador\/explotacion-y-abuso-sexual-por-parte-de-trabajadores-humanitarios\/\">Prevenci\u00f3n de explotaci\u00f3n y abuso sexual<\/a><\/li>\n<\/ul>\n\n\n\n<figure class=\"wp-block-image size-large\"><img loading=\"lazy\" decoding=\"async\" width=\"1024\" height=\"814\" src=\"https:\/\/help.unhcr.org\/elsalvador\/wp-content\/uploads\/sites\/24\/2025\/12\/Help-imagen-1024x814.png\" alt=\"\" class=\"wp-image-600\" srcset=\"https:\/\/help.unhcr.org\/elsalvador\/wp-content\/uploads\/sites\/24\/2025\/12\/Help-imagen-1024x814.png 1024w, https:\/\/help.unhcr.org\/elsalvador\/wp-content\/uploads\/sites\/24\/2025\/12\/Help-imagen-300x239.png 300w, https:\/\/help.unhcr.org\/elsalvador\/wp-content\/uploads\/sites\/24\/2025\/12\/Help-imagen-768x611.png 768w, https:\/\/help.unhcr.org\/elsalvador\/wp-content\/uploads\/sites\/24\/2025\/12\/Help-imagen.png 1035w\" sizes=\"auto, (max-width: 1024px) 100vw, 1024px\" \/><\/figure>\n\n\n\n<p><\/p>\n","protected":false},"excerpt":{"rendered":"<p>ACNUR en El Salvador \u2013 Ayuda a las personas solicitantes de asilo, refugiadas, retornadas con necesidades de protecci\u00f3n, desplazadas internamente o en riesgo y ap\u00e1tridas. Aqu\u00ed puedes encontrar informaci\u00f3n sobre:<\/p>\n","protected":false},"author":1,"featured_media":0,"parent":0,"menu_order":0,"comment_status":"closed","ping_status":"closed","template":"","meta":{"_acf_changed":false,"footnotes":""},"class_list":["post-5","page","type-page","status-publish","hentry"],"acf":[],"_links":{"self":[{"href":"https:\/\/help.unhcr.org\/elsalvador\/wp-json\/wp\/v2\/pages\/5","targetHints":{"allow":["GET"]}}],"collection":[{"href":"https:\/\/help.unhcr.org\/elsalvador\/wp-json\/wp\/v2\/pages"}],"about":[{"href":"https:\/\/help.unhcr.org\/elsalvador\/wp-json\/wp\/v2\/types\/page"}],"author":[{"embeddable":true,"href":"https:\/\/help.unhcr.org\/elsalvador\/wp-json\/wp\/v2\/users\/1"}],"replies":[{"embeddable":true,"href":"https:\/\/help.unhcr.org\/elsalvador\/wp-json\/wp\/v2\/comments?post=5"}],"version-history":[{"count":21,"href":"https:\/\/help.unhcr.org\/elsalvador\/wp-json\/wp\/v2\/pages\/5\/revisions"}],"predecessor-version":[{"id":602,"href":"https:\/\/help.unhcr.org\/elsalvador\/wp-json\/wp\/v2\/pages\/5\/revisions\/602"}],"wp:attachment":[{"href":"https:\/\/help.unhcr.org\/elsalvador\/wp-json\/wp\/v2\/media?parent=5"}],"curies":[{"name":"wp","href":"https:\/\/api.w.org\/{rel}","templated":true}]}}