{"id":476,"date":"2024-07-16T19:44:15","date_gmt":"2024-07-16T19:44:15","guid":{"rendered":"https:\/\/help.unhcr.org\/elsalvador\/?page_id=476"},"modified":"2025-02-10T21:26:20","modified_gmt":"2025-02-10T21:26:20","slug":"donde-buscar-ayuda","status":"publish","type":"page","link":"https:\/\/help.unhcr.org\/elsalvador\/situacion_violencia\/donde-buscar-ayuda\/","title":{"rendered":"\u00bfD\u00f3nde buscar ayuda?"},"content":{"rendered":"\n<figure class=\"wp-block-image size-large\"><img loading=\"lazy\" decoding=\"async\" width=\"1024\" height=\"723\" src=\"https:\/\/help.unhcr.org\/elsalvador\/wp-content\/uploads\/sites\/24\/2024\/07\/240411-Flyer-GBV_cambios_Imprenta-Oficial_Actualizado_Oficial_page-0002-1-1024x723.jpg\" alt=\"\" class=\"wp-image-519\" srcset=\"https:\/\/help.unhcr.org\/elsalvador\/wp-content\/uploads\/sites\/24\/2024\/07\/240411-Flyer-GBV_cambios_Imprenta-Oficial_Actualizado_Oficial_page-0002-1-1024x723.jpg 1024w, https:\/\/help.unhcr.org\/elsalvador\/wp-content\/uploads\/sites\/24\/2024\/07\/240411-Flyer-GBV_cambios_Imprenta-Oficial_Actualizado_Oficial_page-0002-1-300x212.jpg 300w, https:\/\/help.unhcr.org\/elsalvador\/wp-content\/uploads\/sites\/24\/2024\/07\/240411-Flyer-GBV_cambios_Imprenta-Oficial_Actualizado_Oficial_page-0002-1-768x542.jpg 768w, https:\/\/help.unhcr.org\/elsalvador\/wp-content\/uploads\/sites\/24\/2024\/07\/240411-Flyer-GBV_cambios_Imprenta-Oficial_Actualizado_Oficial_page-0002-1-1536x1085.jpg 1536w, https:\/\/help.unhcr.org\/elsalvador\/wp-content\/uploads\/sites\/24\/2024\/07\/240411-Flyer-GBV_cambios_Imprenta-Oficial_Actualizado_Oficial_page-0002-1.jpg 1810w\" sizes=\"auto, (max-width: 1024px) 100vw, 1024px\" \/><\/figure>\n\n\n\n<p><\/p>\n\n\n\n<p>Lugares donde encontrar servicios de atenci\u00f3n ante una situaci\u00f3n de violencia:<\/p>\n\n\n\n<p class=\"has-text-color has-link-color wp-elements-56192c18c36161f9d0fc69c1e4150b4a\" style=\"color:#589be5\">Haz clic en cada departamento para obtener m\u00e1s informaci\u00f3n:<\/p>\n\n\n\n<details class=\"wp-block-details is-layout-flow wp-block-details-is-layout-flow\"><summary><strong>AHUACHAP\u00c1N<\/strong><\/summary>\n<p><\/p>\n\n\n\n<p><strong>ISDEMU: <\/strong>4\u00b0 calle Oriente #1_6, esquina opuesta a ferreter\u00eda La Econ\u00f3mica San Jos\u00e9. Tel: 2413-1808 y 7854-8801. Celular: 7987-2324. Correo: od.ahuachapan@isdemu.gob.sv<\/p>\n\n\n\n<p><strong>Unidad Especializada Mujeres (PGR): <\/strong>3a calle poniente #2-2. Barrio San Jos\u00e9. Tel: 24130838 y 60629238<\/p>\n<\/details>\n\n\n\n<p><\/p>\n\n\n\n<details class=\"wp-block-details is-layout-flow wp-block-details-is-layout-flow\"><summary><strong>CABA\u00d1AS<\/strong><\/summary>\n<p><\/p>\n\n\n\n<p><strong>ISDEMU: <\/strong>5ta. Avenida Sur, No 18, Barrio El Calvario, Centro de Gobierno, Sensuntepeque. Tel: 2382-0009 y 7854-1256. Celular: 7608-2783. Correo: od.cabanas@isdemu.gob.sv<\/p>\n\n\n\n<p><strong>Unidad Especializada Mujeres (PGR): <\/strong>Calle Dr. Jesus Velasco n\u00fam. 17, Sensuntepeque. Tel:23820133- 60629217<\/p>\n<\/details>\n\n\n\n<p><\/p>\n\n\n\n<details class=\"wp-block-details is-layout-flow wp-block-details-is-layout-flow\"><summary><strong>CHALATENANGO<\/strong><\/summary>\n<p><\/p>\n\n\n\n<p><strong>ISDEMU: <\/strong>Avenida Libertad y 4\u00b0 Calle Oriente, Barrio El Centro. Centro de Gobierno. Tel: 2301-1538 y 7854-7398. Celular: 7608-2759 Correo: od.chalatenango@isdemu.gob.sv<\/p>\n\n\n\n<p><strong>Unidad Especializada Mujeres (PGR): <\/strong>Lotificacion Santa Emilia Kilometro 77, Caserio Totolco. Tel: 23352527 y 60629320<\/p>\n<\/details>\n\n\n\n<p><\/p>\n\n\n\n<details class=\"wp-block-details is-layout-flow wp-block-details-is-layout-flow\"><summary><strong>CUSCATL\u00c1N<\/strong><\/summary>\n<p><\/p>\n\n\n\n<p><strong>CAE Ciudad Mujer San Mart\u00edn: <\/strong>Km 16 \u00bd, Carretera de Oro, Finca Gran Breta\u00f1a, municipio de San Mart\u00edn, Tel. (503) 2555-1400<\/p>\n\n\n\n<p><strong>Unidad Especializada Mujeres (PGR): <\/strong>6\u00b0 Calle Oriente, casa N\u00b0 15, Barrio San Juan. Cojutepeque. Tel: 2372-1366 y 60629242<\/p>\n<\/details>\n\n\n\n<p><\/p>\n\n\n\n<details class=\"wp-block-details is-layout-flow wp-block-details-is-layout-flow\"><summary><strong>LA LIBERTAD<\/strong><\/summary>\n<p><\/p>\n\n\n\n<p><strong>ISDEMU: <\/strong>9\u00b0 Calle Oriente, casa # 2 -10 Colonia Larreynaga, Santa Tecla (sobre la calle Chiltiup\u00e1n, antes de llegar a la pasarela del Colegio Santa Cecilia) Tel: 2228-4820 y 7854-0162. Celular: 7608-7933. Correo: od.lalibertad@isdemu.gob.sv<\/p>\n\n\n\n<p><strong>CAE Ciudad Mujer Col\u00f3n: <\/strong>km 29 1\/2 Carretera a Sonsonate, Cant\u00f3n Entre R\u00edos, Col\u00f3n, Tel: 2565-0800<\/p>\n\n\n\n<p><strong>Unidad Especializada Mujeres (PGR): <\/strong>6\u00aa calle oriente y av. Dr. Jos\u00e9 Zablah Touche, Col. Utila, casa n\u00ba 5-6. Santa Tecla. Tel: 2288-6382 y 7098-7910.<\/p>\n<\/details>\n\n\n\n<p><\/p>\n\n\n\n<details class=\"wp-block-details is-layout-flow wp-block-details-is-layout-flow\"><summary><strong>LA PAZ<\/strong><\/summary>\n<p><\/p>\n\n\n\n<p><strong>ISDEMU: <\/strong>Km 56 1\/2, Carretera Litoral Centro de Gobierno, Zacatecoluca. Tel: 2334-1315 y 7853-4811. Celular: 7608-7951. Correo: od.lapaz@isdemu.gob.sv<\/p>\n\n\n\n<p><strong>Unidad Especializada Mujeres (PGR): <\/strong>Calle Dr. Miguel Tom\u00e1s Molina, No. 28, Barrio Candelaria, Zacatecoluca. Tel: 23342856 y 60629243.<\/p>\n<\/details>\n\n\n\n<p><\/p>\n\n\n\n<details class=\"wp-block-details is-layout-flow wp-block-details-is-layout-flow\"><summary><strong>LA UNI\u00d3N<\/strong><\/summary>\n<p><\/p>\n\n\n\n<p><strong>ISDEMU: <\/strong>5\u00b0 calle oriente, entre avenida Gral. Caba\u00f1as y 1\u00b0 avenida norte, Centro de Gobierno. Tel: 2604-2511 y 7854-1848. Celular: 7850-8612. Correo: od.launion@isdemu.gob.sv<\/p>\n\n\n\n<p><strong>Unidad Especializada Mujeres (PGR): <\/strong>Centro de Gobierno, Segundo Nivel, Barrio El Centro. La Union. Tel: 26042057 y 6062-8853<\/p>\n<\/details>\n\n\n\n<p><\/p>\n\n\n\n<details class=\"wp-block-details is-layout-flow wp-block-details-is-layout-flow\"><summary><strong>MORAZ\u00c1N<\/strong><\/summary>\n<p><\/p>\n\n\n\n<p><strong>ISDEMU CAE Ciudad Mujer Moraz\u00e1n: <\/strong>Carretera Panamericana, cant\u00f3n Llano de Santiago, municipio El Divisadero. Tel: 2609-6391<\/p>\n\n\n\n<p><strong>Unidad Especializada Mujeres (PGR): <\/strong>Centro de Gobierno, 2\u00b0 nivel, barrio El Centro, San Francisco Gotera. Tel: 2654 2073 y 60629322.<\/p>\n<\/details>\n\n\n\n<p><\/p>\n\n\n\n<details class=\"wp-block-details is-layout-flow wp-block-details-is-layout-flow\"><summary><strong>SAN SALVADOR<\/strong><\/summary>\n<p><\/p>\n\n\n\n<p><strong>ACNUR: Espacio de Apoyo \u201cA tu Lado\u201d: <\/strong>67 Av. Sur, pasaje 2, edificio E69. Colonia Roma.<\/p>\n\n\n\n<p><strong>ISDEMU: <\/strong>1ra. Calle Poniente y 43 Avenida Norte, #2310, Colonia Flor Blanca. Tel: 2510-4315. Celular: 7608-6805. Correo: atencion.especializada@isdemu.gob.sv.<\/p>\n\n\n\n<p><strong>CAE Ciudad Mujer San Mart\u00edn: <\/strong>Km 16 \u00bd, Carretera de Oro, Finca Gran Breta\u00f1a, municipio de San Mart\u00edn, Tel. (503) 2555-1400.<\/p>\n\n\n\n<p><strong>Procuradur\u00eda Mujeres (PEM): <\/strong>Centro de Gobierno, 9\u00b0 Calle Poniente, Nivel 1, Torre PGR. Tel: 22811021, 22319563 y 77862086. <\/p>\n\n\n\n<p>Soyapango: Barrio El Progreso, Av. Las Palmeras, Pasaje Moraz\u00e1n, #3. Tel: 22273601 y 60629327.<\/p>\n<\/details>\n\n\n\n<p><\/p>\n\n\n\n<details class=\"wp-block-details is-layout-flow wp-block-details-is-layout-flow\"><summary><strong>SAN MIGUEL<\/strong><\/summary>\n<p><\/p>\n\n\n\n<p><strong>ACNUR Espacio de Apoyo \u201cA tu Lado\u201d: <\/strong>12 C. Oriente, #205 Barrio San Francisco, San Miguel (Una cuadra antes del ISNA San Miguel).<\/p>\n\n\n\n<p><strong>ISDEMU CAE Ciudad Mujer: <\/strong>Antiguo FENADESAL, 15 Calle Oriente, entre 10\u00b0 y 8\u00b0 Avenida Sur. Tel: 2660-0377 y 7854-3503. Celular: 7608-2348. Correo: od.sanmiguel@isdemu.gob.sv<\/p>\n\n\n\n<p><strong>Unidad Especializada Mujeres (PGR): <\/strong>3\u00aa. Av. Sur No. 606, Barrio San Nicol\u00e1s, frente a Hotel Caleta.        Tel: 26616175 y 70984092.<\/p>\n<\/details>\n\n\n\n<p><\/p>\n\n\n\n<details class=\"wp-block-details is-layout-flow wp-block-details-is-layout-flow\"><summary><strong>SAN VICENTE<\/strong><\/summary>\n<p><\/p>\n\n\n\n<p class=\"has-black-color has-text-color has-link-color wp-elements-57173971d493c2d7ce83601c5bac5c35\"><strong>ACNUR Espacio de Apoyo \u201cA tu Lado\u201d: <\/strong>3a. C. Oriente #27, Bo. El Santuario (2 cuadras al Oriente del Banco Agr\u00edcola, frente al agroservicio y veterinaria &#8220;La Cosecha&#8221;)<\/p>\n\n\n\n<p><strong>ISDEMU: <\/strong>4\u00b0 Calle Poniente, casa N\u00b0 56, Barrio San Juan de Dios. Tel: 2393-4071 y 7854-9226. Celular: 7608-2417. Correo: od.sanvicente@isdemu.gob.sv<\/p>\n\n\n\n<p><strong>Unidad Especializada Mujeres (PGR): <\/strong>7\u00ba calle Oriente, No. 22, Barrio El Santuario San Vicente. Tel: 23932895 y 60629174.<\/p>\n<\/details>\n\n\n\n<p class=\"has-black-color has-text-color has-link-color wp-elements-9ac00cf961d1ea846fe5a532228b76c6\"><\/p>\n\n\n\n<details class=\"wp-block-details is-layout-flow wp-block-details-is-layout-flow\"><summary><strong>SANTA ANA<\/strong><\/summary>\n<p><\/p>\n\n\n\n<p><strong>ACNUR Espacio de Apoyo \u201cA tu Lado\u201d: <\/strong>Final 10 Av. Sur, contiguo a Aldeas Infantiles SOS, al lado de la Cancha \u201cLa Procavia\u201d.<\/p>\n\n\n\n<p><strong>ISDEMU CAE Ciudad Mujer Santa Ana: <\/strong>kil\u00f3metro 61 \u00bd Carretera Panamericana, Finca Santa Teresa, Cant\u00f3n el Chupadero, Santa Ana. Tel: (503) 2404-2500<\/p>\n\n\n\n<p><strong>Unidad Especializada Mujeres (PGR): <\/strong>Avenida Fray Felipe de Jes\u00fas Moraga Sur, entre segunda y sexta calle Poniente n\u00famero 6. Tel: 24479487 y 70983257<\/p>\n<\/details>\n\n\n\n<p><\/p>\n\n\n\n<details class=\"wp-block-details is-layout-flow wp-block-details-is-layout-flow\"><summary><strong>SONSONATE<\/strong><\/summary>\n<p><\/p>\n\n\n\n<p><strong>ISDEMU: <\/strong>Boulevard Las Palmeras, V\u00eda Catedral, Suburbios del Barrio el \u00c1ngel, atr\u00e1s de la Panader\u00eda La Tecle\u00f1a. Tel: 2450-2224 y 7608-5482, 7608-6647. Correo: od.sonsonate@isdemu.gob.sv<\/p>\n\n\n\n<p><strong>Unidad Especializada Mujeres (PGR): <\/strong>Col. San Francisco, 4\u00aa calle oriente, No. 22, Sonzacate, Sonsonate. Tel: 24291289 y 60629229.<\/p>\n<\/details>\n\n\n\n<p><\/p>\n\n\n\n<details class=\"wp-block-details is-layout-flow wp-block-details-is-layout-flow\"><summary><strong>USULUT\u00c1N<\/strong><\/summary>\n<p><\/p>\n\n\n\n<p><strong>ISDEMU: <\/strong>Final 4\u00b0 avenida sur, Teniente Coronel Herson Calito. Centro de Gobierno. Usulut\u00e1n. Tel: 2624-8028 y 7854-1865. Celular: 7840-6738. Correo: od.usulutan@isdemu.gob.sv<\/p>\n\n\n\n<p><strong>ISDEMU CAE Ciudad Mujer Usulut\u00e1n: <\/strong>Centro de Gobierno, 9a. calle oriente y final 8a. Avenida sur, Barrios el Calvario, frente al, 9a Calle Oriente, Usulut\u00e1n. Tel: (503) 2609-1200<\/p>\n\n\n\n<p><strong>Unidad Especializada Mujeres (PGR): <\/strong>7\u00ba Av. Norte y 4\u00b0 calle poniente # 15, barrio La Merced, Usulut\u00e1n. Tel: 26624759 y 60626072.<\/p>\n<\/details>\n","protected":false},"excerpt":{"rendered":"<p>Lugares donde encontrar servicios de atenci\u00f3n ante una situaci\u00f3n de violencia: Haz clic en cada departamento para obtener m\u00e1s informaci\u00f3n:<\/p>\n","protected":false},"author":101,"featured_media":0,"parent":468,"menu_order":2,"comment_status":"closed","ping_status":"closed","template":"","meta":{"_acf_changed":false,"footnotes":""},"class_list":["post-476","page","type-page","status-publish","hentry"],"acf":[],"_links":{"self":[{"href":"https:\/\/help.unhcr.org\/elsalvador\/wp-json\/wp\/v2\/pages\/476","targetHints":{"allow":["GET"]}}],"collection":[{"href":"https:\/\/help.unhcr.org\/elsalvador\/wp-json\/wp\/v2\/pages"}],"about":[{"href":"https:\/\/help.unhcr.org\/elsalvador\/wp-json\/wp\/v2\/types\/page"}],"author":[{"embeddable":true,"href":"https:\/\/help.unhcr.org\/elsalvador\/wp-json\/wp\/v2\/users\/101"}],"replies":[{"embeddable":true,"href":"https:\/\/help.unhcr.org\/elsalvador\/wp-json\/wp\/v2\/comments?post=476"}],"version-history":[{"count":15,"href":"https:\/\/help.unhcr.org\/elsalvador\/wp-json\/wp\/v2\/pages\/476\/revisions"}],"predecessor-version":[{"id":523,"href":"https:\/\/help.unhcr.org\/elsalvador\/wp-json\/wp\/v2\/pages\/476\/revisions\/523"}],"up":[{"embeddable":true,"href":"https:\/\/help.unhcr.org\/elsalvador\/wp-json\/wp\/v2\/pages\/468"}],"wp:attachment":[{"href":"https:\/\/help.unhcr.org\/elsalvador\/wp-json\/wp\/v2\/media?parent=476"}],"curies":[{"name":"wp","href":"https:\/\/api.w.org\/{rel}","templated":true}]}}