{"id":473,"date":"2024-07-16T19:41:21","date_gmt":"2024-07-16T19:41:21","guid":{"rendered":"https:\/\/help.unhcr.org\/elsalvador\/?page_id=473"},"modified":"2025-02-10T22:52:15","modified_gmt":"2025-02-10T22:52:15","slug":"tipos-de-violencia","status":"publish","type":"page","link":"https:\/\/help.unhcr.org\/elsalvador\/situacion_violencia\/tipos-de-violencia\/","title":{"rendered":"Tipos de Violencia"},"content":{"rendered":"\n<p>La violencia contra las mujeres se designa como todo acto lesivo perpetrado contra la voluntad de la persona y que est\u00e1 basado en diferencias de car\u00e1cter social entre hombres y mujeres. Comprende los actos que tienen como resultado un da\u00f1o o sufrimiento f\u00edsico, sexual o psicol\u00f3gico; as\u00ed como las amenazas de tales actos, la coacci\u00f3n y otras privaciones de libertad. Tales actos pueden cometerse en p\u00fablico o en privado.<\/p>\n\n\n\n<p>En la actualidad, El Salvador dentro de su legislaci\u00f3n nacional reconoce 7 tipos de violencia contra las mujeres: <\/p>\n\n\n\n<div class=\"wp-block-group is-vertical is-layout-flex wp-container-core-group-is-layout-8cf370e7 wp-block-group-is-layout-flex\">\n<ul class=\"wp-block-list\">\n<li>Violencia simb\u00f3lica<\/li>\n\n\n\n<li>Violencia econ\u00f3mica<\/li>\n\n\n\n<li>Violencia patrimonial<\/li>\n\n\n\n<li>Violencia psicol\u00f3gica<\/li>\n\n\n\n<li>Violencia f\u00edsica<\/li>\n\n\n\n<li>Violencia sexual<\/li>\n\n\n\n<li>Violencia feminicida<\/li>\n<\/ul>\n<\/div>\n\n\n\n<p><\/p>\n\n\n\n<figure class=\"wp-block-image size-large\"><img loading=\"lazy\" decoding=\"async\" width=\"1024\" height=\"723\" src=\"https:\/\/help.unhcr.org\/elsalvador\/wp-content\/uploads\/sites\/24\/2024\/07\/240411-Flyer-GBV_cambios_Imprenta-Oficial_Actualizado_Oficial_page-0001-1024x723.jpg\" alt=\"\" class=\"wp-image-514\" srcset=\"https:\/\/help.unhcr.org\/elsalvador\/wp-content\/uploads\/sites\/24\/2024\/07\/240411-Flyer-GBV_cambios_Imprenta-Oficial_Actualizado_Oficial_page-0001-1024x723.jpg 1024w, https:\/\/help.unhcr.org\/elsalvador\/wp-content\/uploads\/sites\/24\/2024\/07\/240411-Flyer-GBV_cambios_Imprenta-Oficial_Actualizado_Oficial_page-0001-300x212.jpg 300w, https:\/\/help.unhcr.org\/elsalvador\/wp-content\/uploads\/sites\/24\/2024\/07\/240411-Flyer-GBV_cambios_Imprenta-Oficial_Actualizado_Oficial_page-0001-768x542.jpg 768w, https:\/\/help.unhcr.org\/elsalvador\/wp-content\/uploads\/sites\/24\/2024\/07\/240411-Flyer-GBV_cambios_Imprenta-Oficial_Actualizado_Oficial_page-0001-1536x1085.jpg 1536w, https:\/\/help.unhcr.org\/elsalvador\/wp-content\/uploads\/sites\/24\/2024\/07\/240411-Flyer-GBV_cambios_Imprenta-Oficial_Actualizado_Oficial_page-0001.jpg 1810w\" sizes=\"auto, (max-width: 1024px) 100vw, 1024px\" \/><\/figure>\n","protected":false},"excerpt":{"rendered":"<p>La violencia contra las mujeres se designa como todo acto lesivo perpetrado contra la voluntad de la persona y que est\u00e1 basado en diferencias de car\u00e1cter social entre hombres y mujeres. Comprende los actos que tienen como resultado un da\u00f1o o sufrimiento f\u00edsico, sexual o psicol\u00f3gico; as\u00ed como las amenazas de tales actos, la coacci\u00f3n [&hellip;]<\/p>\n","protected":false},"author":101,"featured_media":0,"parent":468,"menu_order":0,"comment_status":"closed","ping_status":"closed","template":"","meta":{"_acf_changed":false,"footnotes":""},"class_list":["post-473","page","type-page","status-publish","hentry"],"acf":[],"_links":{"self":[{"href":"https:\/\/help.unhcr.org\/elsalvador\/wp-json\/wp\/v2\/pages\/473","targetHints":{"allow":["GET"]}}],"collection":[{"href":"https:\/\/help.unhcr.org\/elsalvador\/wp-json\/wp\/v2\/pages"}],"about":[{"href":"https:\/\/help.unhcr.org\/elsalvador\/wp-json\/wp\/v2\/types\/page"}],"author":[{"embeddable":true,"href":"https:\/\/help.unhcr.org\/elsalvador\/wp-json\/wp\/v2\/users\/101"}],"replies":[{"embeddable":true,"href":"https:\/\/help.unhcr.org\/elsalvador\/wp-json\/wp\/v2\/comments?post=473"}],"version-history":[{"count":6,"href":"https:\/\/help.unhcr.org\/elsalvador\/wp-json\/wp\/v2\/pages\/473\/revisions"}],"predecessor-version":[{"id":566,"href":"https:\/\/help.unhcr.org\/elsalvador\/wp-json\/wp\/v2\/pages\/473\/revisions\/566"}],"up":[{"embeddable":true,"href":"https:\/\/help.unhcr.org\/elsalvador\/wp-json\/wp\/v2\/pages\/468"}],"wp:attachment":[{"href":"https:\/\/help.unhcr.org\/elsalvador\/wp-json\/wp\/v2\/media?parent=473"}],"curies":[{"name":"wp","href":"https:\/\/api.w.org\/{rel}","templated":true}]}}