{"id":468,"date":"2024-07-16T19:40:18","date_gmt":"2024-07-16T19:40:18","guid":{"rendered":"https:\/\/help.unhcr.org\/elsalvador\/?page_id=468"},"modified":"2025-02-10T21:44:56","modified_gmt":"2025-02-10T21:44:56","slug":"situacion_violencia","status":"publish","type":"page","link":"https:\/\/help.unhcr.org\/elsalvador\/situacion_violencia\/","title":{"rendered":"Servicios para personas en situaci\u00f3n de violencia"},"content":{"rendered":"\n<p>Si te encuentras viviendo una situaci\u00f3n de violencia, <strong>\u00a1No est\u00e1s sola!<\/strong> Puedes comunicarte con las autoridades de la siguiente manera:<\/p>\n\n\n\n<ul class=\"wp-block-list\">\n<li>? Llamar al 911 a la Polic\u00eda Nacional Civil <\/li>\n\n\n\n<li>? Llamar a la L\u00ednea 126 de ISDEMU (Instituto Salvadore\u00f1o para el Desarrollo de la Mujer), atenci\u00f3n gratuita y 24\/7 <\/li>\n\n\n\n<li>Ingresa a <a href=\"https:\/\/126teorienta.gob.sv\/\">https:\/\/126teorienta.gob.sv\/<\/a> y recibe apoyo de una psic\u00f3loga, abogada o trabajadora social.<\/li>\n<\/ul>\n\n\n\n<p><strong>Si quieres acceder a m\u00e1s informaci\u00f3n, puedes contactar a ACNUR a trav\u00e9s de la l\u00ednea gratuita de atenci\u00f3n 800-7096 y recibir atenci\u00f3n especializada.<\/strong><\/p>\n\n\n\n<p>Para m\u00e1s informaci\u00f3n por favor ingresa a los cuadrados de abajo de acuerdo a la informaci\u00f3n que necesites.<\/p>\n\n\n\n<p><\/p>\n","protected":false},"excerpt":{"rendered":"<p>Si te encuentras viviendo una situaci\u00f3n de violencia, \u00a1No est\u00e1s sola! Puedes comunicarte con las autoridades de la siguiente manera: Si quieres acceder a m\u00e1s informaci\u00f3n, puedes contactar a ACNUR a trav\u00e9s de la l\u00ednea gratuita de atenci\u00f3n 800-7096 y recibir atenci\u00f3n especializada. Para m\u00e1s informaci\u00f3n por favor ingresa a los cuadrados de abajo de [&hellip;]<\/p>\n","protected":false},"author":101,"featured_media":0,"parent":0,"menu_order":7,"comment_status":"closed","ping_status":"closed","template":"page-templates\/listing_page.php","meta":{"_acf_changed":false,"footnotes":""},"class_list":["post-468","page","type-page","status-publish","hentry"],"acf":[],"_links":{"self":[{"href":"https:\/\/help.unhcr.org\/elsalvador\/wp-json\/wp\/v2\/pages\/468","targetHints":{"allow":["GET"]}}],"collection":[{"href":"https:\/\/help.unhcr.org\/elsalvador\/wp-json\/wp\/v2\/pages"}],"about":[{"href":"https:\/\/help.unhcr.org\/elsalvador\/wp-json\/wp\/v2\/types\/page"}],"author":[{"embeddable":true,"href":"https:\/\/help.unhcr.org\/elsalvador\/wp-json\/wp\/v2\/users\/101"}],"replies":[{"embeddable":true,"href":"https:\/\/help.unhcr.org\/elsalvador\/wp-json\/wp\/v2\/comments?post=468"}],"version-history":[{"count":6,"href":"https:\/\/help.unhcr.org\/elsalvador\/wp-json\/wp\/v2\/pages\/468\/revisions"}],"predecessor-version":[{"id":565,"href":"https:\/\/help.unhcr.org\/elsalvador\/wp-json\/wp\/v2\/pages\/468\/revisions\/565"}],"wp:attachment":[{"href":"https:\/\/help.unhcr.org\/elsalvador\/wp-json\/wp\/v2\/media?parent=468"}],"curies":[{"name":"wp","href":"https:\/\/api.w.org\/{rel}","templated":true}]}}