{"id":343,"date":"2022-09-14T21:36:41","date_gmt":"2022-09-14T21:36:41","guid":{"rendered":"https:\/\/help.unhcr.org\/elsalvador\/?page_id=343"},"modified":"2024-07-10T16:17:10","modified_gmt":"2024-07-10T16:17:10","slug":"personas-desplazadas-en-el-salvador","status":"publish","type":"page","link":"https:\/\/help.unhcr.org\/elsalvador\/personas-desplazadas-en-el-salvador\/","title":{"rendered":"Personas desplazadas en El Salvador"},"content":{"rendered":"\n<p><strong>\u00bfQui\u00e9n es una persona desplazada interna en El Salvador?<\/strong><\/p>\n\n\n\n<p>Una persona desplazada es aquella que se ha visto forzada u obligada a huir de su hogar por la violencia. (Art. 3 de la Ley Especial para la Atenci\u00f3n y Protecci\u00f3n Integral de Personas en Condici\u00f3n de Desplazamiento Forzado Interno)<\/p>\n\n\n\n<p>Si eres una persona desplazada o te encuentras en riesgo de desplazamiento forzado y necesitas asesor\u00eda o apoyo, podemos ayudarte.<\/p>\n\n\n\n<p>?Cont\u00e1ctanos a nuestra l\u00ednea de atenci\u00f3n gratuita: 800-7096<\/p>\n\n\n\n<p>\u23f0Horario de atenci\u00f3n:&nbsp; 8:00 a.m. &#8211; 5:00 p.m.&nbsp;&nbsp;<\/p>\n\n\n\n<p>?E-mail: ayudaelsalvador@unhcr.org<\/p>\n\n\n\n<p>Si has vivido esta situaci\u00f3n, puedes acercarte a los <a href=\"https:\/\/help.unhcr.org\/elsalvador\/donde-encontrar-ayuda\/espacios-de-apoyo-a-tu-lado-y-donde-se-encuentran\/\" data-type=\"page\" data-id=\"256\">Espacios de Apoyo a tu lado\u00a0<\/a><\/p>\n","protected":false},"excerpt":{"rendered":"<p>\u00bfQui\u00e9n es una persona desplazada interna en El Salvador? Una persona desplazada es aquella que se ha visto forzada u obligada a huir de su hogar por la violencia. (Art. 3 de la Ley Especial para la Atenci\u00f3n y Protecci\u00f3n Integral de Personas en Condici\u00f3n de Desplazamiento Forzado Interno) Si eres una persona desplazada o [&hellip;]<\/p>\n","protected":false},"author":101,"featured_media":0,"parent":0,"menu_order":3,"comment_status":"closed","ping_status":"closed","template":"","meta":{"_acf_changed":false,"footnotes":""},"class_list":["post-343","page","type-page","status-publish","hentry"],"acf":[],"_links":{"self":[{"href":"https:\/\/help.unhcr.org\/elsalvador\/wp-json\/wp\/v2\/pages\/343","targetHints":{"allow":["GET"]}}],"collection":[{"href":"https:\/\/help.unhcr.org\/elsalvador\/wp-json\/wp\/v2\/pages"}],"about":[{"href":"https:\/\/help.unhcr.org\/elsalvador\/wp-json\/wp\/v2\/types\/page"}],"author":[{"embeddable":true,"href":"https:\/\/help.unhcr.org\/elsalvador\/wp-json\/wp\/v2\/users\/101"}],"replies":[{"embeddable":true,"href":"https:\/\/help.unhcr.org\/elsalvador\/wp-json\/wp\/v2\/comments?post=343"}],"version-history":[{"count":3,"href":"https:\/\/help.unhcr.org\/elsalvador\/wp-json\/wp\/v2\/pages\/343\/revisions"}],"predecessor-version":[{"id":504,"href":"https:\/\/help.unhcr.org\/elsalvador\/wp-json\/wp\/v2\/pages\/343\/revisions\/504"}],"wp:attachment":[{"href":"https:\/\/help.unhcr.org\/elsalvador\/wp-json\/wp\/v2\/media?parent=343"}],"curies":[{"name":"wp","href":"https:\/\/api.w.org\/{rel}","templated":true}]}}