{"id":339,"date":"2022-09-14T21:27:32","date_gmt":"2022-09-14T21:27:32","guid":{"rendered":"https:\/\/help.unhcr.org\/elsalvador\/?page_id=339"},"modified":"2025-07-30T14:44:46","modified_gmt":"2025-07-30T14:44:46","slug":"emprendimiento","status":"publish","type":"page","link":"https:\/\/help.unhcr.org\/elsalvador\/soluciones-duraderas\/emprendimiento\/","title":{"rendered":"Emprendimiento"},"content":{"rendered":"\n<p>La <strong>Comisi\u00f3n Nacional de la Micro y Peque\u00f1a Empresa (CONAMYPE)<\/strong> tiene como misi\u00f3n fomentar, proteger y desarrollar micro y peque\u00f1as empresas protagonistas, fortaleciendo tanto su capacidad transformadora como su excelencia, para que se integren e incidan en el desarrollo econ\u00f3mico nacional y territorial, de forma inclusiva, sostenible y justa.<\/p>\n\n\n\n<p>A continuaci\u00f3n, ponemos a tu disposici\u00f3n una selecci\u00f3n de enlaces de inter\u00e9s: \u00a0<\/p>\n\n\n\n<figure class=\"wp-block-table is-style-stripes\"><table class=\"has-fixed-layout\"><tbody><tr><td><strong>SERVICIO<\/strong><\/td><td><strong>DESCRIPCI\u00d3N<\/strong><\/td><td><strong>ENLACE<\/strong><\/td><\/tr><tr><td><strong>Aula virtual<\/strong><\/td><td><em>E-learning CONAMYPE<\/em> ofrece una variedad de cursos accesibles, dise\u00f1ados para acompa\u00f1ar cada etapa del emprendimiento: desde la concepci\u00f3n de la idea hasta la expansi\u00f3n del negocio. Ya sea que est\u00e9s comenzando o que cuentes con una empresa en marcha, aqu\u00ed encontrar\u00e1s herramientas clave para impulsar tu crecimiento y alcanzar el \u00e9xito.<\/td><td><a href=\"https:\/\/elearning.conamype.gob.sv\/?fbclid=IwAR3YHqFC6mbgWurFgIO0eK5NyMs79uz7MpKWVlXCPO0nuHa6Lh7v8LJJxuc\">https:\/\/elearning.conamype.gob.sv\/?fbclid=IwAR3YHqFC6mbgWurFgIO0eK5NyMs79uz7MpKWVlXCPO0nuHa6Lh7v8LJJxuc <\/a><br><br>Video tutorial de registro:<br><a href=\"https:\/\/www.youtube.com\/watch?v=I0k7DdiYRNo\">https:\/\/www.youtube.com\/watch?v=I0k7DdiYRNo <\/a><a href=\"https:\/\/elearning.conamype.gob.sv\/?fbclid=IwAR3YHqFC6mbgWurFgIO0eK5NyMs79uz7MpKWVlXCPO0nuHa6Lh7v8LJJxuc \n\n\u00a0\n\nVideo tutorial para registro: https:\/\/www.youtube.com\/watch?v=I0k7DdiYRNo\"><br><\/a><\/td><\/tr><tr><td><strong>Centro de Capacitaci\u00f3n y Producci\u00f3n Textil<\/strong><\/td><td>El objetivo de este centro es proveer a las personas emprendedoras de instalaciones, maquinaria, equipo, y asesor\u00edas t\u00e9cnicas en el desarrollo de sus productos; para que sean confeccionados de una forma industrial, logrando incrementar su capacidad productiva y alcanzar mejores tiempos de entrega para sus clientes.\u00a0<\/td><td><a href=\"https:\/\/www.conamype.gob.sv\/blog\/2023\/02\/28\/inauguran-centro-de-capacitacion-y-produccion-textil\/\">https:\/\/www.conamype.gob.sv\/blog\/2023\/02\/28\/inauguran-centro-de-capacitacion-y-produccion-textil\/ <\/a><\/td><\/tr><tr><td><strong>Registro de MYPE<\/strong><\/td><td>El Registro MYPE permite que las personas emprendedoras puedan registrar su negocio de manera r\u00e1pida, d\u00e1ndose as\u00ed cumplimiento a la Ley de Fomento, Protecci\u00f3n y Desarrollo para la MYPE, que establece en el art\u00edculo 20, que las personas interesadas en obtener su calificaci\u00f3n de micro o peque\u00f1a empresa lo deben de hacer de forma electr\u00f3nica.<\/td><td><a href=\"https:\/\/cuentamype.org\/\">https:\/\/cuentamype.org\/ <\/a><\/td><\/tr><\/tbody><\/table><\/figure>\n","protected":false},"excerpt":{"rendered":"<p>La Comisi\u00f3n Nacional de la Micro y Peque\u00f1a Empresa (CONAMYPE) tiene como misi\u00f3n fomentar, proteger y desarrollar micro y peque\u00f1as empresas protagonistas, fortaleciendo tanto su capacidad transformadora como su excelencia, para que se integren e incidan en el desarrollo econ\u00f3mico nacional y territorial, de forma inclusiva, sostenible y justa. A continuaci\u00f3n, ponemos a tu disposici\u00f3n [&hellip;]<\/p>\n","protected":false},"author":101,"featured_media":0,"parent":329,"menu_order":2,"comment_status":"closed","ping_status":"closed","template":"","meta":{"_acf_changed":false,"footnotes":""},"class_list":["post-339","page","type-page","status-publish","hentry"],"acf":[],"_links":{"self":[{"href":"https:\/\/help.unhcr.org\/elsalvador\/wp-json\/wp\/v2\/pages\/339","targetHints":{"allow":["GET"]}}],"collection":[{"href":"https:\/\/help.unhcr.org\/elsalvador\/wp-json\/wp\/v2\/pages"}],"about":[{"href":"https:\/\/help.unhcr.org\/elsalvador\/wp-json\/wp\/v2\/types\/page"}],"author":[{"embeddable":true,"href":"https:\/\/help.unhcr.org\/elsalvador\/wp-json\/wp\/v2\/users\/101"}],"replies":[{"embeddable":true,"href":"https:\/\/help.unhcr.org\/elsalvador\/wp-json\/wp\/v2\/comments?post=339"}],"version-history":[{"count":7,"href":"https:\/\/help.unhcr.org\/elsalvador\/wp-json\/wp\/v2\/pages\/339\/revisions"}],"predecessor-version":[{"id":590,"href":"https:\/\/help.unhcr.org\/elsalvador\/wp-json\/wp\/v2\/pages\/339\/revisions\/590"}],"up":[{"embeddable":true,"href":"https:\/\/help.unhcr.org\/elsalvador\/wp-json\/wp\/v2\/pages\/329"}],"wp:attachment":[{"href":"https:\/\/help.unhcr.org\/elsalvador\/wp-json\/wp\/v2\/media?parent=339"}],"curies":[{"name":"wp","href":"https:\/\/api.w.org\/{rel}","templated":true}]}}