{"id":332,"date":"2022-09-14T21:19:59","date_gmt":"2022-09-14T21:19:59","guid":{"rendered":"https:\/\/help.unhcr.org\/elsalvador\/?page_id=332"},"modified":"2025-07-30T14:33:47","modified_gmt":"2025-07-30T14:33:47","slug":"capacitacion","status":"publish","type":"page","link":"https:\/\/help.unhcr.org\/elsalvador\/soluciones-duraderas\/capacitacion\/","title":{"rendered":"Capacitaci\u00f3n"},"content":{"rendered":"\n<p>El <strong>Instituto Nacional de Capacitaci\u00f3n y Formaci\u00f3n (INCAF)<\/strong> tiene como finalidad fortalecer las habilidades y competencias del talento humano salvadore\u00f1o tomando en cuenta la demanda del mercado mediante la formaci\u00f3n de perfiles competitivos apegados a las necesidades presentes y futuras de la din\u00e1mica econ\u00f3mica.\u00a0<\/p>\n\n\n\n<p>Para ello, pone a disposici\u00f3n una oferta formativa orientada a potenciar el conocimiento t\u00e9cnico y pr\u00e1ctico de las personas, as\u00ed como la plataforma <em>Tu Chance<\/em>, facilitando su preparaci\u00f3n para desempe\u00f1arse con eficacia en sectores productivos clave y acceder a oportunidades laborales acordes con las exigencias del mercado.<\/p>\n\n\n\n<p>Te invitamos a explorar los siguientes enlaces de inter\u00e9s:<\/p>\n\n\n\n<ul class=\"wp-block-list\">\n<li><strong>Cat\u00e1logo de oferta formativa: <\/strong><a href=\"https:\/\/www.incaf.gob.sv\/wp-content\/uploads\/2024\/11\/INCAF-Catalog.pdf\">https:\/\/www.incaf.gob.sv\/wp-content\/uploads\/2024\/11\/INCAF-Catalog.pdf<\/a>\u00a0 <strong>\u00a0\u00a0\u00a0<\/strong><\/li>\n\n\n\n<li><strong>Cat\u00e1logo de oferta formativa de la plataforma Tu Chance: <\/strong><a href=\"https:\/\/www.incaf.gob.sv\/wp-content\/uploads\/2024\/10\/Catalogo-INCAF-TUCHANCE.pdf\">https:\/\/www.incaf.gob.sv\/wp-content\/uploads\/2024\/10\/Catalogo-INCAF-TUCHANCE.pdf<\/a>\u00a0 <strong>\u00a0\u00a0<\/strong><\/li>\n<\/ul>\n\n\n\n<p><\/p>\n","protected":false},"excerpt":{"rendered":"<p>El Instituto Nacional de Capacitaci\u00f3n y Formaci\u00f3n (INCAF) tiene como finalidad fortalecer las habilidades y competencias del talento humano salvadore\u00f1o tomando en cuenta la demanda del mercado mediante la formaci\u00f3n de perfiles competitivos apegados a las necesidades presentes y futuras de la din\u00e1mica econ\u00f3mica.\u00a0 Para ello, pone a disposici\u00f3n una oferta formativa orientada a potenciar [&hellip;]<\/p>\n","protected":false},"author":101,"featured_media":0,"parent":329,"menu_order":0,"comment_status":"closed","ping_status":"closed","template":"","meta":{"_acf_changed":false,"footnotes":""},"class_list":["post-332","page","type-page","status-publish","hentry"],"acf":[],"_links":{"self":[{"href":"https:\/\/help.unhcr.org\/elsalvador\/wp-json\/wp\/v2\/pages\/332","targetHints":{"allow":["GET"]}}],"collection":[{"href":"https:\/\/help.unhcr.org\/elsalvador\/wp-json\/wp\/v2\/pages"}],"about":[{"href":"https:\/\/help.unhcr.org\/elsalvador\/wp-json\/wp\/v2\/types\/page"}],"author":[{"embeddable":true,"href":"https:\/\/help.unhcr.org\/elsalvador\/wp-json\/wp\/v2\/users\/101"}],"replies":[{"embeddable":true,"href":"https:\/\/help.unhcr.org\/elsalvador\/wp-json\/wp\/v2\/comments?post=332"}],"version-history":[{"count":11,"href":"https:\/\/help.unhcr.org\/elsalvador\/wp-json\/wp\/v2\/pages\/332\/revisions"}],"predecessor-version":[{"id":584,"href":"https:\/\/help.unhcr.org\/elsalvador\/wp-json\/wp\/v2\/pages\/332\/revisions\/584"}],"up":[{"embeddable":true,"href":"https:\/\/help.unhcr.org\/elsalvador\/wp-json\/wp\/v2\/pages\/329"}],"wp:attachment":[{"href":"https:\/\/help.unhcr.org\/elsalvador\/wp-json\/wp\/v2\/media?parent=332"}],"curies":[{"name":"wp","href":"https:\/\/api.w.org\/{rel}","templated":true}]}}