{"id":329,"date":"2022-09-14T21:16:10","date_gmt":"2022-09-14T21:16:10","guid":{"rendered":"https:\/\/help.unhcr.org\/elsalvador\/?page_id=329"},"modified":"2025-07-30T22:38:40","modified_gmt":"2025-07-30T22:38:40","slug":"soluciones-duraderas","status":"publish","type":"page","link":"https:\/\/help.unhcr.org\/elsalvador\/soluciones-duraderas\/","title":{"rendered":"Iniciativas de Soluciones Duraderas\u00a0"},"content":{"rendered":"\n<p><em>\u00bfBuscas trabajo, deseas emprender o capacitarte para un mejor futuro? <strong>\u00a1Estamos para ayudarte!<\/strong><\/em><\/p>\n\n\n\n<p>Muchas personas tienen el deseo de mejorar su vida, aprender algo nuevo, encontrar un empleo digno o iniciar su propio negocio, pero no siempre saben a d\u00f3nde acudir o por d\u00f3nde empezar.<\/p>\n\n\n\n<p>Este espacio ha sido creado pensando en ti: en quienes est\u00e1n buscando una orientaci\u00f3n clara, confiable y cercana, sin importar su edad, experiencia o situaci\u00f3n actual. Aqu\u00ed podr\u00e1s conocer los servicios que existen en El Salvador para acceder a capacitaciones gratuitas, programas de empleo, o programas de emprendimiento.<\/p>\n","protected":false},"excerpt":{"rendered":"<p>\u00bfBuscas trabajo, deseas emprender o capacitarte para un mejor futuro? \u00a1Estamos para ayudarte! Muchas personas tienen el deseo de mejorar su vida, aprender algo nuevo, encontrar un empleo digno o iniciar su propio negocio, pero no siempre saben a d\u00f3nde acudir o por d\u00f3nde empezar. Este espacio ha sido creado pensando en ti: en quienes [&hellip;]<\/p>\n","protected":false},"author":101,"featured_media":0,"parent":0,"menu_order":4,"comment_status":"closed","ping_status":"closed","template":"page-templates\/listing_page.php","meta":{"_acf_changed":false,"footnotes":""},"class_list":["post-329","page","type-page","status-publish","hentry"],"acf":[],"_links":{"self":[{"href":"https:\/\/help.unhcr.org\/elsalvador\/wp-json\/wp\/v2\/pages\/329","targetHints":{"allow":["GET"]}}],"collection":[{"href":"https:\/\/help.unhcr.org\/elsalvador\/wp-json\/wp\/v2\/pages"}],"about":[{"href":"https:\/\/help.unhcr.org\/elsalvador\/wp-json\/wp\/v2\/types\/page"}],"author":[{"embeddable":true,"href":"https:\/\/help.unhcr.org\/elsalvador\/wp-json\/wp\/v2\/users\/101"}],"replies":[{"embeddable":true,"href":"https:\/\/help.unhcr.org\/elsalvador\/wp-json\/wp\/v2\/comments?post=329"}],"version-history":[{"count":4,"href":"https:\/\/help.unhcr.org\/elsalvador\/wp-json\/wp\/v2\/pages\/329\/revisions"}],"predecessor-version":[{"id":593,"href":"https:\/\/help.unhcr.org\/elsalvador\/wp-json\/wp\/v2\/pages\/329\/revisions\/593"}],"wp:attachment":[{"href":"https:\/\/help.unhcr.org\/elsalvador\/wp-json\/wp\/v2\/media?parent=329"}],"curies":[{"name":"wp","href":"https:\/\/api.w.org\/{rel}","templated":true}]}}