{"id":306,"date":"2022-09-14T19:37:25","date_gmt":"2022-09-14T19:37:25","guid":{"rendered":"https:\/\/help.unhcr.org\/elsalvador\/?page_id=306"},"modified":"2025-07-23T23:10:16","modified_gmt":"2025-07-23T23:10:16","slug":"que-pasa-cuando-mi-documento-provisional-se-vence","status":"publish","type":"page","link":"https:\/\/help.unhcr.org\/elsalvador\/solicitando-la-condicion-de-refugiado\/que-pasa-cuando-mi-documento-provisional-se-vence\/","title":{"rendered":"\u00bfQu\u00e9 pasa cuando mi documento provisional se vence?"},"content":{"rendered":"\n<p>Vigencia del documento provisional (carnet) de solicitante de asilo es de&nbsp;<strong>6 meses<\/strong>, pudiendo ser renovado cada 6 meses hasta la resoluci\u00f3n definitiva del tr\u00e1mite de solicitud.<\/p>\n\n\n\n<p>Deber\u00e1 fijar un domicilio y mantenerlo actualizado.<\/p>\n\n\n\n<p><\/p>\n","protected":false},"excerpt":{"rendered":"<p>Vigencia del documento provisional (carnet) de solicitante de asilo es de&nbsp;6 meses, pudiendo ser renovado cada 6 meses hasta la resoluci\u00f3n definitiva del tr\u00e1mite de solicitud. Deber\u00e1 fijar un domicilio y mantenerlo actualizado.<\/p>\n","protected":false},"author":101,"featured_media":0,"parent":75,"menu_order":3,"comment_status":"closed","ping_status":"closed","template":"","meta":{"_acf_changed":false,"footnotes":""},"class_list":["post-306","page","type-page","status-publish","hentry"],"acf":[],"_links":{"self":[{"href":"https:\/\/help.unhcr.org\/elsalvador\/wp-json\/wp\/v2\/pages\/306","targetHints":{"allow":["GET"]}}],"collection":[{"href":"https:\/\/help.unhcr.org\/elsalvador\/wp-json\/wp\/v2\/pages"}],"about":[{"href":"https:\/\/help.unhcr.org\/elsalvador\/wp-json\/wp\/v2\/types\/page"}],"author":[{"embeddable":true,"href":"https:\/\/help.unhcr.org\/elsalvador\/wp-json\/wp\/v2\/users\/101"}],"replies":[{"embeddable":true,"href":"https:\/\/help.unhcr.org\/elsalvador\/wp-json\/wp\/v2\/comments?post=306"}],"version-history":[{"count":8,"href":"https:\/\/help.unhcr.org\/elsalvador\/wp-json\/wp\/v2\/pages\/306\/revisions"}],"predecessor-version":[{"id":574,"href":"https:\/\/help.unhcr.org\/elsalvador\/wp-json\/wp\/v2\/pages\/306\/revisions\/574"}],"up":[{"embeddable":true,"href":"https:\/\/help.unhcr.org\/elsalvador\/wp-json\/wp\/v2\/pages\/75"}],"wp:attachment":[{"href":"https:\/\/help.unhcr.org\/elsalvador\/wp-json\/wp\/v2\/media?parent=306"}],"curies":[{"name":"wp","href":"https:\/\/api.w.org\/{rel}","templated":true}]}}