{"id":252,"date":"2022-09-08T22:32:03","date_gmt":"2022-09-08T22:32:03","guid":{"rendered":"https:\/\/help.unhcr.org\/elsalvador\/?page_id=252"},"modified":"2025-12-05T00:54:05","modified_gmt":"2025-12-05T00:54:05","slug":"como-puedo-contactar-directamente-a-acnur","status":"publish","type":"page","link":"https:\/\/help.unhcr.org\/elsalvador\/donde-encontrar-ayuda\/como-puedo-contactar-directamente-a-acnur\/","title":{"rendered":"\u00bfC\u00f3mo puedo contactar directamente a ACNUR?"},"content":{"rendered":"\n<p>La oficina de ACNUR \u2013 la Agencia de la ONU para Refugiados tiene presencia en las comunidades y trabaja con organizaciones socias, asegurando el acompa\u00f1amiento directo para responder a necesidades humanitarias y brindar soluciones duraderas a las personas desplazadas internas, solicitantes de la condici\u00f3n de refugiado, refugiadas y personas retornadas con necesidades de protecci\u00f3n.<\/p>\n\n\n\n<p class=\"has-text-color has-link-color wp-elements-e1605191495466239c9b2baca77cee3b\" style=\"color:#0072bc\">Recuerda que todos nuestros servicios son <strong>GRATUITOS<\/strong><\/p>\n\n\n\n<p>Puedes comunicarte con ACNUR llamando a nuestra ?l\u00ednea de atenci\u00f3n gratuita: <strong>800-7096<\/strong> y exponer tu situaci\u00f3n, o para conocer m\u00e1s sobre el acceso a derechos y servicios en el pa\u00eds.<\/p>\n\n\n\n<p>Los servicios que brindamos por medio de esta l\u00ednea son gratuitos y toda la informaci\u00f3n que compartas con nosotros ser\u00e1 manejada de manera confidencial.<\/p>\n\n\n\n<p>\u23f0Horario de atenci\u00f3n:&nbsp; 8:00 a.m. &#8211; 5:00 p.m.<\/p>\n\n\n\n<p><strong>Direcci\u00f3n de nuestras oficinas:<\/strong> <a href=\"https:\/\/maps.app.goo.gl\/66RxHz1S588RhGbK9\">Edificio Naciones Unidas, Bulevar Orden de Malta Sur No. 2-B, Santa Elena, Antiguo Cuscatl\u00e1n, La Libertad Este.<\/a><\/p>\n","protected":false},"excerpt":{"rendered":"<p>La oficina de ACNUR \u2013 la Agencia de la ONU para Refugiados tiene presencia en las comunidades y trabaja con organizaciones socias, asegurando el acompa\u00f1amiento directo para responder a necesidades humanitarias y brindar soluciones duraderas a las personas desplazadas internas, solicitantes de la condici\u00f3n de refugiado, refugiadas y personas retornadas con necesidades de protecci\u00f3n. Recuerda [&hellip;]<\/p>\n","protected":false},"author":101,"featured_media":0,"parent":73,"menu_order":1,"comment_status":"closed","ping_status":"closed","template":"","meta":{"_acf_changed":false,"footnotes":""},"class_list":["post-252","page","type-page","status-publish","hentry"],"acf":[],"_links":{"self":[{"href":"https:\/\/help.unhcr.org\/elsalvador\/wp-json\/wp\/v2\/pages\/252","targetHints":{"allow":["GET"]}}],"collection":[{"href":"https:\/\/help.unhcr.org\/elsalvador\/wp-json\/wp\/v2\/pages"}],"about":[{"href":"https:\/\/help.unhcr.org\/elsalvador\/wp-json\/wp\/v2\/types\/page"}],"author":[{"embeddable":true,"href":"https:\/\/help.unhcr.org\/elsalvador\/wp-json\/wp\/v2\/users\/101"}],"replies":[{"embeddable":true,"href":"https:\/\/help.unhcr.org\/elsalvador\/wp-json\/wp\/v2\/comments?post=252"}],"version-history":[{"count":7,"href":"https:\/\/help.unhcr.org\/elsalvador\/wp-json\/wp\/v2\/pages\/252\/revisions"}],"predecessor-version":[{"id":607,"href":"https:\/\/help.unhcr.org\/elsalvador\/wp-json\/wp\/v2\/pages\/252\/revisions\/607"}],"up":[{"embeddable":true,"href":"https:\/\/help.unhcr.org\/elsalvador\/wp-json\/wp\/v2\/pages\/73"}],"wp:attachment":[{"href":"https:\/\/help.unhcr.org\/elsalvador\/wp-json\/wp\/v2\/media?parent=252"}],"curies":[{"name":"wp","href":"https:\/\/api.w.org\/{rel}","templated":true}]}}