{"id":116,"date":"2020-03-20T18:23:24","date_gmt":"2020-03-20T18:23:24","guid":{"rendered":"http:\/\/help.unhcr.org\/elsalvador\/?page_id=116"},"modified":"2022-09-14T21:43:08","modified_gmt":"2022-09-14T21:43:08","slug":"salud","status":"publish","type":"page","link":"https:\/\/help.unhcr.org\/elsalvador\/salud\/","title":{"rendered":"Informaci\u00f3n sobre salud"},"content":{"rendered":"\n<p><\/p>\n\n\n\n<p>? \u00a1Recuerda! Los servicios de salud en El Salvador son gratuitos y todas las personas tienen derecho a acceder a estos servicios.<\/p>\n\n\n\n<p>Toma en cuenta que no es necesario acudir a ACNUR o a una organizaci\u00f3n socia antes de buscar asistencia m\u00e9dica.<\/p>\n\n\n\n<p>Durante una emergencia, te recomendamos que procures acudir al establecimiento de salud m\u00e1s cercano a tu vivienda.<\/p>\n\n\n\n<p>Si has enfrentado situaciones de discriminaci\u00f3n en el acceso a servicios de salud, o si est\u00e1s en situaci\u00f3n de riesgo y necesitas apoyo, comun\u00edcate con la oficina de ACNUR a trav\u00e9s de su l\u00ednea de atenci\u00f3n gratuita (? 800-7096) o ac\u00e9rcate al <a href=\"https:\/\/help.unhcr.org\/elsalvador\/donde-encontrar-ayuda\/espacios-de-apoyo-a-tu-lado-y-donde-se-encuentran\/\" data-type=\"URL\" data-id=\"https:\/\/help.unhcr.org\/elsalvador\/donde-encontrar-ayuda\/espacios-de-apoyo-a-tu-lado-y-donde-se-encuentran\/\">Espacio de Apoyo<\/a> m\u00e1s cercano.<\/p>\n\n\n\n<p><\/p>\n","protected":false},"excerpt":{"rendered":"<p>? \u00a1Recuerda! Los servicios de salud en El Salvador son gratuitos y todas las personas tienen derecho a acceder a estos servicios. Toma en cuenta que no es necesario acudir a ACNUR o a una organizaci\u00f3n socia antes de buscar asistencia m\u00e9dica. Durante una emergencia, te recomendamos que procures acudir al establecimiento de salud m\u00e1s [&hellip;]<\/p>\n","protected":false},"author":101,"featured_media":0,"parent":0,"menu_order":7,"comment_status":"closed","ping_status":"closed","template":"page-templates\/listing_page.php","meta":{"_acf_changed":false,"footnotes":""},"class_list":["post-116","page","type-page","status-publish","hentry"],"acf":[],"_links":{"self":[{"href":"https:\/\/help.unhcr.org\/elsalvador\/wp-json\/wp\/v2\/pages\/116","targetHints":{"allow":["GET"]}}],"collection":[{"href":"https:\/\/help.unhcr.org\/elsalvador\/wp-json\/wp\/v2\/pages"}],"about":[{"href":"https:\/\/help.unhcr.org\/elsalvador\/wp-json\/wp\/v2\/types\/page"}],"author":[{"embeddable":true,"href":"https:\/\/help.unhcr.org\/elsalvador\/wp-json\/wp\/v2\/users\/101"}],"replies":[{"embeddable":true,"href":"https:\/\/help.unhcr.org\/elsalvador\/wp-json\/wp\/v2\/comments?post=116"}],"version-history":[{"count":10,"href":"https:\/\/help.unhcr.org\/elsalvador\/wp-json\/wp\/v2\/pages\/116\/revisions"}],"predecessor-version":[{"id":350,"href":"https:\/\/help.unhcr.org\/elsalvador\/wp-json\/wp\/v2\/pages\/116\/revisions\/350"}],"wp:attachment":[{"href":"https:\/\/help.unhcr.org\/elsalvador\/wp-json\/wp\/v2\/media?parent=116"}],"curies":[{"name":"wp","href":"https:\/\/api.w.org\/{rel}","templated":true}]}}