{"id":99,"date":"2018-04-17T09:23:05","date_gmt":"2018-04-17T09:23:05","guid":{"rendered":"http:\/\/help.unhcr.org\/ecuador\/?page_id=99"},"modified":"2025-12-14T19:41:51","modified_gmt":"2025-12-14T19:41:51","slug":"derechos","status":"publish","type":"page","link":"https:\/\/help.unhcr.org\/ecuador\/bienvenido-a\/acceso-a-la-condicion-de-personas-refugiada-asilo-y-tramites-migratorios\/derechos\/","title":{"rendered":"Derechos y deberes de las personas refugiadas y solicitantes de la condici\u00f3n de refugio"},"content":{"rendered":"<p><span data-contrast=\"none\">Si solicitaste la condici\u00f3n de persona refugiada en Ecuador, tienes el derecho a no ser devuelto a tu pa\u00eds de origen, as\u00ed como a contar <\/span><b><span data-contrast=\"none\">asesor\u00eda legal y gratuita, incluyendo a lo largo del proceso para solicitar la condici\u00f3n de refugiado<\/span><\/b><span data-contrast=\"none\">.<\/span><span data-ccp-props=\"{&quot;134233117&quot;:false,&quot;134233118&quot;:false,&quot;335551550&quot;:1,&quot;335551620&quot;:1,&quot;335557856&quot;:16711422,&quot;335559738&quot;:0,&quot;335559739&quot;:360}\">\u00a0<\/span><\/p>\n<p><span data-contrast=\"none\">Recuerda que tienes los mismos derechos que las personas ecuatorianas, como:<\/span><br \/>\n<span data-contrast=\"none\">\u2013 Derecho a la vida, a la libertad y a la seguridad<\/span><br \/>\n<span data-contrast=\"none\">\u2013 Derecho a la educaci\u00f3n<\/span><br \/>\n<span data-contrast=\"none\">\u2013 Derecho a la salud<\/span><br \/>\n<span data-contrast=\"none\">\u2013 Derecho a la justicia<\/span><br \/>\n<span data-contrast=\"none\">\u2013 Derecho al trabajo<\/span><span data-ccp-props=\"{&quot;134233117&quot;:false,&quot;134233118&quot;:false,&quot;335551550&quot;:1,&quot;335551620&quot;:1,&quot;335557856&quot;:16711422,&quot;335559738&quot;:0,&quot;335559739&quot;:360}\">\u00a0<\/span><\/p>\n<p><span data-contrast=\"none\">Tambi\u00e9n, tienes las mismas obligaciones <\/span><b><span data-contrast=\"none\">cualquier otra persona<\/span><\/b><span data-contrast=\"none\"> en Ecuador. Eso significa que <\/span><b><span data-contrast=\"none\">debes<\/span><\/b><span data-contrast=\"none\"> respetar todas las leyes del pa\u00eds.<\/span><span data-ccp-props=\"{&quot;134233117&quot;:false,&quot;134233118&quot;:false,&quot;201341983&quot;:0,&quot;335551550&quot;:1,&quot;335551620&quot;:1,&quot;335557856&quot;:16711422,&quot;335559738&quot;:0,&quot;335559739&quot;:360,&quot;335559740&quot;:259}\">\u00a0<\/span><\/p>\n<p><b><span data-contrast=\"none\">\u00a1RECUERDA!<\/span><\/b><span data-ccp-props=\"{&quot;134233117&quot;:false,&quot;134233118&quot;:false,&quot;335551550&quot;:1,&quot;335551620&quot;:1,&quot;335557856&quot;:16711422,&quot;335559685&quot;:0,&quot;335559737&quot;:0,&quot;335559738&quot;:0,&quot;335559739&quot;:0,&quot;335559991&quot;:0}\">\u00a0<\/span><\/p>\n<p><span data-ccp-props=\"{&quot;134233117&quot;:false,&quot;134233118&quot;:false,&quot;335551550&quot;:1,&quot;335551620&quot;:1,&quot;335557856&quot;:16711422,&quot;335559685&quot;:0,&quot;335559737&quot;:0,&quot;335559738&quot;:0,&quot;335559739&quot;:0,&quot;335559991&quot;:0}\">\u00a0<\/span><span data-contrast=\"none\">Si tienes una visa de protecci\u00f3n internacional (2 a\u00f1os),<\/span><b><span data-contrast=\"none\"> tienes que renovar tu visa antes de la fecha de vencimiento; <\/span><\/b><span data-contrast=\"none\">si no lo haces, se hace una revisi\u00f3n de tu condici\u00f3n de refugiado.\u00a0<\/span><span data-ccp-props=\"{&quot;134233117&quot;:false,&quot;134233118&quot;:false,&quot;335551550&quot;:1,&quot;335551620&quot;:1,&quot;335557856&quot;:16711422,&quot;335559685&quot;:0,&quot;335559737&quot;:0,&quot;335559738&quot;:0,&quot;335559739&quot;:0,&quot;335559991&quot;:0}\">\u00a0<\/span><\/p>\n<p><span data-ccp-props=\"{&quot;134233117&quot;:false,&quot;134233118&quot;:false,&quot;335551550&quot;:1,&quot;335551620&quot;:1,&quot;335557856&quot;:16711422,&quot;335559685&quot;:0,&quot;335559737&quot;:0,&quot;335559738&quot;:0,&quot;335559739&quot;:0,&quot;335559991&quot;:0}\">\u00a0<\/span><span data-contrast=\"none\">Para renovar tu visa de protecci\u00f3n internacional (2 a\u00f1os), <\/span><b><span data-contrast=\"none\">debes presentar algunos documentos. <\/span><\/b><span data-contrast=\"none\">Inf\u00f3rmate y busca asesor\u00eda legal gratuita con anticipaci\u00f3n para que puedas reunirlos a tiempo.\u00a0<\/span><span data-ccp-props=\"{&quot;134233117&quot;:false,&quot;134233118&quot;:false,&quot;335551550&quot;:1,&quot;335551620&quot;:1,&quot;335557856&quot;:16711422,&quot;335559685&quot;:0,&quot;335559737&quot;:0,&quot;335559738&quot;:0,&quot;335559739&quot;:0,&quot;335559991&quot;:0}\">\u00a0<\/span><\/p>\n<p><span data-ccp-props=\"{&quot;134233117&quot;:false,&quot;134233118&quot;:false,&quot;335551550&quot;:1,&quot;335551620&quot;:1,&quot;335557856&quot;:16711422,&quot;335559685&quot;:0,&quot;335559737&quot;:0,&quot;335559738&quot;:0,&quot;335559739&quot;:0,&quot;335559991&quot;:0}\">\u00a0<\/span><span data-contrast=\"none\">Si tienes la visa de protecci\u00f3n internacional (2 a\u00f1os), y quieres salir del pa\u00eds, <\/span><b><span data-contrast=\"none\">tienes que pedir una autorizaci\u00f3n<\/span><\/b><span data-contrast=\"none\"> del Estado ecuatoriano. Si no lo haces, puede afectar tu caso y tu condici\u00f3n de refugiado.\u00a0<\/span><span data-ccp-props=\"{&quot;134233117&quot;:false,&quot;134233118&quot;:false,&quot;335551550&quot;:1,&quot;335551620&quot;:1,&quot;335557856&quot;:16711422,&quot;335559685&quot;:0,&quot;335559737&quot;:0,&quot;335559738&quot;:0,&quot;335559739&quot;:0,&quot;335559991&quot;:0}\">\u00a0<\/span><\/p>\n<p><span data-ccp-props=\"{&quot;134233117&quot;:false,&quot;134233118&quot;:false,&quot;335551550&quot;:1,&quot;335551620&quot;:1,&quot;335557856&quot;:16711422,&quot;335559685&quot;:0,&quot;335559737&quot;:0,&quot;335559738&quot;:0,&quot;335559739&quot;:0,&quot;335559991&quot;:0}\">\u00a0<\/span><\/p>\n","protected":false},"excerpt":{"rendered":"<p>Si solicitaste la condici\u00f3n de persona refugiada en Ecuador, tienes el derecho a no ser devuelto a tu pa\u00eds de origen, as\u00ed como a contar asesor\u00eda legal y gratuita, incluyendo a lo largo del proceso para solicitar la condici\u00f3n de refugiado.\u00a0 Recuerda que tienes los mismos derechos que las personas ecuatorianas, como: \u2013 Derecho a [&hellip;]<\/p>\n","protected":false},"author":1,"featured_media":0,"parent":802,"menu_order":5,"comment_status":"closed","ping_status":"closed","template":"","meta":{"_acf_changed":false,"footnotes":""},"class_list":["post-99","page","type-page","status-publish","hentry"],"acf":[],"_links":{"self":[{"href":"https:\/\/help.unhcr.org\/ecuador\/wp-json\/wp\/v2\/pages\/99","targetHints":{"allow":["GET"]}}],"collection":[{"href":"https:\/\/help.unhcr.org\/ecuador\/wp-json\/wp\/v2\/pages"}],"about":[{"href":"https:\/\/help.unhcr.org\/ecuador\/wp-json\/wp\/v2\/types\/page"}],"author":[{"embeddable":true,"href":"https:\/\/help.unhcr.org\/ecuador\/wp-json\/wp\/v2\/users\/1"}],"replies":[{"embeddable":true,"href":"https:\/\/help.unhcr.org\/ecuador\/wp-json\/wp\/v2\/comments?post=99"}],"version-history":[{"count":13,"href":"https:\/\/help.unhcr.org\/ecuador\/wp-json\/wp\/v2\/pages\/99\/revisions"}],"predecessor-version":[{"id":6010,"href":"https:\/\/help.unhcr.org\/ecuador\/wp-json\/wp\/v2\/pages\/99\/revisions\/6010"}],"up":[{"embeddable":true,"href":"https:\/\/help.unhcr.org\/ecuador\/wp-json\/wp\/v2\/pages\/802"}],"wp:attachment":[{"href":"https:\/\/help.unhcr.org\/ecuador\/wp-json\/wp\/v2\/media?parent=99"}],"curies":[{"name":"wp","href":"https:\/\/api.w.org\/{rel}","templated":true}]}}