{"id":95,"date":"2018-04-17T09:21:52","date_gmt":"2018-04-17T09:21:52","guid":{"rendered":"http:\/\/help.unhcr.org\/ecuador\/?page_id=95"},"modified":"2026-04-15T22:00:24","modified_gmt":"2026-04-15T22:00:24","slug":"solicitud-refugiado","status":"publish","type":"page","link":"https:\/\/help.unhcr.org\/ecuador\/bienvenido-a\/acceso-a-la-condicion-de-personas-refugiada-asilo-y-tramites-migratorios\/solicitud-refugiado\/","title":{"rendered":"Solicitar la condici\u00f3n de refugiado en Ecuador"},"content":{"rendered":"<h2><strong>Ten presente:<\/strong><\/h2>\n<p>Para solicitar la condici\u00f3n de refugiado <strong><u>tienes que estar f\u00edsicamente en Ecuador<\/u> y <u>debes presentar la solicitud lo m\u00e1s pronto posible<\/u><\/strong> desde que ingresaste al pa\u00eds; si no lo haces, el gobierno ecuatoriano te pedir\u00e1 justificar por qu\u00e9 no iniciaste tu tr\u00e1mite oportunamente.<\/p>\n<p>Es obligatorio que tengas un <strong><u>correo electr\u00f3nico actualizado<\/u> <\/strong>porque es all\u00ed donde te llegar\u00e1n notificaciones sobre tu caso y eventualmente tu visa.<\/p>\n<h4><strong><u>Recuerda:<\/u><\/strong><\/h4>\n<ul>\n<li>El proceso es totalmente <u>gratuito<\/u>. No debes pagar ning\u00fan costo.<\/li>\n<li>No se piden documentos para iniciar el proceso, pero si tienes <u>documentos relevantes para tu caso<\/u>, es importante que los presentes.\u00a0\u00a0\u00a0<\/li>\n<li>Tienes derecho a contar con <u>asesor\u00eda y asistencia legal gratuita<\/u>: pide apoyo a los abogados especializados de la Defensor\u00eda P\u00fablica en la oficina m\u00e1s cercana: <a href=\"https:\/\/eur02.safelinks.protection.outlook.com\/?url=https%3A%2F%2Fwww.defensoria.gob.ec%2F%3Fpage_id%3D22777&amp;data=05%7C02%7Classomaf%40unhcr.org%7C988c3ce9369c418e5b3c08de8c088d7f%7Ce5c37981666441348a0c6543d2af80be%7C0%7C0%7C639102165526418008%7CUnknown%7CTWFpbGZsb3d8eyJFbXB0eU1hcGkiOnRydWUsIlYiOiIwLjAuMDAwMCIsIlAiOiJXaW4zMiIsIkFOIjoiTWFpbCIsIldUIjoyfQ%3D%3D%7C0%7C%7C%7C&amp;sdata=owq898Etw8ASfb91jtWf%2BbzQf9OWuBn9bw%2FNPNLoP04%3D&amp;reserved=0\">PUNTOS DE ATENCI\u00d3N | Defensor\u00eda P\u00fablica del Ecuador<\/a>.<\/li>\n<\/ul>\n<h2><strong>\u00bfC\u00f3mo presentar la solicitud?<\/strong><\/h2>\n\n\n<p>Puedes presentar la solicitud de forma presencial o digital. <\/p>\n\n\n\n<p><strong>Presencial:<\/strong> Ac\u00e9rcate a una de las oficinas del Ministerio de Relaciones Exteriores y Movilidad Humana y explicar por qu\u00e9 solicitas la condici\u00f3n de refugiado en Ecuador. Las direcciones est\u00e1n disponibles en este&nbsp;<a href=\"https:\/\/eur02.safelinks.protection.outlook.com\/?url=https%3A%2F%2Fwww.cancilleria.gob.ec%2F2020%2F07%2F30%2Fdireccioneszonales%2F&amp;data=05%7C02%7Classomaf%40unhcr.org%7C988c3ce9369c418e5b3c08de8c088d7f%7Ce5c37981666441348a0c6543d2af80be%7C0%7C0%7C639102165526443159%7CUnknown%7CTWFpbGZsb3d8eyJFbXB0eU1hcGkiOnRydWUsIlYiOiIwLjAuMDAwMCIsIlAiOiJXaW4zMiIsIkFOIjoiTWFpbCIsIldUIjoyfQ%3D%3D%7C0%7C%7C%7C&amp;sdata=pPli4a%2BViTz28Nj2iXqJMBNhPDgVCYd%2BAzhUdrn656o%3D&amp;reserved=0\" target=\"_blank\" rel=\"noreferrer noopener\">enlace<\/a>.&nbsp;<\/p>\n\n\n\n<p><strong>Digital: <\/strong>Ingresa en la p\u00e1gina <a href=\"https:\/\/www.gob.ec\/\" target=\"_blank\" rel=\"noreferrer noopener\">www.gob.ec<\/a>&nbsp;<\/p>\n\n\n\n<ul class=\"wp-block-list\">\n<li>En el recuadro blanco que dice &#8220;\u00bfQu\u00e9 tr\u00e1mite o servicio buscas?&#8221;, escribe la palabra \u201c<strong>Refugio\u201d<\/strong> y haz click en la lupa .&nbsp;<\/li>\n<\/ul>\n\n\n\n<figure class=\"wp-block-image size-large is-resized\"><img loading=\"lazy\" decoding=\"async\" width=\"1024\" height=\"501\" src=\"https:\/\/help.unhcr.org\/ecuador\/wp-content\/uploads\/sites\/34\/2026\/04\/image-6-1024x501.png\" alt=\"\" class=\"wp-image-6128\" style=\"width:681px;height:auto\" srcset=\"https:\/\/help.unhcr.org\/ecuador\/wp-content\/uploads\/sites\/34\/2026\/04\/image-6-1024x501.png 1024w, https:\/\/help.unhcr.org\/ecuador\/wp-content\/uploads\/sites\/34\/2026\/04\/image-6-300x147.png 300w, https:\/\/help.unhcr.org\/ecuador\/wp-content\/uploads\/sites\/34\/2026\/04\/image-6-768x376.png 768w, https:\/\/help.unhcr.org\/ecuador\/wp-content\/uploads\/sites\/34\/2026\/04\/image-6.png 1356w\" sizes=\"auto, (max-width: 1024px) 100vw, 1024px\" \/><\/figure>\n\n\n\n<ul class=\"wp-block-list\">\n<li>Busca entre las opciones que aparecen el texto que diga \u201c<strong>Determinaci\u00f3n de la condici\u00f3n de Refugiado o Ap\u00e1trida\u201d<\/strong>; haz click y sigue las instrucciones. <\/li>\n<\/ul>\n\n\n\n<figure class=\"wp-block-image size-large\"><img loading=\"lazy\" decoding=\"async\" width=\"1024\" height=\"390\" src=\"https:\/\/help.unhcr.org\/ecuador\/wp-content\/uploads\/sites\/34\/2026\/04\/image-7-1024x390.png\" alt=\"\" class=\"wp-image-6134\" srcset=\"https:\/\/help.unhcr.org\/ecuador\/wp-content\/uploads\/sites\/34\/2026\/04\/image-7-1024x390.png 1024w, https:\/\/help.unhcr.org\/ecuador\/wp-content\/uploads\/sites\/34\/2026\/04\/image-7-300x114.png 300w, https:\/\/help.unhcr.org\/ecuador\/wp-content\/uploads\/sites\/34\/2026\/04\/image-7-768x292.png 768w, https:\/\/help.unhcr.org\/ecuador\/wp-content\/uploads\/sites\/34\/2026\/04\/image-7.png 1414w\" sizes=\"auto, (max-width: 1024px) 100vw, 1024px\" \/><\/figure>\n\n\n\n<ul class=\"wp-block-list\">\n<li>Se abrir\u00e1 una p\u00e1gina con informaci\u00f3n general del proceso, haz click en el bot\u00f3n que dice \u201c<strong>Ir al tr\u00e1mite en l\u00ednea\u201d<\/strong>.&nbsp;<\/li>\n<\/ul>\n\n\n\n<figure class=\"wp-block-image size-full\"><img loading=\"lazy\" decoding=\"async\" width=\"542\" height=\"283\" src=\"https:\/\/help.unhcr.org\/ecuador\/wp-content\/uploads\/sites\/34\/2026\/04\/image-3.png\" alt=\"\" class=\"wp-image-6081\" srcset=\"https:\/\/help.unhcr.org\/ecuador\/wp-content\/uploads\/sites\/34\/2026\/04\/image-3.png 542w, https:\/\/help.unhcr.org\/ecuador\/wp-content\/uploads\/sites\/34\/2026\/04\/image-3-300x157.png 300w\" sizes=\"auto, (max-width: 542px) 100vw, 542px\" \/><\/figure>\n\n\n\n<ul class=\"wp-block-list\">\n<li>En la p\u00e1gina del tr\u00e1mite en l\u00ednea, completa la informaci\u00f3n de datos personales con tus datos, incluyendo, tipo de identificaci\u00f3n, n\u00famero de identificaci\u00f3n, correo electr\u00f3nico y tel\u00e9fono. Usa un correo electr\u00f3nico personal porque toda la informaci\u00f3n sobre tu tr\u00e1mite ser\u00e1 enviada a ese correo.&nbsp; <\/li>\n\n\n\n<li>Al terminar de llenar la informaci\u00f3n, presiona el bot\u00f3n <strong>\u201ccontinuar\u201d<\/strong>. <\/li>\n<\/ul>\n\n\n\n<figure class=\"wp-block-image size-large\"><img loading=\"lazy\" decoding=\"async\" width=\"954\" height=\"1024\" src=\"https:\/\/help.unhcr.org\/ecuador\/wp-content\/uploads\/sites\/34\/2026\/04\/image-5-954x1024.png\" alt=\"\" class=\"wp-image-6089\" srcset=\"https:\/\/help.unhcr.org\/ecuador\/wp-content\/uploads\/sites\/34\/2026\/04\/image-5-954x1024.png 954w, https:\/\/help.unhcr.org\/ecuador\/wp-content\/uploads\/sites\/34\/2026\/04\/image-5-280x300.png 280w, https:\/\/help.unhcr.org\/ecuador\/wp-content\/uploads\/sites\/34\/2026\/04\/image-5-768x824.png 768w, https:\/\/help.unhcr.org\/ecuador\/wp-content\/uploads\/sites\/34\/2026\/04\/image-5.png 957w\" sizes=\"auto, (max-width: 954px) 100vw, 954px\" \/><\/figure>\n\n\n\n<ul class=\"wp-block-list\">\n<li>Aparecer\u00e1 una pantalla en la que te pedir\u00e1n el <strong>c\u00f3digo de confirmaci\u00f3n<\/strong>. Aquel c\u00f3digo te llegar\u00e1 a tu correo electr\u00f3nico, para conocerlo, ingresa a la bandeja de entrada de tu correo electr\u00f3nico y busca el correo que te lleg\u00f3 ese momento con el asunto \u201c<strong>C\u00f3digo de confirmaci\u00f3n\u201d<\/strong> All\u00ed encuentras el c\u00f3digo, que debes ingresar.<\/li>\n\n\n\n<li>Presiona<strong> \u201ccontinuar\u201d. Ahora que has confirmado que tienes acceso a tu correo electr\u00f3nico, puedes <\/strong>seguir llenando tu solicitud de refugio o apatridia.&nbsp;&nbsp;<\/li>\n<\/ul>\n\n\n\n<ul class=\"wp-block-list\">\n<li>Una vez completes el tr\u00e1mite, te llegar\u00e1 al correo un respaldo de tu solicitud. Mant\u00e9n una copia contigo, como respaldo.&nbsp;&nbsp;<\/li>\n<\/ul>\n\n\n\n<ul class=\"wp-block-list\">\n<li>Recuerda revisar tu correo electr\u00f3nico a diario para recibir informaci\u00f3n sobre tu proceso.&nbsp;&nbsp;<\/li>\n<\/ul>\n\n\n\n<p>Si tienes dudas sobre el proceso para solicitar la condici\u00f3n de refugiado, o deseas recibir orientaci\u00f3n legal o acompa\u00f1amiento, comun\u00edcate con <a href=\"https:\/\/help.unhcr.org\/ecuador\/bienvenido-a\/donde-encontrar-ayuda\/contactos-de-organizaciones\/\" data-type=\"page\" data-id=\"1382\">ACNUR<\/a>, <a href=\"https:\/\/www.defensoria.gob.ec\/?page_id=22769\" data-type=\"link\" data-id=\"https:\/\/www.defensoria.gob.ec\/?page_id=22769\">Defensor\u00eda P\u00fablica<\/a>. &nbsp;&nbsp;<\/p>\n\n\n\n<p><\/p>\n","protected":false},"excerpt":{"rendered":"<p>Ten presente: Para solicitar la condici\u00f3n de refugiado tienes que estar f\u00edsicamente en Ecuador y debes presentar la solicitud lo m\u00e1s pronto posible desde que ingresaste al pa\u00eds; si no lo haces, el gobierno ecuatoriano te pedir\u00e1 justificar por qu\u00e9 no iniciaste tu tr\u00e1mite oportunamente. Es obligatorio que tengas un correo electr\u00f3nico actualizado porque es [&hellip;]<\/p>\n","protected":false},"author":1,"featured_media":0,"parent":802,"menu_order":2,"comment_status":"closed","ping_status":"closed","template":"page-templates\/listing_page.php","meta":{"_acf_changed":false,"footnotes":""},"class_list":["post-95","page","type-page","status-publish","hentry"],"acf":[],"_links":{"self":[{"href":"https:\/\/help.unhcr.org\/ecuador\/wp-json\/wp\/v2\/pages\/95","targetHints":{"allow":["GET"]}}],"collection":[{"href":"https:\/\/help.unhcr.org\/ecuador\/wp-json\/wp\/v2\/pages"}],"about":[{"href":"https:\/\/help.unhcr.org\/ecuador\/wp-json\/wp\/v2\/types\/page"}],"author":[{"embeddable":true,"href":"https:\/\/help.unhcr.org\/ecuador\/wp-json\/wp\/v2\/users\/1"}],"replies":[{"embeddable":true,"href":"https:\/\/help.unhcr.org\/ecuador\/wp-json\/wp\/v2\/comments?post=95"}],"version-history":[{"count":41,"href":"https:\/\/help.unhcr.org\/ecuador\/wp-json\/wp\/v2\/pages\/95\/revisions"}],"predecessor-version":[{"id":6138,"href":"https:\/\/help.unhcr.org\/ecuador\/wp-json\/wp\/v2\/pages\/95\/revisions\/6138"}],"up":[{"embeddable":true,"href":"https:\/\/help.unhcr.org\/ecuador\/wp-json\/wp\/v2\/pages\/802"}],"wp:attachment":[{"href":"https:\/\/help.unhcr.org\/ecuador\/wp-json\/wp\/v2\/media?parent=95"}],"curies":[{"name":"wp","href":"https:\/\/api.w.org\/{rel}","templated":true}]}}