{"id":876,"date":"2020-06-04T04:02:08","date_gmt":"2020-06-04T04:02:08","guid":{"rendered":"http:\/\/help.unhcr.org\/ecuador\/?page_id=876"},"modified":"2025-12-14T21:27:00","modified_gmt":"2025-12-14T21:27:00","slug":"violencia-de-genero-explotacion-y-abuso-sexual","status":"publish","type":"page","link":"https:\/\/help.unhcr.org\/ecuador\/bienvenido-a\/violencia-de-genero-explotacion-y-abuso-sexual\/","title":{"rendered":"Violencia contra la mujer"},"content":{"rendered":"\n<p>Si est\u00e1s viviendo una situaci\u00f3n de violencia, \u00a1alerta a las autoridades! Puedes:<\/p>\n\n\n\n<ul class=\"wp-block-list\">\n<li>Llamar al 911<\/li>\n\n\n\n<li>Llamar a 1800DELITO Opci\u00f3n 4<\/li>\n<\/ul>\n\n\n\n<p>Si quieres acceder a m\u00e1s informaci\u00f3n, puedes ingresar en este enlace: <a href=\"https:\/\/help.unhcr.org\/ecuador\/insumos-vbg\/\">Recursos de violencia de g\u00e9nero<\/a><\/p>\n\n\n\n<p>Para m\u00e1s informaci\u00f3n por favor ingresa a los cuadrados de abajo de acuerdo a la informaci\u00f3n que necesites. <\/p>\n","protected":false},"excerpt":{"rendered":"<p>Si est\u00e1s viviendo una situaci\u00f3n de violencia, \u00a1alerta a las autoridades! Puedes: Si quieres acceder a m\u00e1s informaci\u00f3n, puedes ingresar en este enlace: Recursos de violencia de g\u00e9nero Para m\u00e1s informaci\u00f3n por favor ingresa a los cuadrados de abajo de acuerdo a la informaci\u00f3n que necesites.<\/p>\n","protected":false},"author":35,"featured_media":0,"parent":65,"menu_order":10,"comment_status":"closed","ping_status":"closed","template":"page-templates\/listing_page.php","meta":{"_acf_changed":false,"footnotes":""},"class_list":["post-876","page","type-page","status-publish","hentry"],"acf":[],"_links":{"self":[{"href":"https:\/\/help.unhcr.org\/ecuador\/wp-json\/wp\/v2\/pages\/876","targetHints":{"allow":["GET"]}}],"collection":[{"href":"https:\/\/help.unhcr.org\/ecuador\/wp-json\/wp\/v2\/pages"}],"about":[{"href":"https:\/\/help.unhcr.org\/ecuador\/wp-json\/wp\/v2\/types\/page"}],"author":[{"embeddable":true,"href":"https:\/\/help.unhcr.org\/ecuador\/wp-json\/wp\/v2\/users\/35"}],"replies":[{"embeddable":true,"href":"https:\/\/help.unhcr.org\/ecuador\/wp-json\/wp\/v2\/comments?post=876"}],"version-history":[{"count":33,"href":"https:\/\/help.unhcr.org\/ecuador\/wp-json\/wp\/v2\/pages\/876\/revisions"}],"predecessor-version":[{"id":5841,"href":"https:\/\/help.unhcr.org\/ecuador\/wp-json\/wp\/v2\/pages\/876\/revisions\/5841"}],"up":[{"embeddable":true,"href":"https:\/\/help.unhcr.org\/ecuador\/wp-json\/wp\/v2\/pages\/65"}],"wp:attachment":[{"href":"https:\/\/help.unhcr.org\/ecuador\/wp-json\/wp\/v2\/media?parent=876"}],"curies":[{"name":"wp","href":"https:\/\/api.w.org\/{rel}","templated":true}]}}